{"id":97,"date":"2019-06-05T17:35:45","date_gmt":"2019-06-05T15:35:45","guid":{"rendered":"https:\/\/ent2d.ac-bordeaux.fr\/disciplines\/enseignement-scientifique\/?page_id=97"},"modified":"2019-06-05T19:35:40","modified_gmt":"2019-06-05T17:35:40","slug":"atelier-1b-age-de-la-terre","status":"publish","type":"page","link":"https:\/\/ent2d.ac-bordeaux.fr\/disciplines\/enseignement-scientifique\/enseigner\/premiere\/pnf-enseignement-scientifique-15-et-16-mai-2019\/ateliers-et-ressources-associees\/atelier-1b-age-de-la-terre\/","title":{"rendered":"Atelier 1b : Age de la Terre"},"content":{"rendered":"\n<p class=\"has-background has-very-light-gray-background-color\">Anim\u00e9 par :&nbsp;<\/p>\n\n\n\n<ul class=\"wp-block-list\"><li><strong>Hubert Krivine &nbsp;&nbsp;&nbsp;&nbsp;&nbsp;&nbsp;&nbsp;&nbsp;&nbsp;&nbsp;&nbsp;&nbsp;<\/strong>EC honoraire physique, Paris<\/li><li><strong>R\u00e9nald Estavoyer&nbsp;&nbsp;&nbsp;&nbsp;&nbsp;&nbsp;&nbsp;&nbsp;<\/strong>Formateur acad\u00e9mique de SVT \u2013 acad\u00e9mie de Cr\u00e9teil<\/li><\/ul>\n\n\n\n<p class=\"has-background has-very-light-gray-background-color\">Documents :<\/p>\n\n\n\n<div class=\"wp-block-file\"><a href=\"https:\/\/ent2d.ac-bordeaux.fr\/disciplines\/enseignement-scientifique\/wp-content\/uploads\/sites\/67\/2019\/06\/Histoire-de-l_a\u0302ge-de-la-Terre-Hubert-Krivine.pdf\">Support pr\u00e9sentation &#8220;Histoire de l&#8217;a\u0302ge de la Terre&#8221; Hubert Krivine<\/a><a href=\"https:\/\/ent2d.ac-bordeaux.fr\/disciplines\/enseignement-scientifique\/wp-content\/uploads\/sites\/67\/2019\/06\/Histoire-de-l_a\u0302ge-de-la-Terre-Hubert-Krivine.pdf\" class=\"wp-block-file__button\" download>T\u00e9l\u00e9charger<\/a><\/div>\n\n\n\n<div class=\"wp-block-file\"><a href=\"https:\/\/ent2d.ac-bordeaux.fr\/disciplines\/enseignement-scientifique\/wp-content\/uploads\/sites\/67\/2019\/06\/PRESEN_1.pdf\">Histoire des sciences et Nature de la science : aspect didactique, ressources pistes p\u00e9dagogiques<\/a><a href=\"https:\/\/ent2d.ac-bordeaux.fr\/disciplines\/enseignement-scientifique\/wp-content\/uploads\/sites\/67\/2019\/06\/PRESEN_1.pdf\" class=\"wp-block-file__button\" download>T\u00e9l\u00e9charger<\/a><\/div>\n\n\n\n<div class=\"wp-block-file\"><a href=\"https:\/\/ent2d.ac-bordeaux.fr\/disciplines\/enseignement-scientifique\/wp-content\/uploads\/sites\/67\/2019\/06\/Histoire-des-Sciences-et-NOS-autour-de-l_a\u0302ge-de-la-Terre-dans-le-programme-d_ES.docx\">Histoire des sciences et Nature de la science dans le programme d&#8217;enseignement scientifique<\/a><a href=\"https:\/\/ent2d.ac-bordeaux.fr\/disciplines\/enseignement-scientifique\/wp-content\/uploads\/sites\/67\/2019\/06\/Histoire-des-Sciences-et-NOS-autour-de-l_a\u0302ge-de-la-Terre-dans-le-programme-d_ES.docx\" class=\"wp-block-file__button\" download>T\u00e9l\u00e9charger<\/a><\/div>\n\n\n\n<div class=\"wp-block-file\"><a href=\"https:\/\/ent2d.ac-bordeaux.fr\/disciplines\/enseignement-scientifique\/wp-content\/uploads\/sites\/67\/2019\/06\/Histoire-des-Sciences-et-NOS-autour-de-l_a\u0302ge-de-la-Terre-dans-le-programme-d_ES.pdf\">Histoire des sciences et Nature de la science dans le programme d&#8217;enseignement scientifique<\/a><a href=\"https:\/\/ent2d.ac-bordeaux.fr\/disciplines\/enseignement-scientifique\/wp-content\/uploads\/sites\/67\/2019\/06\/Histoire-des-Sciences-et-NOS-autour-de-l_a\u0302ge-de-la-Terre-dans-le-programme-d_ES.pdf\" class=\"wp-block-file__button\" download>T\u00e9l\u00e9charger<\/a><\/div>\n\n\n\n<p class=\"has-background has-very-light-gray-background-color\">Cet atelier comprendra deux temps&nbsp;: une mise au point relative \u00e0 l\u2019\u00e9volution des id\u00e9es concernant l\u2019\u00e2ge de la Terre au cours de l\u2019histoire des sciences puis un travail sur des ressources pour la formation des enseignants.<\/p>\n\n\n\n<p><strong>Le premier temps de l\u2019atelier<\/strong>&nbsp;permettra de comprendre que l\u2019\u00e9tude de l&#8217;histoire de la d\u00e9termination de l&#8217;\u00e2ge de la Terre a un double int\u00e9r\u00eat.<\/p>\n\n\n\n<p>1) Une application de la m\u00e9thode scientifique. S&#8217;appuyant sur la Gen\u00e8se, (presque tous) les savants de la Renaissance dataient la Terre d\u2019environ 4000 ans. Ils \u00e9taient &#8220;cr\u00e9ationnistes&#8221;. Mais d\u00e8s qu&#8217;on a voulu en chercher des preuves, on a d\u00fb passer de 4000 ans \u00e0 70000 ans (Buffon), 40 millions (Lord Kelvin), puis 4,5 milliards (date actuelle). Les pol\u00e9miques montrent comment les r\u00e9sultats, parce qu&#8217;ils sont scientifiques, donc discutables ont pu \u00e9voluer.&nbsp; Cette date semble maintenant fix\u00e9e (\u00e0 moins de supposer que les p\u00e9riodes des \u00e9l\u00e9ments radioactifs aient vari\u00e9).&nbsp;<\/p>\n\n\n\n<p>2) Le r\u00e9sultat n&#8217;est pas qu&#8217;un chiffre plus pr\u00e9cis qui ne regarderait que les physiciens. Lui seul rend possible l&#8217;explication (darwinienne) de la complexit\u00e9 fantastique du vivant, sans r\u00e9f\u00e9rence au merveilleux.\u00a0 \u00a0<\/p>\n\n\n\n<p><strong>Dans un second temps<\/strong>, seront propos\u00e9s et mis au d\u00e9bat des ressources historiques, p\u00e9dagogiques et didactiques ainsi que des \u00e9l\u00e9ments de r\u00e9flexion pour la formation autour de l\u2019histoire de l\u2019\u00e2ge de la Terre. Comprendre la nature du savoir scientifique et ses m\u00e9thodes d\u2019\u00e9laboration fait partie int\u00e9grante de la culture scientifique dont tout citoyen doit disposer. L\u2019histoire des sciences \u201craconte une aventure de l\u2019esprit humain, lanc\u00e9 dans une exploration du monde\u201d et d\u00e9voile certains aspects de l\u2019activit\u00e9 scientifique : c\u2019est donc un levier d\u2019apprentissage qui permet de comprendre la nature du savoir scientifique et ses m\u00e9thodes d\u2019\u00e9laboration.<br><\/p>\n","protected":false},"excerpt":{"rendered":"<p>Anim\u00e9 par :&nbsp; Hubert Krivine &nbsp;&nbsp;&nbsp;&nbsp;&nbsp;&nbsp;&nbsp;&nbsp;&nbsp;&nbsp;&nbsp;&nbsp;EC honoraire physique, Paris R\u00e9nald Estavoyer&nbsp;&nbsp;&nbsp;&nbsp;&nbsp;&nbsp;&nbsp;&nbsp;Formateur acad\u00e9mique de SVT \u2013 acad\u00e9mie de Cr\u00e9teil Documents : Cet atelier comprendra deux temps&nbsp;: une mise au point relative \u00e0 l\u2019\u00e9volution des id\u00e9es concernant l\u2019\u00e2ge de la Terre au cours de l\u2019histoire des sciences puis un travail sur des ressources pour la formation des &hellip; <\/p>\n<p><a class=\"more-link btn\" href=\"https:\/\/ent2d.ac-bordeaux.fr\/disciplines\/enseignement-scientifique\/enseigner\/premiere\/pnf-enseignement-scientifique-15-et-16-mai-2019\/ateliers-et-ressources-associees\/atelier-1b-age-de-la-terre\/\">Lire la suite<\/a><\/p>\n","protected":false},"author":8,"featured_media":0,"parent":75,"menu_order":0,"comment_status":"closed","ping_status":"closed","template":"","meta":{"footnotes":""},"class_list":["post-97","page","type-page","status-publish","hentry","nodate","item-wrap"],"_links":{"self":[{"href":"https:\/\/ent2d.ac-bordeaux.fr\/disciplines\/enseignement-scientifique\/wp-json\/wp\/v2\/pages\/97","targetHints":{"allow":["GET"]}}],"collection":[{"href":"https:\/\/ent2d.ac-bordeaux.fr\/disciplines\/enseignement-scientifique\/wp-json\/wp\/v2\/pages"}],"about":[{"href":"https:\/\/ent2d.ac-bordeaux.fr\/disciplines\/enseignement-scientifique\/wp-json\/wp\/v2\/types\/page"}],"author":[{"embeddable":true,"href":"https:\/\/ent2d.ac-bordeaux.fr\/disciplines\/enseignement-scientifique\/wp-json\/wp\/v2\/users\/8"}],"replies":[{"embeddable":true,"href":"https:\/\/ent2d.ac-bordeaux.fr\/disciplines\/enseignement-scientifique\/wp-json\/wp\/v2\/comments?post=97"}],"version-history":[{"count":3,"href":"https:\/\/ent2d.ac-bordeaux.fr\/disciplines\/enseignement-scientifique\/wp-json\/wp\/v2\/pages\/97\/revisions"}],"predecessor-version":[{"id":180,"href":"https:\/\/ent2d.ac-bordeaux.fr\/disciplines\/enseignement-scientifique\/wp-json\/wp\/v2\/pages\/97\/revisions\/180"}],"up":[{"embeddable":true,"href":"https:\/\/ent2d.ac-bordeaux.fr\/disciplines\/enseignement-scientifique\/wp-json\/wp\/v2\/pages\/75"}],"wp:attachment":[{"href":"https:\/\/ent2d.ac-bordeaux.fr\/disciplines\/enseignement-scientifique\/wp-json\/wp\/v2\/media?parent=97"}],"curies":[{"name":"wp","href":"https:\/\/api.w.org\/{rel}","templated":true}]}}