{"id":94,"date":"2019-06-05T17:33:26","date_gmt":"2019-06-05T15:33:26","guid":{"rendered":"https:\/\/ent2d.ac-bordeaux.fr\/disciplines\/enseignement-scientifique\/?page_id=94"},"modified":"2019-06-05T19:37:35","modified_gmt":"2019-06-05T17:37:35","slug":"atelier-1a-une-longue-histoire-de-la-matiere","status":"publish","type":"page","link":"https:\/\/ent2d.ac-bordeaux.fr\/disciplines\/enseignement-scientifique\/enseigner\/premiere\/pnf-enseignement-scientifique-15-et-16-mai-2019\/ateliers-et-ressources-associees\/atelier-1a-une-longue-histoire-de-la-matiere\/","title":{"rendered":"Atelier 1a : Une longue histoire de la mati\u00e8re"},"content":{"rendered":"\n<p class=\"has-background has-very-light-gray-background-color\">Anim\u00e9 par :<\/p>\n\n\n\n<ul class=\"wp-block-list\"><li><strong>Ludovic Legry<\/strong>&nbsp;(IA-IPR math\u00e9matiques, Amiens)<br><\/li><li><strong>Delphine Pailler<\/strong>&nbsp;(IA-IPR PC Clermont-Ferrand)<\/li><\/ul>\n\n\n\n<p>L&#8217;atelier commence par une rapide pr\u00e9sentation des enjeux de la fonction exponentielle et de la d\u00e9croissance radioactive. Il s&#8217;agit de montrer les points de vigilance pour approcher ces deux notions de mani\u00e8re scientifiquement&nbsp;rigoureuse, mais sans aller dans des d\u00e9veloppements th\u00e9oriques qui d\u00e9passeraient les objectifs du programme. Les participants seront ensuite amen\u00e9s \u00e0 r\u00e9fl\u00e9chir \u00e0 la construction d\u2019une s\u00e9quence sur la th\u00e8me, sous forme d\u2019un&nbsp;atelier collaboratif.&nbsp;<\/p>\n\n\n\n<p class=\"has-background has-very-light-gray-background-color\">Documents :<\/p>\n\n\n\n<div class=\"wp-block-file\"><a href=\"https:\/\/ent2d.ac-bordeaux.fr\/disciplines\/enseignement-scientifique\/wp-content\/uploads\/sites\/67\/2019\/06\/Support-de-pre\u0301sentation-de-latelier-1.pdf\">Support de pre\u0301sentation de l&#8217;atelier<\/a><a href=\"https:\/\/ent2d.ac-bordeaux.fr\/disciplines\/enseignement-scientifique\/wp-content\/uploads\/sites\/67\/2019\/06\/Support-de-pre\u0301sentation-de-latelier-1.pdf\" class=\"wp-block-file__button\" download>T\u00e9l\u00e9charger<\/a><\/div>\n\n\n\n<p>Fichier G\u00e9og\u00e9bra<\/p>\n\n\n\n<div class=\"wp-block-file\"><a href=\"https:\/\/ent2d.ac-bordeaux.fr\/disciplines\/enseignement-scientifique\/wp-content\/uploads\/sites\/67\/2019\/06\/Pre\u0301sentation-de-latelier-et-liens-utiles-1.pptx\">Pre\u0301sentation de l&#8217;atelier et liens utiles<\/a><a href=\"https:\/\/ent2d.ac-bordeaux.fr\/disciplines\/enseignement-scientifique\/wp-content\/uploads\/sites\/67\/2019\/06\/Pre\u0301sentation-de-latelier-et-liens-utiles-1.pptx\" class=\"wp-block-file__button\" download>T\u00e9l\u00e9charger<\/a><\/div>\n\n\n\n<div class=\"wp-block-file\"><a href=\"https:\/\/ent2d.ac-bordeaux.fr\/disciplines\/enseignement-scientifique\/wp-content\/uploads\/sites\/67\/2019\/06\/La-demi-vie-en-radioactivite\u0301-un-outil-pour-re\u0301soudre-des-proble\u0300mes.pdf\">La demi-vie en radioactivite\u0301 un outil pour re\u0301soudre des proble\u0300mes<\/a><a href=\"https:\/\/ent2d.ac-bordeaux.fr\/disciplines\/enseignement-scientifique\/wp-content\/uploads\/sites\/67\/2019\/06\/La-demi-vie-en-radioactivite\u0301-un-outil-pour-re\u0301soudre-des-proble\u0300mes.pdf\" class=\"wp-block-file__button\" download>T\u00e9l\u00e9charger<\/a><\/div>\n\n\n\n<div class=\"wp-block-file\"><a href=\"https:\/\/ent2d.ac-bordeaux.fr\/disciplines\/enseignement-scientifique\/wp-content\/uploads\/sites\/67\/2019\/06\/Simulateur-de-la-de\u0301sinte\u0301gration-radioactive-1.xlsx\">Simulateur de la de\u0301sinte\u0301gration radioactive<\/a><a href=\"https:\/\/ent2d.ac-bordeaux.fr\/disciplines\/enseignement-scientifique\/wp-content\/uploads\/sites\/67\/2019\/06\/Simulateur-de-la-de\u0301sinte\u0301gration-radioactive-1.xlsx\" class=\"wp-block-file__button\" download>T\u00e9l\u00e9charger<\/a><\/div>\n\n\n\n<p>Notebook Python<\/p>\n","protected":false},"excerpt":{"rendered":"<p>Anim\u00e9 par : Ludovic Legry&nbsp;(IA-IPR math\u00e9matiques, Amiens) Delphine Pailler&nbsp;(IA-IPR PC Clermont-Ferrand) L&#8217;atelier commence par une rapide pr\u00e9sentation des enjeux de la fonction exponentielle et de la d\u00e9croissance radioactive. Il s&#8217;agit de montrer les points de vigilance pour approcher ces deux notions de mani\u00e8re scientifiquement&nbsp;rigoureuse, mais sans aller dans des d\u00e9veloppements th\u00e9oriques qui d\u00e9passeraient les objectifs &hellip; <\/p>\n<p><a class=\"more-link btn\" href=\"https:\/\/ent2d.ac-bordeaux.fr\/disciplines\/enseignement-scientifique\/enseigner\/premiere\/pnf-enseignement-scientifique-15-et-16-mai-2019\/ateliers-et-ressources-associees\/atelier-1a-une-longue-histoire-de-la-matiere\/\">Lire la suite<\/a><\/p>\n","protected":false},"author":8,"featured_media":0,"parent":75,"menu_order":0,"comment_status":"closed","ping_status":"closed","template":"","meta":{"footnotes":""},"class_list":["post-94","page","type-page","status-publish","hentry","nodate","item-wrap"],"_links":{"self":[{"href":"https:\/\/ent2d.ac-bordeaux.fr\/disciplines\/enseignement-scientifique\/wp-json\/wp\/v2\/pages\/94","targetHints":{"allow":["GET"]}}],"collection":[{"href":"https:\/\/ent2d.ac-bordeaux.fr\/disciplines\/enseignement-scientifique\/wp-json\/wp\/v2\/pages"}],"about":[{"href":"https:\/\/ent2d.ac-bordeaux.fr\/disciplines\/enseignement-scientifique\/wp-json\/wp\/v2\/types\/page"}],"author":[{"embeddable":true,"href":"https:\/\/ent2d.ac-bordeaux.fr\/disciplines\/enseignement-scientifique\/wp-json\/wp\/v2\/users\/8"}],"replies":[{"embeddable":true,"href":"https:\/\/ent2d.ac-bordeaux.fr\/disciplines\/enseignement-scientifique\/wp-json\/wp\/v2\/comments?post=94"}],"version-history":[{"count":2,"href":"https:\/\/ent2d.ac-bordeaux.fr\/disciplines\/enseignement-scientifique\/wp-json\/wp\/v2\/pages\/94\/revisions"}],"predecessor-version":[{"id":181,"href":"https:\/\/ent2d.ac-bordeaux.fr\/disciplines\/enseignement-scientifique\/wp-json\/wp\/v2\/pages\/94\/revisions\/181"}],"up":[{"embeddable":true,"href":"https:\/\/ent2d.ac-bordeaux.fr\/disciplines\/enseignement-scientifique\/wp-json\/wp\/v2\/pages\/75"}],"wp:attachment":[{"href":"https:\/\/ent2d.ac-bordeaux.fr\/disciplines\/enseignement-scientifique\/wp-json\/wp\/v2\/media?parent=94"}],"curies":[{"name":"wp","href":"https:\/\/api.w.org\/{rel}","templated":true}]}}