{"id":822,"date":"2025-11-01T16:53:30","date_gmt":"2025-11-01T15:53:30","guid":{"rendered":"https:\/\/ent2d.ac-bordeaux.fr\/disciplines\/enseignement-scientifique\/?page_id=822"},"modified":"2025-11-02T19:04:58","modified_gmt":"2025-11-02T18:04:58","slug":"ressources-daccompagnement-academique","status":"publish","type":"page","link":"https:\/\/ent2d.ac-bordeaux.fr\/disciplines\/enseignement-scientifique\/ressources-daccompagnement-academique\/","title":{"rendered":"Ressources d&#8217;accompagnement acad\u00e9mique"},"content":{"rendered":"\n<p><a href=\"https:\/\/ent2d.ac-bordeaux.fr\/disciplines\/enseignement-scientifique\/?page_id=772\">Une approche originale de l&#8217;\u00e9tude des cristaux : la lithoth\u00e9rapie<\/a><\/p>\n\n\n\n<p><a href=\"https:\/\/ent2d.ac-bordeaux.fr\/disciplines\/enseignement-scientifique\/debat-tous-vegetariens-en-2050\/\">D\u00e9bat : Tous v\u00e9g\u00e9tariens en 2050 ?<\/a><\/p>\n","protected":false},"excerpt":{"rendered":"<p>Une approche originale de l&#8217;\u00e9tude des cristaux : la lithoth\u00e9rapie D\u00e9bat : Tous v\u00e9g\u00e9tariens en 2050 ?<\/p>\n","protected":false},"author":1614,"featured_media":0,"parent":0,"menu_order":0,"comment_status":"closed","ping_status":"closed","template":"","meta":{"footnotes":""},"class_list":["post-822","page","type-page","status-publish","hentry","nodate","item-wrap"],"_links":{"self":[{"href":"https:\/\/ent2d.ac-bordeaux.fr\/disciplines\/enseignement-scientifique\/wp-json\/wp\/v2\/pages\/822","targetHints":{"allow":["GET"]}}],"collection":[{"href":"https:\/\/ent2d.ac-bordeaux.fr\/disciplines\/enseignement-scientifique\/wp-json\/wp\/v2\/pages"}],"about":[{"href":"https:\/\/ent2d.ac-bordeaux.fr\/disciplines\/enseignement-scientifique\/wp-json\/wp\/v2\/types\/page"}],"author":[{"embeddable":true,"href":"https:\/\/ent2d.ac-bordeaux.fr\/disciplines\/enseignement-scientifique\/wp-json\/wp\/v2\/users\/1614"}],"replies":[{"embeddable":true,"href":"https:\/\/ent2d.ac-bordeaux.fr\/disciplines\/enseignement-scientifique\/wp-json\/wp\/v2\/comments?post=822"}],"version-history":[{"count":2,"href":"https:\/\/ent2d.ac-bordeaux.fr\/disciplines\/enseignement-scientifique\/wp-json\/wp\/v2\/pages\/822\/revisions"}],"predecessor-version":[{"id":881,"href":"https:\/\/ent2d.ac-bordeaux.fr\/disciplines\/enseignement-scientifique\/wp-json\/wp\/v2\/pages\/822\/revisions\/881"}],"wp:attachment":[{"href":"https:\/\/ent2d.ac-bordeaux.fr\/disciplines\/enseignement-scientifique\/wp-json\/wp\/v2\/media?parent=822"}],"curies":[{"name":"wp","href":"https:\/\/api.w.org\/{rel}","templated":true}]}}