{"id":764,"date":"2024-10-06T18:11:39","date_gmt":"2024-10-06T16:11:39","guid":{"rendered":"https:\/\/ent2d.ac-bordeaux.fr\/disciplines\/enseignement-scientifique\/?page_id=764"},"modified":"2024-10-06T18:11:39","modified_gmt":"2024-10-06T16:11:39","slug":"former-aux-competences-du-livret-scolaire-du-lyceen-en-enseignement-scientifique","status":"publish","type":"page","link":"https:\/\/ent2d.ac-bordeaux.fr\/disciplines\/enseignement-scientifique\/former-aux-competences-du-livret-scolaire-du-lyceen-en-enseignement-scientifique\/","title":{"rendered":"Former aux comp\u00e9tences du Livret scolaire du lyc\u00e9en en enseignement scientifique"},"content":{"rendered":"\n<p>Mise en \u0153uvre de l&#8217;enseignement scientifique &#8211; <a href=\"https:\/\/ent2d.ac-bordeaux.fr\/disciplines\/enseignement-scientifique\/wp-content\/uploads\/sites\/67\/2024\/10\/Lettre-27-24-25.pdf\" target=\"_blank\" rel=\"noreferrer noopener\">Lettre des IA-IPR de Physique Chimie et de Sciences de la vie et de la Terre adress\u00e9e aux professeurs<\/a> (.pdf)<br><a href=\"https:\/\/ent2d.ac-bordeaux.fr\/disciplines\/enseignement-scientifique\/wp-content\/uploads\/sites\/67\/2024\/10\/evaluation-des-competences-en-enseignement-scien.docx\" target=\"_blank\" rel=\"noreferrer noopener\">Proposition de niveaux de ma\u00eetrise pour les 4 comp\u00e9tences du LSL<\/a> (.docx)<\/p>\n","protected":false},"excerpt":{"rendered":"<p>Mise en \u0153uvre de l&#8217;enseignement scientifique &#8211; Lettre des IA-IPR de Physique Chimie et de Sciences de la vie et de la Terre adress\u00e9e aux professeurs (.pdf)Proposition de niveaux de ma\u00eetrise pour les 4 comp\u00e9tences du LSL (.docx)<\/p>\n","protected":false},"author":1614,"featured_media":0,"parent":0,"menu_order":0,"comment_status":"closed","ping_status":"closed","template":"","meta":{"footnotes":""},"class_list":["post-764","page","type-page","status-publish","hentry","nodate","item-wrap"],"_links":{"self":[{"href":"https:\/\/ent2d.ac-bordeaux.fr\/disciplines\/enseignement-scientifique\/wp-json\/wp\/v2\/pages\/764","targetHints":{"allow":["GET"]}}],"collection":[{"href":"https:\/\/ent2d.ac-bordeaux.fr\/disciplines\/enseignement-scientifique\/wp-json\/wp\/v2\/pages"}],"about":[{"href":"https:\/\/ent2d.ac-bordeaux.fr\/disciplines\/enseignement-scientifique\/wp-json\/wp\/v2\/types\/page"}],"author":[{"embeddable":true,"href":"https:\/\/ent2d.ac-bordeaux.fr\/disciplines\/enseignement-scientifique\/wp-json\/wp\/v2\/users\/1614"}],"replies":[{"embeddable":true,"href":"https:\/\/ent2d.ac-bordeaux.fr\/disciplines\/enseignement-scientifique\/wp-json\/wp\/v2\/comments?post=764"}],"version-history":[{"count":2,"href":"https:\/\/ent2d.ac-bordeaux.fr\/disciplines\/enseignement-scientifique\/wp-json\/wp\/v2\/pages\/764\/revisions"}],"predecessor-version":[{"id":768,"href":"https:\/\/ent2d.ac-bordeaux.fr\/disciplines\/enseignement-scientifique\/wp-json\/wp\/v2\/pages\/764\/revisions\/768"}],"wp:attachment":[{"href":"https:\/\/ent2d.ac-bordeaux.fr\/disciplines\/enseignement-scientifique\/wp-json\/wp\/v2\/media?parent=764"}],"curies":[{"name":"wp","href":"https:\/\/api.w.org\/{rel}","templated":true}]}}