{"id":712,"date":"2023-12-06T15:08:31","date_gmt":"2023-12-06T14:08:31","guid":{"rendered":"https:\/\/ent2d.ac-bordeaux.fr\/disciplines\/enseignement-scientifique\/?page_id=712"},"modified":"2023-12-10T16:37:23","modified_gmt":"2023-12-10T15:37:23","slug":"des-projets-experimentaux-et-numeriques-produits-dans-lacademie-de-bordeaux","status":"publish","type":"page","link":"https:\/\/ent2d.ac-bordeaux.fr\/disciplines\/enseignement-scientifique\/le-projet-experimental-et-numerique-pen\/des-projets-experimentaux-et-numeriques-produits-dans-lacademie-de-bordeaux\/","title":{"rendered":"Des projets exp\u00e9rimentaux et num\u00e9riques produits dans l&#8217;acad\u00e9mie de Bordeaux"},"content":{"rendered":"\n<p>Sous la direction conjointe des inspections de Physique Chimie et de Sciences de la vie et de la Terre, un groupe de travail a produit diff\u00e9rents projets exp\u00e9rimentaux et num\u00e9riques susceptibles d&#8217;\u00eatre exploit\u00e9s en classe.<\/p>\n\n\n\n<p><\/p>\n\n\n\n<ul class=\"wp-block-list\">\n<li><a href=\"https:\/\/ent2d.ac-bordeaux.fr\/disciplines\/enseignement-scientifique\/2023\/12\/06\/capteur-de-force-et-reeducation-de-la-main\/\" target=\"_blank\" rel=\"noreferrer noopener\">Capteur de force et r\u00e9\u00e9ducation de la main<\/a><\/li>\n<\/ul>\n\n\n\n<ul class=\"wp-block-list\">\n<li><a href=\"https:\/\/ent2d.ac-bordeaux.fr\/disciplines\/enseignement-scientifique\/2023\/12\/10\/le-blob-a-t-il-une-memoire\/\" target=\"_blank\" rel=\"noreferrer noopener\">Le Blob a-t-il une m\u00e9moire ?<\/a><\/li>\n<\/ul>\n\n\n\n<ul class=\"wp-block-list\">\n<li><a href=\"https:\/\/ent2d.ac-bordeaux.fr\/disciplines\/enseignement-scientifique\/2023\/12\/10\/le-chant-des-oiseaux\/\" target=\"_blank\" rel=\"noreferrer noopener\">Le chant des oiseaux<\/a><\/li>\n<\/ul>\n\n\n\n<ul class=\"wp-block-list\">\n<li><a href=\"https:\/\/ent2d.ac-bordeaux.fr\/disciplines\/enseignement-scientifique\/2023\/12\/10\/la-vinification-par-la-levure-star-saccharomyces-cerevisiae\/\" target=\"_blank\" rel=\"noreferrer noopener\">La viification par la levure star <em>Saccharomyces cerevisi\u00e6<\/em><\/a><\/li>\n<\/ul>\n\n\n\n<ul class=\"wp-block-list\">\n<li><a href=\"https:\/\/ent2d.ac-bordeaux.fr\/disciplines\/enseignement-scientifique\/2023\/12\/10\/quand-la-banquise-aura-t-elle-totalement-disparu\/\" target=\"_blank\" rel=\"noreferrer noopener\">Quand la banquise aura-t-elle totalement disparu ?<\/a><\/li>\n<\/ul>\n","protected":false},"excerpt":{"rendered":"<p>Sous la direction conjointe des inspections de Physique Chimie et de Sciences de la vie et de la Terre, un groupe de travail a produit diff\u00e9rents projets exp\u00e9rimentaux et num\u00e9riques susceptibles d&#8217;\u00eatre exploit\u00e9s en classe.<\/p>\n","protected":false},"author":1614,"featured_media":0,"parent":601,"menu_order":0,"comment_status":"closed","ping_status":"closed","template":"","meta":{"footnotes":""},"class_list":["post-712","page","type-page","status-publish","hentry","nodate","item-wrap"],"_links":{"self":[{"href":"https:\/\/ent2d.ac-bordeaux.fr\/disciplines\/enseignement-scientifique\/wp-json\/wp\/v2\/pages\/712","targetHints":{"allow":["GET"]}}],"collection":[{"href":"https:\/\/ent2d.ac-bordeaux.fr\/disciplines\/enseignement-scientifique\/wp-json\/wp\/v2\/pages"}],"about":[{"href":"https:\/\/ent2d.ac-bordeaux.fr\/disciplines\/enseignement-scientifique\/wp-json\/wp\/v2\/types\/page"}],"author":[{"embeddable":true,"href":"https:\/\/ent2d.ac-bordeaux.fr\/disciplines\/enseignement-scientifique\/wp-json\/wp\/v2\/users\/1614"}],"replies":[{"embeddable":true,"href":"https:\/\/ent2d.ac-bordeaux.fr\/disciplines\/enseignement-scientifique\/wp-json\/wp\/v2\/comments?post=712"}],"version-history":[{"count":5,"href":"https:\/\/ent2d.ac-bordeaux.fr\/disciplines\/enseignement-scientifique\/wp-json\/wp\/v2\/pages\/712\/revisions"}],"predecessor-version":[{"id":751,"href":"https:\/\/ent2d.ac-bordeaux.fr\/disciplines\/enseignement-scientifique\/wp-json\/wp\/v2\/pages\/712\/revisions\/751"}],"up":[{"embeddable":true,"href":"https:\/\/ent2d.ac-bordeaux.fr\/disciplines\/enseignement-scientifique\/wp-json\/wp\/v2\/pages\/601"}],"wp:attachment":[{"href":"https:\/\/ent2d.ac-bordeaux.fr\/disciplines\/enseignement-scientifique\/wp-json\/wp\/v2\/media?parent=712"}],"curies":[{"name":"wp","href":"https:\/\/api.w.org\/{rel}","templated":true}]}}