{"id":63,"date":"2019-06-05T17:10:09","date_gmt":"2019-06-05T15:10:09","guid":{"rendered":"https:\/\/ent2d.ac-bordeaux.fr\/disciplines\/enseignement-scientifique\/?page_id=63"},"modified":"2019-06-18T18:20:19","modified_gmt":"2019-06-18T16:20:19","slug":"le-role-des-mathematiques-dans-la-validation-et-la-comprehension-de-modeles-venus-des-autres-sciences","status":"publish","type":"page","link":"https:\/\/ent2d.ac-bordeaux.fr\/disciplines\/enseignement-scientifique\/enseigner\/premiere\/pnf-enseignement-scientifique-15-et-16-mai-2019\/le-role-des-mathematiques-dans-la-validation-et-la-comprehension-de-modeles-venus-des-autres-sciences\/","title":{"rendered":"Le r\u00f4le des math\u00e9matiques dans la validation et la compr\u00e9hension de mod\u00e8les venus des autres sciences"},"content":{"rendered":"\n<p><strong>Isabelle Gallagher<\/strong>&nbsp;&nbsp;&nbsp;&nbsp;&nbsp;&nbsp;&nbsp;&nbsp;&nbsp;&nbsp;&nbsp;&nbsp;&nbsp;&nbsp;&nbsp;&nbsp;&nbsp;&nbsp; Professeure des universit\u00e9s, Universit\u00e9 Paris Diderot et \u00c9cole Normale Sup\u00e9rieure, D\u00e9partement de Math\u00e9matiques et Applications<\/p>\n\n\n\n<figure class=\"wp-block-video aligncenter\"><video controls preload=\"auto\" src=\"https:\/\/ent2d.ac-bordeaux.fr\/mediacad\/m\/17838\/d\/m\/e\/mp4\"><\/video><\/figure>\n\n\n\n<p><a href=\"https:\/\/ent2d.ac-bordeaux.fr\/disciplines\/enseignement-scientifique\/wp-content\/uploads\/sites\/67\/2019\/06\/PNF-Gallagher.pdf\">Support de pr\u00e9sentation<\/a><\/p>\n","protected":false},"excerpt":{"rendered":"<p>Isabelle Gallagher&nbsp;&nbsp;&nbsp;&nbsp;&nbsp;&nbsp;&nbsp;&nbsp;&nbsp;&nbsp;&nbsp;&nbsp;&nbsp;&nbsp;&nbsp;&nbsp;&nbsp;&nbsp; Professeure des universit\u00e9s, Universit\u00e9 Paris Diderot et \u00c9cole Normale Sup\u00e9rieure, D\u00e9partement de Math\u00e9matiques et Applications Support de pr\u00e9sentation<\/p>\n","protected":false},"author":8,"featured_media":0,"parent":40,"menu_order":5,"comment_status":"closed","ping_status":"closed","template":"","meta":{"footnotes":""},"class_list":["post-63","page","type-page","status-publish","hentry","nodate","item-wrap"],"_links":{"self":[{"href":"https:\/\/ent2d.ac-bordeaux.fr\/disciplines\/enseignement-scientifique\/wp-json\/wp\/v2\/pages\/63","targetHints":{"allow":["GET"]}}],"collection":[{"href":"https:\/\/ent2d.ac-bordeaux.fr\/disciplines\/enseignement-scientifique\/wp-json\/wp\/v2\/pages"}],"about":[{"href":"https:\/\/ent2d.ac-bordeaux.fr\/disciplines\/enseignement-scientifique\/wp-json\/wp\/v2\/types\/page"}],"author":[{"embeddable":true,"href":"https:\/\/ent2d.ac-bordeaux.fr\/disciplines\/enseignement-scientifique\/wp-json\/wp\/v2\/users\/8"}],"replies":[{"embeddable":true,"href":"https:\/\/ent2d.ac-bordeaux.fr\/disciplines\/enseignement-scientifique\/wp-json\/wp\/v2\/comments?post=63"}],"version-history":[{"count":4,"href":"https:\/\/ent2d.ac-bordeaux.fr\/disciplines\/enseignement-scientifique\/wp-json\/wp\/v2\/pages\/63\/revisions"}],"predecessor-version":[{"id":277,"href":"https:\/\/ent2d.ac-bordeaux.fr\/disciplines\/enseignement-scientifique\/wp-json\/wp\/v2\/pages\/63\/revisions\/277"}],"up":[{"embeddable":true,"href":"https:\/\/ent2d.ac-bordeaux.fr\/disciplines\/enseignement-scientifique\/wp-json\/wp\/v2\/pages\/40"}],"wp:attachment":[{"href":"https:\/\/ent2d.ac-bordeaux.fr\/disciplines\/enseignement-scientifique\/wp-json\/wp\/v2\/media?parent=63"}],"curies":[{"name":"wp","href":"https:\/\/api.w.org\/{rel}","templated":true}]}}