{"id":611,"date":"2021-09-25T16:43:35","date_gmt":"2021-09-25T14:43:35","guid":{"rendered":"https:\/\/ent2d.ac-bordeaux.fr\/disciplines\/enseignement-scientifique\/?page_id=611"},"modified":"2021-12-09T20:53:39","modified_gmt":"2021-12-09T19:53:39","slug":"la-place-des-smartphones-et-tablettes-dans-le-projet-experimental-et-numerique-pen","status":"publish","type":"page","link":"https:\/\/ent2d.ac-bordeaux.fr\/disciplines\/enseignement-scientifique\/la-place-des-smartphones-et-tablettes-dans-le-projet-experimental-et-numerique-pen\/","title":{"rendered":"La place des smartphones et tablettes dans le Projet exp\u00e9rimental et num\u00e9rique (PEN)"},"content":{"rendered":"\n<p class=\"has-text-align-center\"><em>Rappel&nbsp;: Si un certain nombre d\u2019\u00e9tablissements sont \u00e9quip\u00e9s en tablettes et peuvent travailler avec elles sans contrainte, les smartphones personnels des \u00e9l\u00e8ves ne peuvent en revanche qu\u2019\u00eatre utilis\u00e9s dans le respect de la <a href=\"https:\/\/www.cnil.fr\/fr\/rgpd-de-quoi-parle-t-on\">RGPD<\/a> et du cadre fix\u00e9 par la <a href=\"https:\/\/www.cnil.fr\/fr\/byod-quelles-sont-les-bonnes-pratiques\">charte BYOD (Bring Your Own Device)<\/a> valid\u00e9e par la direction de l\u2019\u00e9tablissement et sign\u00e9e par les responsables l\u00e9gaux des \u00e9l\u00e8ves.<\/em><\/p>\n\n\n\n<h2 class=\"wp-block-heading\" id=\"nat\"><span style=\"color:#9e63c5\" class=\"has-inline-color\">Les applis natives pr\u00e9sentes sur les \u00e9quipements mobiles<\/span><\/h2>\n\n\n\n<p class=\"has-text-align-center\"><em>Le capteur CCD et le microphone permettent l\u2019acquisition de photographies, de vid\u00e9os et de sons. Chaque syst\u00e8me d\u2019exploitation (Android et iOS) pr\u00e9install\u00e9 sur les smartphones et tablettes propose des applications d\u00e9di\u00e9es (appareil photo, magn\u00e9tophone). Les fichiers cr\u00e9\u00e9s peuvent \u00eatre facilement export\u00e9s (par c\u00e2ble USB, clef USB, mail, drive\u2026) puis trait\u00e9s secondairement par un logiciel install\u00e9 sur PC.<\/em><\/p>\n\n\n\n<figure class=\"wp-block-table\"><table><tbody><tr><td><strong>Logiciels de traitement<\/strong><\/td><td><a rel=\"noreferrer noopener\" href=\"https:\/\/www.pedagogie.ac-nice.fr\/svt\/?p=2460\" target=\"_blank\">Mesurim 2<\/a>&nbsp;: <a rel=\"noreferrer noopener\" href=\"https:\/\/www.pedagogie.ac-nice.fr\/svt\/productions\/mesurim2\/\" target=\"_blank\">version en ligne<\/a> \/ <a rel=\"noreferrer noopener\" href=\"https:\/\/cosphilog.fr\/mesurim2\/builds.htm\" target=\"_blank\">hors-ligne<\/a> \/ <a rel=\"noreferrer noopener\" href=\"https:\/\/play.google.com\/store\/apps\/details?id=fr.cosentino.actarusapps.mesurim2\" target=\"_blank\">mobile<\/a> (si compatible) D\u00e9nombrement, mesure de longueurs, de surfaces, d\u2019angles, de luminances\/absorbances, d\u2019alb\u00e9do, composantes colorim\u00e9triques.<br><a rel=\"noreferrer noopener\" href=\"https:\/\/www.audacityteam.org\/\" target=\"_blank\">Audacity<\/a><br><a href=\"http:\/\/Logiciels%20d\u2019\u00e9ditions%20vid\u00e9o\" target=\"_blank\" rel=\"noreferrer noopener\">Logiciels d\u2019\u00e9ditions vid\u00e9o<\/a><\/td><\/tr><tr><td><strong>Pistes d\u2019exploitation<\/strong><\/td><td>Projet exp\u00e9rimental et num\u00e9rique Le smartphone de Van Leeuwenhoek&nbsp;: <a href=\"https:\/\/view.genial.ly\/5ea6c2f4210b990d8311296e\" target=\"_blank\" rel=\"noreferrer noopener\">Un projet exp\u00e9rimental et num\u00e9rique propos\u00e9 aux \u00e9l\u00e8ves par les coll\u00e8gues du lyc\u00e9e fran\u00e7ais Lyautey de Casablanca<\/a> &nbsp;<\/td><\/tr><\/tbody><\/table><\/figure>\n\n\n\n<h2 class=\"wp-block-heading\"><span style=\"color:#9e63c5\" class=\"has-inline-color\">Les autres applis&#8230;<\/span><\/h2>\n\n\n\n<figure class=\"wp-block-table\"><table><tbody><tr><td class=\"has-text-align-center\" data-align=\"center\"><img loading=\"lazy\" decoding=\"async\" width=\"227\" height=\"222\" src=\"https:\/\/ent2d.ac-bordeaux.fr\/disciplines\/enseignement-scientifique\/wp-content\/uploads\/sites\/67\/2021\/09\/download.jpg\" class=\"wp-image-613\" style=\"width: 100px\" alt=\"\"><\/td><td class=\"has-text-align-left\" data-align=\"left\"><em>L\u2019application gratuite <strong>Phyphox<\/strong> permet d\u2019effectuer des mesures \u00e0 partir des diff\u00e9rents capteurs embarqu\u00e9s dans un smartphone ou une tablette (acc\u00e9l\u00e8rom\u00e8tre, gyroscope,&nbsp;GPS, capteur de lumi\u00e8re, magn\u00e9tom\u00e8tre, barom\u00e8tre, microphone), de les afficher et de les exporter au format excel ou csv pour pouvoir les traiter dans un tableur. Une fonction de l\u2019application permet de piloter l\u2019acquisition \u00e0 partir d\u2019ordinateurs situ\u00e9s sur le m\u00eame r\u00e9seau Wifi que le smartphone ou la tablette.<\/em><\/td><\/tr><tr><td class=\"has-text-align-center\" data-align=\"center\"><strong>Mesures possibles<\/strong><\/td><td class=\"has-text-align-left\" data-align=\"left\">&#8211; Acc\u00e9l\u00e9ration<br>&#8211; Vitesse angulaire<br>&#8211; Latitude, longitude, altitude<br>&#8211; \u00c9clairement lumineux<br>&#8211; Champ magn\u00e9tique<br>&#8211; Pression atmosph\u00e9rique<br>&#8211; Intensit\u00e9 sonore<br>&#8211; Spectre audio<br>&#8211; Spectrogramme<\/td><\/tr><tr><td class=\"has-text-align-center\" data-align=\"center\"><strong>T\u00e9l\u00e9chargement<\/strong><\/td><td class=\"has-text-align-left\" data-align=\"left\">Disponible sur&nbsp;:<br>&#8211; <a href=\"https:\/\/play.google.com\/store\/apps\/details?id=de.rwth_aachen.phyphox&amp;hl=fr&amp;gl=US\" target=\"_blank\" rel=\"noreferrer noopener\">le Google Play Store <\/a><br>&#8211; <a href=\"https:\/\/apps.apple.com\/us\/app\/phyphox\/id1127319693?l=de&amp;ls=1\" target=\"_blank\" rel=\"noreferrer noopener\">sur l\u2019App Store d\u2019Apple<\/a><\/td><\/tr><tr><td class=\"has-text-align-center\" data-align=\"center\"><strong>Fiche technique<\/strong><\/td><td class=\"has-text-align-left\" data-align=\"left\"><a href=\"http:\/\/hebergement.universite-paris-saclay.fr\/supraconductivite\/v\/wp-content\/uploads\/2020\/07\/tuto-phyphox-eleves.pdf\" target=\"_blank\" rel=\"noreferrer noopener\">Fiche technique propos\u00e9e par l\u2019universit\u00e9 de Paris-Saclay<\/a><\/td><\/tr><tr><td class=\"has-text-align-center\" data-align=\"center\"><strong>Tutoriels vid\u00e9os<\/strong><\/td><td class=\"has-text-align-left\" data-align=\"left\"><a href=\"https:\/\/www.youtube.com\/watch?v=DZcg7pZA9eM\" target=\"_blank\" rel=\"noreferrer noopener\">Tutoriel vid\u00e9o propos\u00e9 par l&#8217;\u00e9quipe &#8220;La Physique Autrement&#8221;<\/a><\/td><\/tr><tr><td class=\"has-text-align-center\" data-align=\"center\"><strong>Pistes d\u2019exploitation<\/strong><\/td><td class=\"has-text-align-left\" data-align=\"left\">Projet exp\u00e9rimental et num\u00e9rique&nbsp;:<br><a href=\"https:\/\/view.genial.ly\/5e933d38a0febd0e1ff376e8\" target=\"_blank\" rel=\"noreferrer noopener\">Un projet exp\u00e9rimental et num\u00e9rique propos\u00e9 aux \u00e9l\u00e8ves par les coll\u00e8gues du lyc\u00e9e fran\u00e7ais Lyautey de Casablanca<\/a><br>Autres exploitations&nbsp;:<br><a href=\"http:\/\/hebergement.universite-paris-saclay.fr\/supraconductivite\/projet\/tp_smartphone_en_lycee\/\" target=\"_blank\" rel=\"noreferrer noopener\">Exemples d\u2019utilisation propos\u00e9s par le groupe de recherche \u00ab&nbsp;La Physique Autrement&nbsp;\u00bb<\/a><\/td><\/tr><\/tbody><\/table><\/figure>\n\n\n\n<figure class=\"wp-block-table\"><table><tbody><tr><td class=\"has-text-align-center\" data-align=\"center\"><img loading=\"lazy\" decoding=\"async\" width=\"225\" height=\"225\" class=\"wp-image-682\" style=\"width: 100px\" src=\"https:\/\/ent2d.ac-bordeaux.fr\/disciplines\/enseignement-scientifique\/wp-content\/uploads\/sites\/67\/2021\/11\/fizziq.jpg\" alt=\"\" srcset=\"https:\/\/ent2d.ac-bordeaux.fr\/disciplines\/enseignement-scientifique\/wp-content\/uploads\/sites\/67\/2021\/11\/fizziq.jpg 225w, https:\/\/ent2d.ac-bordeaux.fr\/disciplines\/enseignement-scientifique\/wp-content\/uploads\/sites\/67\/2021\/11\/fizziq-150x150.jpg 150w\" sizes=\"auto, (max-width: 225px) 100vw, 225px\" \/><\/td><td class=\"has-text-align-left\" data-align=\"left\"><em>L\u2019application gratuite <strong>FizziQ<\/strong> est une application gratuite et sans stockage de donn\u00e9es personnelles. Con\u00e7ue par par Christophe Chazot et sa soci\u00e9t\u00e9 Trapeze.digital, elle est en France diffus\u00e9e par la Fondation La main \u00e0 la p\u00e2te. Elle permet d&#8217;acqu\u00e9rir un grand nombre de donn\u00e9es gr\u00e2ce aux divers capteurs pr\u00e9sents dans les smartphones et l&#8217;envoi de comptes-rendus individuels, l&#8217;\u00e9change des r\u00e9sultats entre \u00e9l\u00e8ves et avec le professeur, et l\u2019archivage des observations ainsi que leur analyse avec les logiciels de bureautique. Enfin, l&#8217;application offre la possibilit\u00e9 de partager des protocoles par un simple QRcode&#8230; Un v\u00e9ritable jeu d&#8217;enfants !<\/em><\/td><\/tr><tr><td class=\"has-text-align-center\" data-align=\"center\"><strong>Mesures possibles<\/strong><\/td><td class=\"has-text-align-left\" data-align=\"left\">&#8211; Acc\u00e9l\u00e9ration (lin\u00e9aire ou absolue X, Y, Z)<br>&#8211; Latitude, longitude, pr\u00e9cision, altitude, vitesse<br>&#8211; Vitesse angulaire (X, Y, Z)<br>&#8211; \u00c9clairement, luminance (moyenne, ponctuelle)<br>&#8211; Champ magn\u00e9tique<br>&#8211; Orientation<br>&#8211; Inclinaison (verticale, horizontale)<br>&#8211; Oscillogramme, fr\u00e9quence fondamentale, spectre de fr\u00e9quences, volume sonore<br>&#8211; Couleurs, spectre de couleurs, absorbance, intensit\u00e9<br>&#8211; Nombre de pas<br>&#8211; Azimut, \u00e9l\u00e9vation<\/td><\/tr><tr><td class=\"has-text-align-center\" data-align=\"center\"><strong>T\u00e9l\u00e9chargement<\/strong><\/td><td class=\"has-text-align-left\" data-align=\"left\">Disponible sur&nbsp;:<br>&#8211; <a href=\"https:\/\/play.google.com\/store\/apps\/details?id=com.chazot.fizziq&amp;hl=fr&amp;gl=US\" target=\"_blank\" rel=\"noreferrer noopener\">le Google Play Store <\/a><br>&#8211; <a href=\"https:\/\/apps.apple.com\/fr\/app\/fizziq\/id1516870599\" target=\"_blank\" rel=\"noreferrer noopener\">sur l\u2019App Store d\u2019Apple<\/a><\/td><\/tr><tr><td class=\"has-text-align-center\" data-align=\"center\"><strong>Fiche technique<\/strong><\/td><td class=\"has-text-align-left\" data-align=\"left\"><a rel=\"noreferrer noopener\" href=\"https:\/\/www.fizziq.org\/mode-d-emploi\" target=\"_blank\">Fiche technique propos\u00e9e par l&#8217;\u00e9quipe de FizziQ La<\/a><a href=\"https:\/\/www.fizziq.org\/mode-d-emploi\" target=\"_blank\" rel=\"noreferrer noopener\">b<\/a><\/td><\/tr><tr><td class=\"has-text-align-center\" data-align=\"center\"><strong>Tutoriels vid\u00e9os<\/strong><\/td><td class=\"has-text-align-left\" data-align=\"left\"><a rel=\"noreferrer noopener\" href=\"https:\/\/www.fizziq.org\/resources\" target=\"_blank\">Nombreux tutoriels vid\u00e9os propos\u00e9s par l&#8217;\u00e9quipe de FizziQ Lab<\/a><\/td><\/tr><tr><td class=\"has-text-align-center\" data-align=\"center\"><strong>Pistes d\u2019exploitation<\/strong><\/td><td class=\"has-text-align-left\" data-align=\"left\">Exploitations&nbsp;diverses :<br><a rel=\"noreferrer noopener\" href=\"https:\/\/www.fizziq.org\/protocoles\" target=\"_blank\">Divers protocoles et contextes p\u00e9dagogiques sont propos\u00e9s par l&#8217;\u00e9quipe de FizziQ La<\/a><a href=\"https:\/\/www.fizziq.org\/protocoles\" target=\"_blank\" rel=\"noreferrer noopener\">b<\/a><\/td><\/tr><\/tbody><\/table><\/figure>\n\n\n\n<figure class=\"wp-block-table\"><table><tbody><tr><td class=\"has-text-align-center\" data-align=\"center\"><img loading=\"lazy\" decoding=\"async\" width=\"160\" height=\"160\" class=\"wp-image-614\" style=\"width: 100px\" src=\"https:\/\/ent2d.ac-bordeaux.fr\/disciplines\/enseignement-scientifique\/wp-content\/uploads\/sites\/67\/2021\/09\/noisecap.png\" alt=\"\" srcset=\"https:\/\/ent2d.ac-bordeaux.fr\/disciplines\/enseignement-scientifique\/wp-content\/uploads\/sites\/67\/2021\/09\/noisecap.png 160w, https:\/\/ent2d.ac-bordeaux.fr\/disciplines\/enseignement-scientifique\/wp-content\/uploads\/sites\/67\/2021\/09\/noisecap-150x150.png 150w\" sizes=\"auto, (max-width: 160px) 100vw, 160px\" \/><\/td><td><em>L\u2019application <strong>Noise<\/strong> <strong>Capture<\/strong><\/em> r\u00e9sulte de la collaboration entre l<em>&#8216;UMRAE de l\u2019Ifsttar et le Lab-STICC5 du CNRS. Elle permet \u00e0 chaque utilisateur d\u2019\u00e9valuer son exposition au bruit, de d\u00e9crire son environnement sonore, puis d\u2019exporter toutes ces informations dans une base de donn\u00e9es communautaire.<\/em><\/td><\/tr><tr><td class=\"has-text-align-center\" data-align=\"center\"><strong>Mesures possibles<\/strong><\/td><td>&#8211; Intensit\u00e9 sonore<br>&#8211; Spectre audio<br>&#8211; Spectrogramme<\/td><\/tr><tr><td class=\"has-text-align-center\" data-align=\"center\"><strong>T\u00e9l\u00e9chargement<\/strong><\/td><td>Disponible sur<br>&#8211; <a rel=\"noreferrer noopener\" href=\"https:\/\/play.google.com\/store\/apps\/details?id=org.noise_planet.noisecapture&amp;hl=fr&amp;gl=US\" target=\"_blank\">le Google Play Store<\/a><br>&#8211; <a rel=\"noreferrer noopener\" href=\"https:\/\/noisecapture.fr.aptoide.com\/app\" target=\"_blank\">Aptoide<\/a><\/td><\/tr><tr><td class=\"has-text-align-center\" data-align=\"center\"><strong>Fiche technique<\/strong><\/td><td><a href=\"https:\/\/noise-planet.org\/noisecapture_protocol.html\" target=\"_blank\" rel=\"noreferrer noopener\">Protocole de mesure propos\u00e9 par noise-planet<\/a> <a href=\"https:\/\/noise-planet.org\/noisecapture_calibration.html\">Calibrage<\/a><\/td><\/tr><tr><td class=\"has-text-align-center\" data-align=\"center\"><strong>Tutoriels vid\u00e9os<\/strong><\/td><td><a href=\"https:\/\/www.youtube.com\/watch?v=JI-rw0f6zm4\" target=\"_blank\" rel=\"noreferrer noopener\">Tutoriel propos\u00e9 par l\u2019Unit\u00e9 Mixte de Recherche en Acoustique Environnementale<\/a> (laboratoire de recherche commun \u00e0 l&#8217;Universit\u00e9 Gustave Eiffel et le Centre d&#8217;Etudes et d&#8217;expertise sur les Risques, l&#8217;Environnement, la Mobilit\u00e9 et l&#8217;Am\u00e9nagement)<\/td><\/tr><tr><td class=\"has-text-align-center\" data-align=\"center\"><strong>Pistes d\u2019exploitation<\/strong><\/td><td><a href=\"https:\/\/www.cnrs.fr\/fr\/aider-les-scientifiques-cartographier-lenvironnement-sonore-grace-une-nouvelle-application-mobile\" target=\"_blank\" rel=\"noreferrer noopener\">Projet de cartographie participative de l\u2019environnement sonore (CNRS IFSTTAR)<\/a><a href=\"https:\/\/noise-planet.org\/\">Outils compl\u00e9mentaire et acc\u00e8s aux cartes communautaires<\/a><\/td><\/tr><\/tbody><\/table><\/figure>\n\n\n\n<figure class=\"wp-block-table\"><table><tbody><tr><td class=\"has-text-align-center\" data-align=\"center\"><img loading=\"lazy\" decoding=\"async\" width=\"286\" height=\"290\" class=\"wp-image-612\" style=\"width: 100px\" src=\"https:\/\/ent2d.ac-bordeaux.fr\/disciplines\/enseignement-scientifique\/wp-content\/uploads\/sites\/67\/2021\/09\/motionshot.png\" alt=\"\"><\/td><td><em>L\u2019application <strong>Motion shot<\/strong><\/em> exploite l\u2019appareil photo du smartphone ou de la tablette et permet de r\u00e9aliser des chronophotographies<em>.<\/em><\/td><\/tr><tr><td class=\"has-text-align-center\" data-align=\"center\"><strong>Mesures possibles<\/strong><\/td><td>&#8211; Distance (par traitement sur <a rel=\"noreferrer noopener\" href=\"https:\/\/www.pedagogie.ac-nice.fr\/svt\/?p=2460\" target=\"_blank\">Mesurim2<\/a> par exemple)<br>&#8211; Vitesse \u00e0 partir du traitement des donn\u00e9es distance\/dur\u00e9e avec un tableur ou <a rel=\"noreferrer noopener\" href=\"https:\/\/regressi.fr.softonic.com\/\" target=\"_blank\">Regressi<\/a><\/td><\/tr><tr><td class=\"has-text-align-center\" data-align=\"center\"><strong>T\u00e9l\u00e9chargement<\/strong><\/td><td>Disponible sur<br>&#8211; <a href=\"https:\/\/motion-shot.fr.aptoide.com\/app\" target=\"_blank\" rel=\"noreferrer noopener\">Aptoide<\/a><\/td><\/tr><tr><td class=\"has-text-align-center\" data-align=\"center\"><strong>Fiche technique<\/strong><\/td><td>&#8211;<\/td><\/tr><tr><td class=\"has-text-align-center\" data-align=\"center\"><strong>Tutoriels vid\u00e9os<\/strong><\/td><td>&#8211;<\/td><\/tr><tr><td class=\"has-text-align-center\" data-align=\"center\"><strong>Pistes d\u2019exploitation<\/strong><\/td><td><a href=\"http:\/\/hebergement.universite-paris-saclay.fr\/supraconductivite\/v\/wp-content\/uploads\/2020\/07\/chronophotographie-2nde_V2.pdf\" target=\"_blank\" rel=\"noreferrer noopener\">Un exemple d\u2019utilisation en seconde propos\u00e9 par le groupe de recherche \u00ab La Physique Autrement \u00bb<\/a><\/td><\/tr><\/tbody><\/table><\/figure>\n\n\n\n<figure class=\"wp-block-table\"><table><tbody><tr><td class=\"has-text-align-center\" data-align=\"center\"><img loading=\"lazy\" decoding=\"async\" width=\"147\" height=\"147\" class=\"wp-image-615\" style=\"width: 100px\" src=\"https:\/\/ent2d.ac-bordeaux.fr\/disciplines\/enseignement-scientifique\/wp-content\/uploads\/sites\/67\/2021\/09\/instantheart.png\" alt=\"\"><\/td><td><em>L\u2019application <strong>Moniteur Fr\u00e9quence Cardiaque<\/strong> \/ <strong>Instant Heart Rate <\/strong>permet de mesurer la fr\u00e9quence cardiaque \u00e0 partir de la cam\u00e9ra et du flash du smartphone. L\u2019application contient du contenu publicitaire qu\u2019il est possible de bloquer en basculant en mode avion.<\/em><\/td><\/tr><tr><td class=\"has-text-align-center\" data-align=\"center\"><strong>Mesures possibles<\/strong><\/td><td>&#8211; Fr\u00e9quence cardiaque<\/td><\/tr><tr><td class=\"has-text-align-center\" data-align=\"center\"><strong>T\u00e9l\u00e9chargement<\/strong><\/td><td>Disponible sur<br>&#8211; <a rel=\"noreferrer noopener\" href=\"https:\/\/play.google.com\/store\/apps\/details?id=si.modula.android.instantheartrate&amp;hl=en_US&amp;gl=US\" target=\"_blank\">le Google Play Store<\/a><br>&#8211; <a rel=\"noreferrer noopener\" href=\"https:\/\/apps.apple.com\/us\/app\/instant-heart-rate-hr-monitor\/id409625068\" target=\"_blank\">l&#8217;App Store d&#8217;Appl<\/a><a href=\"https:\/\/apps.apple.com\/us\/app\/instant-heart-rate-hr-monitor\/id409625068\" target=\"_blank\" rel=\"noreferrer noopener\">e<\/a><\/td><\/tr><tr><td class=\"has-text-align-center\" data-align=\"center\"><strong>Fiche technique<\/strong><\/td><td><a href=\"http:\/\/acces.ens-lyon.fr\/acces\/classe\/numerique\/smartphones\/ressources\/tutoriels\/UTILISATION%20DE%20L2019APPLICATION%20INSTANT%20HEART%20RATE%20POUR%20MESURER%20SA%20FREQUENCE%20CARDIAQUE.pdf\/view\" target=\"_blank\" rel=\"noreferrer noopener\">Fiche technique propos\u00e9e par L\u2019institut Fran\u00e7ais de l\u2019\u00c9ducation<\/a><\/td><\/tr><tr><td class=\"has-text-align-center\" data-align=\"center\"><strong>Tutoriels vid\u00e9os<\/strong><\/td><td>&nbsp;<\/td><\/tr><tr><td class=\"has-text-align-center\" data-align=\"center\"><strong>Pistes d\u2019exploitation<\/strong><\/td><td>&#8211;<\/td><\/tr><\/tbody><\/table><\/figure>\n","protected":false},"excerpt":{"rendered":"<p>Rappel&nbsp;: Si un certain nombre d\u2019\u00e9tablissements sont \u00e9quip\u00e9s en tablettes et peuvent travailler avec elles sans contrainte, les smartphones personnels des \u00e9l\u00e8ves ne peuvent en revanche qu\u2019\u00eatre utilis\u00e9s dans le respect de la RGPD et du cadre fix\u00e9 par la charte BYOD (Bring Your Own Device) valid\u00e9e par la direction de l\u2019\u00e9tablissement et sign\u00e9e par &hellip; <\/p>\n<p><a class=\"more-link btn\" href=\"https:\/\/ent2d.ac-bordeaux.fr\/disciplines\/enseignement-scientifique\/la-place-des-smartphones-et-tablettes-dans-le-projet-experimental-et-numerique-pen\/\">Lire la suite<\/a><\/p>\n","protected":false},"author":1614,"featured_media":0,"parent":0,"menu_order":0,"comment_status":"closed","ping_status":"closed","template":"","meta":{"footnotes":""},"class_list":["post-611","page","type-page","status-publish","hentry","nodate","item-wrap"],"_links":{"self":[{"href":"https:\/\/ent2d.ac-bordeaux.fr\/disciplines\/enseignement-scientifique\/wp-json\/wp\/v2\/pages\/611","targetHints":{"allow":["GET"]}}],"collection":[{"href":"https:\/\/ent2d.ac-bordeaux.fr\/disciplines\/enseignement-scientifique\/wp-json\/wp\/v2\/pages"}],"about":[{"href":"https:\/\/ent2d.ac-bordeaux.fr\/disciplines\/enseignement-scientifique\/wp-json\/wp\/v2\/types\/page"}],"author":[{"embeddable":true,"href":"https:\/\/ent2d.ac-bordeaux.fr\/disciplines\/enseignement-scientifique\/wp-json\/wp\/v2\/users\/1614"}],"replies":[{"embeddable":true,"href":"https:\/\/ent2d.ac-bordeaux.fr\/disciplines\/enseignement-scientifique\/wp-json\/wp\/v2\/comments?post=611"}],"version-history":[{"count":7,"href":"https:\/\/ent2d.ac-bordeaux.fr\/disciplines\/enseignement-scientifique\/wp-json\/wp\/v2\/pages\/611\/revisions"}],"predecessor-version":[{"id":686,"href":"https:\/\/ent2d.ac-bordeaux.fr\/disciplines\/enseignement-scientifique\/wp-json\/wp\/v2\/pages\/611\/revisions\/686"}],"wp:attachment":[{"href":"https:\/\/ent2d.ac-bordeaux.fr\/disciplines\/enseignement-scientifique\/wp-json\/wp\/v2\/media?parent=611"}],"curies":[{"name":"wp","href":"https:\/\/api.w.org\/{rel}","templated":true}]}}