{"id":601,"date":"2021-09-25T16:43:02","date_gmt":"2021-09-25T14:43:02","guid":{"rendered":"https:\/\/ent2d.ac-bordeaux.fr\/disciplines\/enseignement-scientifique\/?page_id=601"},"modified":"2023-12-10T18:02:38","modified_gmt":"2023-12-10T17:02:38","slug":"le-projet-experimental-et-numerique-pen","status":"publish","type":"page","link":"https:\/\/ent2d.ac-bordeaux.fr\/disciplines\/enseignement-scientifique\/le-projet-experimental-et-numerique-pen\/","title":{"rendered":"Le Projet Exp\u00e9rimental et num\u00e9rique (PEN)"},"content":{"rendered":"\n<h2 class=\"wp-block-heading\"><mark style=\"color:#9e63c5\" class=\"has-inline-color\">Le projet exp\u00e9rimental et num\u00e9rique dans les programmes<\/mark><\/h2>\n\n\n<div class=\"wp-block-image\">\n<figure class=\"aligncenter size-full is-resized\"><a href=\"https:\/\/www.education.gouv.fr\/bo\/2023\/Hebdo25\/MENE2312806A\" target=\"_blank\" rel=\"noopener noreferrer\"><img loading=\"lazy\" decoding=\"async\" src=\"https:\/\/ent2d.ac-bordeaux.fr\/disciplines\/enseignement-scientifique\/wp-content\/uploads\/sites\/67\/2023\/09\/pen2.png\" alt=\"\" class=\"wp-image-710\" width=\"527\" height=\"100\" srcset=\"https:\/\/ent2d.ac-bordeaux.fr\/disciplines\/enseignement-scientifique\/wp-content\/uploads\/sites\/67\/2023\/09\/pen2.png 819w, https:\/\/ent2d.ac-bordeaux.fr\/disciplines\/enseignement-scientifique\/wp-content\/uploads\/sites\/67\/2023\/09\/pen2-300x57.png 300w, https:\/\/ent2d.ac-bordeaux.fr\/disciplines\/enseignement-scientifique\/wp-content\/uploads\/sites\/67\/2023\/09\/pen2-768x146.png 768w, https:\/\/ent2d.ac-bordeaux.fr\/disciplines\/enseignement-scientifique\/wp-content\/uploads\/sites\/67\/2023\/09\/pen2-652x124.png 652w\" sizes=\"auto, (max-width: 527px) 100vw, 527px\" \/><\/a><\/figure>\n<\/div>\n\n<div class=\"wp-block-image\">\n<figure class=\"aligncenter size-full is-resized\"><img loading=\"lazy\" decoding=\"async\" src=\"https:\/\/ent2d.ac-bordeaux.fr\/disciplines\/enseignement-scientifique\/wp-content\/uploads\/sites\/67\/2023\/09\/pen1.png\" alt=\"\" class=\"wp-image-709\" width=\"571\" height=\"316\" srcset=\"https:\/\/ent2d.ac-bordeaux.fr\/disciplines\/enseignement-scientifique\/wp-content\/uploads\/sites\/67\/2023\/09\/pen1.png 1024w, https:\/\/ent2d.ac-bordeaux.fr\/disciplines\/enseignement-scientifique\/wp-content\/uploads\/sites\/67\/2023\/09\/pen1-300x167.png 300w, https:\/\/ent2d.ac-bordeaux.fr\/disciplines\/enseignement-scientifique\/wp-content\/uploads\/sites\/67\/2023\/09\/pen1-768x426.png 768w, https:\/\/ent2d.ac-bordeaux.fr\/disciplines\/enseignement-scientifique\/wp-content\/uploads\/sites\/67\/2023\/09\/pen1-652x362.png 652w\" sizes=\"auto, (max-width: 571px) 100vw, 571px\" \/><\/figure>\n<\/div>\n\n\n<p><\/p>\n\n\n\n<h2 class=\"wp-block-heading\"><mark style=\"color:#9e63c5\" class=\"has-inline-color\">Quelques exemples de r\u00e9alisations&#8230;<\/mark><\/h2>\n\n\n\n<figure class=\"wp-block-table\"><table><tbody><tr><td class=\"has-text-align-center\" data-align=\"center\"><img loading=\"lazy\" decoding=\"async\" width=\"376\" height=\"216\" class=\"wp-image-628\" style=\"width: 150px\" src=\"https:\/\/ent2d.ac-bordeaux.fr\/disciplines\/enseignement-scientifique\/wp-content\/uploads\/sites\/67\/2021\/10\/merry.png\" alt=\"\" srcset=\"https:\/\/ent2d.ac-bordeaux.fr\/disciplines\/enseignement-scientifique\/wp-content\/uploads\/sites\/67\/2021\/10\/merry.png 376w, https:\/\/ent2d.ac-bordeaux.fr\/disciplines\/enseignement-scientifique\/wp-content\/uploads\/sites\/67\/2021\/10\/merry-300x172.png 300w\" sizes=\"auto, (max-width: 376px) 100vw, 376px\" \/><\/td><td class=\"has-text-align-center\" data-align=\"center\"><a rel=\"noreferrer noopener\" href=\"https:\/\/view.genial.ly\/5e933d38a0febd0e1ff376e8\" target=\"_blank\">\u00ab&nbsp;Merry Christmas Mister Lawrence&nbsp;\u00bb<\/a>, un projet propos\u00e9 par les coll\u00e8gues des lyc\u00e9es fran\u00e7ais du Maroc et portant sur la conception d\u2019un instrument et la reproduction d\u2019une musique<\/td><\/tr><tr><td class=\"has-text-align-center\" data-align=\"center\"><a href=\"https:\/\/view.genial.ly\/5ea6c2f4210b990d8311296e\" target=\"_blank\" rel=\"noreferrer noopener\">\u00ab&nbsp;Le smartphone de Van Leeuwenhoek&nbsp;\u00bb<\/a>, un projet men\u00e9 par les coll\u00e8gues des lyc\u00e9es fran\u00e7ais du Maroc portant sur la transformation d\u2019un smartphone en microscope et la mesure de la taille d\u2019une cellule<\/td><td class=\"has-text-align-center\" data-align=\"center\"><img loading=\"lazy\" decoding=\"async\" width=\"350\" height=\"199\" class=\"wp-image-637\" style=\"width: 150px\" src=\"https:\/\/ent2d.ac-bordeaux.fr\/disciplines\/enseignement-scientifique\/wp-content\/uploads\/sites\/67\/2021\/10\/vanleeu.png\" alt=\"\" srcset=\"https:\/\/ent2d.ac-bordeaux.fr\/disciplines\/enseignement-scientifique\/wp-content\/uploads\/sites\/67\/2021\/10\/vanleeu.png 350w, https:\/\/ent2d.ac-bordeaux.fr\/disciplines\/enseignement-scientifique\/wp-content\/uploads\/sites\/67\/2021\/10\/vanleeu-300x171.png 300w\" sizes=\"auto, (max-width: 350px) 100vw, 350px\" \/><\/td><\/tr><tr><td class=\"has-text-align-center\" data-align=\"center\"><img loading=\"lazy\" decoding=\"async\" width=\"350\" height=\"200\" class=\"wp-image-634\" style=\"width: 150px\" src=\"https:\/\/ent2d.ac-bordeaux.fr\/disciplines\/enseignement-scientifique\/wp-content\/uploads\/sites\/67\/2021\/10\/qualair.png\" alt=\"\" srcset=\"https:\/\/ent2d.ac-bordeaux.fr\/disciplines\/enseignement-scientifique\/wp-content\/uploads\/sites\/67\/2021\/10\/qualair.png 350w, https:\/\/ent2d.ac-bordeaux.fr\/disciplines\/enseignement-scientifique\/wp-content\/uploads\/sites\/67\/2021\/10\/qualair-300x171.png 300w\" sizes=\"auto, (max-width: 350px) 100vw, 350px\" \/><\/td><td class=\"has-text-align-center\" data-align=\"center\"><a href=\"https:\/\/view.genial.ly\/5ea9cc5f656b4b0d7fe27ac2\/presentation-1ecsprojetqualite-de-lair-v2\" target=\"_blank\" rel=\"noreferrer noopener\">\u00ab&nbsp;\u00c9tude de la qualit\u00e9 de l\u2019air&nbsp;\u00bb<\/a>, un projet de l\u2019acad\u00e9mie de Toulouse proposant diverses mesures portant sur la qualit\u00e9 de l\u2019air (particules fines, NO, CO<sub>2<\/sub>, NO<sub>2<\/sub>)<\/td><\/tr><tr><td class=\"has-text-align-center\" data-align=\"center\"><a href=\"https:\/\/view.genial.ly\/5dde46652767ff0f562b2234\/horizontal-infographic-timeline-projet-experimental-et-numerique\" target=\"_blank\" rel=\"noreferrer noopener\">\u00ab&nbsp;Le MAXI pouvoir des MICROorganismes&nbsp;\u00bb<\/a>, un projet propos\u00e9 par l\u2019acad\u00e9mie de Toulouse sur le r\u00f4le des microorganismes dans la d\u00e9composition<\/td><td class=\"has-text-align-center\" data-align=\"center\"><img loading=\"lazy\" decoding=\"async\" width=\"350\" height=\"200\" class=\"wp-image-633\" style=\"width: 150px\" src=\"https:\/\/ent2d.ac-bordeaux.fr\/disciplines\/enseignement-scientifique\/wp-content\/uploads\/sites\/67\/2021\/10\/microorg.png\" alt=\"\" srcset=\"https:\/\/ent2d.ac-bordeaux.fr\/disciplines\/enseignement-scientifique\/wp-content\/uploads\/sites\/67\/2021\/10\/microorg.png 350w, https:\/\/ent2d.ac-bordeaux.fr\/disciplines\/enseignement-scientifique\/wp-content\/uploads\/sites\/67\/2021\/10\/microorg-300x171.png 300w\" sizes=\"auto, (max-width: 350px) 100vw, 350px\" \/><\/td><\/tr><tr><td class=\"has-text-align-center\" data-align=\"center\"><img loading=\"lazy\" decoding=\"async\" width=\"200\" height=\"114\" class=\"wp-image-656\" style=\"width: 150px\" src=\"https:\/\/ent2d.ac-bordeaux.fr\/disciplines\/enseignement-scientifique\/wp-content\/uploads\/sites\/67\/2021\/10\/solaire.png\" alt=\"\"><\/td><td class=\"has-text-align-center\" data-align=\"center\">&#8220;<a rel=\"noreferrer noopener\" href=\"https:\/\/tribu.phm.education.gouv.fr\/toutatice-portail-cms-nuxeo\/binary\/Le+projet+pression+en+fonction+de+l%27altitude.pdf?type=FILE&amp;path=%2Fdefault-domain%2Fworkspaces%2Fgroupe-de-formatrices-formateurs-enseignement-scientifique%2Fdocuments%2Fprojet-experimental-et%2Fle-projet-pression-en&amp;portalName=foad&amp;liveState=true&amp;fieldName=file:content&amp;t=1578082150944&amp;reload=true\" target=\"_blank\">Pression en fonction de l&#8217;altitude<\/a>&#8221; propos\u00e9 dans le cadre du projet acad\u00e9mique <a rel=\"noreferrer noopener\" href=\"https:\/\/www.pedagogie.ac-aix-marseille.fr\/jcms\/c_10720261\/fr\/le-code-s-envole\" target=\"_blank\">&#8220;Le code s&#8217;envole&#8221;<\/a> (acad\u00e9mie d&#8217;Aix-Marseille) qui vise \u00e0 faire s&#8217;envoler un ballon sonde truff\u00e9 de capteurs et de traiter les donn\u00e9es collect\u00e9es<\/td><\/tr><tr><td class=\"has-text-align-center\" data-align=\"center\"><a rel=\"noreferrer noopener\" href=\"https:\/\/pedagogie.ac-rennes.fr\/spip.php?article4057\" target=\"_blank\">\u00ab&nbsp;Croissance des v\u00e9g\u00e9taux et conditions de culture&nbsp;\u00bb<\/a>, un projet propos\u00e9 par l\u2019acad\u00e9mie de Rennes et portant le d\u00e9veloppement des lentilles d\u2019eau en fonction de divers param\u00e8tres <a rel=\"noreferrer noopener\" href=\"https:\/\/svt.ac-versailles.fr\/spip.php?article988\" target=\"_blank\">Une variante avec de la foug\u00e8re d\u2019eau<\/a> et propos\u00e9e par l\u2019acad\u00e9mie de Versailles &nbsp;<\/td><td class=\"has-text-align-center\" data-align=\"center\"><img decoding=\"async\" src=\"https:\/\/ent2d.ac-bordeaux.fr\/disciplines\/enseignement-scientifique\/wp-content\/uploads\/sites\/67\/2021\/10\/vegetx.png\" alt=\"\" style=\"width: 150px\"><\/td><\/tr><tr><td class=\"has-text-align-center\" data-align=\"center\"><img decoding=\"async\" src=\"https:\/\/ent2d.ac-bordeaux.fr\/disciplines\/enseignement-scientifique\/wp-content\/uploads\/sites\/67\/2021\/10\/aere.png\" alt=\"\" style=\"width: 150px\"><\/td><td class=\"has-text-align-center\" data-align=\"center\"><a rel=\"noreferrer noopener\" href=\"https:\/\/www.pedagogie.ac-aix-marseille.fr\/jcms\/c_10947189\/fr\/mesurer-le-taux-de-co2-dans-votre-salle-de-classe\" target=\"_blank\">\u00ab&nbsp;Le taux de CO<sub>2<\/sub> dans la salle de classe&nbsp;\u00bb<\/a>, un projet propos\u00e9 par l\u2019acad\u00e9mie d\u2019Aix-Marseille visant \u00e0 montrer l\u2019int\u00e9r\u00eat de l\u2019a\u00e9ration des salles de classe dans le cadre du protocole sanitaire.<\/td><\/tr><tr><td class=\"has-text-align-center\" data-align=\"center\"><a rel=\"noreferrer noopener\" href=\"https:\/\/www.pedagogie.ac-aix-marseille.fr\/jcms\/c_10946704\/fr\/entendre-la-terre-vibrer\" target=\"_blank\">\u00ab&nbsp;Entendre la Terre vibrer&nbsp;\u00bb<\/a>, un projet propos\u00e9 par une coll\u00e8gue de l\u2019acad\u00e9mie d\u2019Aix-Marseille reliant le programme de sp\u00e9cialit\u00e9 (activit\u00e9 sismique) et celui de l\u2019enseignement scientifique (son)<\/td><td class=\"has-text-align-center\" data-align=\"center\"><img decoding=\"async\" src=\"https:\/\/ent2d.ac-bordeaux.fr\/disciplines\/enseignement-scientifique\/wp-content\/uploads\/sites\/67\/2021\/10\/sonterr.png\" alt=\"\" style=\"width: 150px\"><\/td><\/tr><tr><td class=\"has-text-align-center\" data-align=\"center\"><img decoding=\"async\" src=\"https:\/\/ent2d.ac-bordeaux.fr\/disciplines\/enseignement-scientifique\/wp-content\/uploads\/sites\/67\/2021\/10\/effserre.png\" alt=\"\" style=\"width: 150px\"><\/td><td class=\"has-text-align-center\" data-align=\"center\"><a href=\"https:\/\/pedagogie.ac-rennes.fr\/spip.php?article2913\">\u00ab&nbsp;Effet de serre et C0<sub>2<\/sub>&nbsp;\u00bb<\/a>, <a href=\"https:\/\/pedagogie.ac-rennes.fr\/spip.php?article2918\">\u00ab&nbsp;Effet de serre et humidit\u00e9&nbsp;\u00bb<\/a>, deux projets propos\u00e9s par les coll\u00e8gues de l\u2019acad\u00e9mie de Rennes<a href=\"https:\/\/pedagogie.ac-rennes.fr\/spip.php?article2913\"><\/a><\/td><\/tr><tr><td class=\"has-text-align-center\" data-align=\"center\">&nbsp;<a rel=\"noreferrer noopener\" href=\"https:\/\/pedagogie.ac-rennes.fr\/spip.php?article4061\" target=\"_blank\">\u00ab&nbsp;Transfert de chaleur par convection&nbsp;\u00bb<\/a>, projet propos\u00e9 par l\u2019acad\u00e9mie de Rennes<\/td><td class=\"has-text-align-center\" data-align=\"center\"><img decoding=\"async\" src=\"https:\/\/ent2d.ac-bordeaux.fr\/disciplines\/enseignement-scientifique\/wp-content\/uploads\/sites\/67\/2021\/10\/convec.png\" alt=\"\" style=\"width: 150px\"><\/td><\/tr><tr><td class=\"has-text-align-center\" data-align=\"center\"><img decoding=\"async\" src=\"https:\/\/ent2d.ac-bordeaux.fr\/disciplines\/enseignement-scientifique\/wp-content\/uploads\/sites\/67\/2022\/11\/rocheconduc-1.png\" alt=\"L\u2019attribut alt de cette image est vide, son nom de fichier est rocheconduc-1.png.\" style=\"width: 150px\"><\/td><td class=\"has-text-align-center\" data-align=\"center\"><a href=\"https:\/\/pedagogie.ac-rennes.fr\/spip.php?article2909\" target=\"_blank\" rel=\"noreferrer noopener\">&#8220;Transfert de chaleur par conduction&#8221;<\/a>, projet propos\u00e9 par l&#8217;acad\u00e9mie de Rennes<\/td><\/tr><tr><td class=\"has-text-align-center\" data-align=\"center\"><a href=\"https:\/\/pedagogie.ac-lille.fr\/svt\/projet-numerique-realisation-dune-mini-station-meteo-portative\/\" target=\"_blank\" rel=\"noreferrer noopener\">R\u00e9alisation d&#8217;une station m\u00e9t\u00e9o portative<\/a>, projet propos\u00e9 par l&#8217;acad\u00e9mie de Lille<\/td><td class=\"has-text-align-center\" data-align=\"center\"><img decoding=\"async\" src=\"https:\/\/ent2d.ac-bordeaux.fr\/disciplines\/enseignement-scientifique\/wp-content\/uploads\/sites\/67\/2022\/11\/statiomet.png\" alt=\"\" style=\"width: 150px\"><\/td><\/tr><tr><td class=\"has-text-align-center\" data-align=\"center\"><img decoding=\"async\" src=\"https:\/\/ent2d.ac-bordeaux.fr\/disciplines\/enseignement-scientifique\/wp-content\/uploads\/sites\/67\/2021\/10\/spiru.png\" alt=\"\" style=\"width: 150px\"><\/td><td class=\"has-text-align-center\" data-align=\"center\"><a rel=\"noreferrer noopener\" href=\"https:\/\/drive.google.com\/drive\/u\/0\/folders\/1l_Ix5-5LP3MXWlJeX67yeMy4KuBqb0Iq\" target=\"_blank\">Les spirulines<\/a>, quelques pistes d\u2019exploitation propos\u00e9es par les coll\u00e8gues des lyc\u00e9es fran\u00e7ais du Maroc (spectre d\u2019\u00e9mission, d\u2019absorption d\u2019action, chromatographie\u2026)<\/td><\/tr><tr><td class=\"has-text-align-center\" data-align=\"center\">Projet <a href=\"https:\/\/www.pedagogie.ac-aix-marseille.fr\/jcms\/c_10946702\/fr\/temperature-en-ville-et-couvert-vegetal\" target=\"_blank\" rel=\"noreferrer noopener\">&#8220;Temp\u00e9rature en ville et couvert v\u00e9g\u00e9tal&#8221;<\/a>, propos\u00e9 par l&#8217;acad\u00e9mie d&#8217;Aix-Marseille<\/td><td class=\"has-text-align-center\" data-align=\"center\"><img decoding=\"async\" src=\"https:\/\/ent2d.ac-bordeaux.fr\/disciplines\/enseignement-scientifique\/wp-content\/uploads\/sites\/67\/2022\/11\/couvertveg.png\" alt=\"L\u2019attribut alt de cette image est vide, son nom de fichier est couvertveg.png.\" style=\"width: 150px\"><\/td><\/tr><tr><td class=\"has-text-align-center\" data-align=\"center\"><img decoding=\"async\" src=\"https:\/\/ent2d.ac-bordeaux.fr\/disciplines\/enseignement-scientifique\/wp-content\/uploads\/sites\/67\/2022\/11\/thermroche.png\" alt=\"L\u2019attribut alt de cette image est vide, son nom de fichier est thermroche.png.\" style=\"width: 150px\"><\/td><td class=\"has-text-align-center\" data-align=\"center\">Projet <a href=\"https:\/\/pedagogie.ac-montpellier.fr\/mesure-des-transferts-thermiques-dans-les-roches\" target=\"_blank\" rel=\"noreferrer noopener\">&#8220;Transferts thermiques dans les roches&#8221;<\/a> propos\u00e9 par l&#8217;acad\u00e9mie de Montpellier<\/td><\/tr><tr><td class=\"has-text-align-center\" data-align=\"center\">Projet <a href=\"https:\/\/physique-chimie.enseigne.ac-lyon.fr\/spip\/spip.php?article1101\" target=\"_blank\" rel=\"noreferrer noopener\">&#8220;Silence&#8230; Je travaille !&#8221;<\/a>, propos\u00e9 par l&#8217;acad\u00e9mie de Lyon<\/td><td class=\"has-text-align-center\" data-align=\"center\"><img decoding=\"async\" src=\"https:\/\/ent2d.ac-bordeaux.fr\/disciplines\/enseignement-scientifique\/wp-content\/uploads\/sites\/67\/2022\/11\/silence-1.png\" alt=\"L\u2019attribut alt de cette image est vide, son nom de fichier est silence-1.png.\" style=\"width: 150px\"><\/td><\/tr><\/tbody><\/table><\/figure>\n\n\n\n<h2 class=\"wp-block-heading\"><mark style=\"color:#9e63c5\" class=\"has-inline-color\">Des exemples de projets con\u00e7us dans l&#8217;acad\u00e9mie de Bordeaux<\/mark><\/h2>\n\n\n\n<figure class=\"wp-block-image size-full\"><a href=\"https:\/\/ent2d.ac-bordeaux.fr\/disciplines\/enseignement-scientifique\/le-projet-experimental-et-numerique-pen\/des-projets-experimentaux-et-numeriques-produits-dans-lacademie-de-bordeaux\/\"><img loading=\"lazy\" decoding=\"async\" width=\"1024\" height=\"565\" src=\"https:\/\/ent2d.ac-bordeaux.fr\/disciplines\/enseignement-scientifique\/wp-content\/uploads\/sites\/67\/2023\/12\/penbdx-1.png\" alt=\"\" class=\"wp-image-755\" srcset=\"https:\/\/ent2d.ac-bordeaux.fr\/disciplines\/enseignement-scientifique\/wp-content\/uploads\/sites\/67\/2023\/12\/penbdx-1.png 1024w, https:\/\/ent2d.ac-bordeaux.fr\/disciplines\/enseignement-scientifique\/wp-content\/uploads\/sites\/67\/2023\/12\/penbdx-1-300x166.png 300w, https:\/\/ent2d.ac-bordeaux.fr\/disciplines\/enseignement-scientifique\/wp-content\/uploads\/sites\/67\/2023\/12\/penbdx-1-768x424.png 768w, https:\/\/ent2d.ac-bordeaux.fr\/disciplines\/enseignement-scientifique\/wp-content\/uploads\/sites\/67\/2023\/12\/penbdx-1-1536x848.png 1536w, https:\/\/ent2d.ac-bordeaux.fr\/disciplines\/enseignement-scientifique\/wp-content\/uploads\/sites\/67\/2023\/12\/penbdx-1-652x360.png 652w\" sizes=\"auto, (max-width: 1024px) 100vw, 1024px\" \/><\/a><\/figure>\n\n\n\n<h2 class=\"wp-block-heading\"><mark style=\"color:#9e63c5\" class=\"has-inline-color\">Banques de donn\u00e9es scientifiques accessibles en ligne<\/mark><\/h2>\n\n\n\n<p>Ensemble de banques de donn\u00e9es nationales et internationale accessibles en ligne (un grand MERCI \u00e0 Fabrice Bouchet pour le travail de recensement effectu\u00e9).<\/p>\n\n\n\n<iframe loading=\"lazy\" src=\"https:\/\/ladigitale.dev\/digiquiz\/q\/6575ecd73f3d5\" title=\"\" width=\"80%\" height=\"450\" scrolling=\"yes\" frameborder=\"0\" marginheight=\"0\" allowFullScreen=\"true\"><a href=\"https:\/\/ladigitale.dev\/digiquiz\/q\/6575ecd73f3d5\" target=\"_blank\">https:\/\/ladigitale.dev\/digiquiz\/q\/6575ecd73f3d5<\/a><\/iframe>\n\n\n\n<h2 class=\"wp-block-heading\"><mark style=\"color:#9e63c5\" class=\"has-inline-color\">Les outils pour r\u00e9aliser des mesures et acqu\u00e9rir des donn\u00e9es<\/mark><\/h2>\n\n\n\n<p>Dans les laboratoires de Physique\/Chimie et de SVT, deux options majeures permettent d&#8217;acc\u00e9der \u00e0 de nombreux capteurs et d&#8217;effectuer des mesures&#8230;<\/p>\n\n\n\n<figure class=\"wp-block-table\"><table><tbody><tr><td class=\"has-text-align-center\" data-align=\"center\"><span style=\"color:#9e63c5\" class=\"has-inline-color\">Les smartphones et tablettes<\/span><\/td><td class=\"has-text-align-center\" data-align=\"center\"><span style=\"color:#9e63c5\" class=\"has-inline-color\">Les consoles ExAO et les microcontr\u00f4leurs<\/span><\/td><\/tr><tr><td class=\"has-text-align-center\" data-align=\"center\">\u00c9quip\u00e9s de capteurs CCD, de microphones, d&#8217;acc\u00e9l\u00e9rom\u00e8tres, de gyrom\u00e8tres, de luxm\u00e8tres et \u00e9ventuellement de barom\u00e8tres et de magn\u00e9tom\u00e8tres, les tablettes et smartphones regorgent de capteurs permettant de r\u00e9aliser de tr\u00e8s nombreuses mesures. Ces \u00e9quipements mobiles peuvent \u00eatre consid\u00e9r\u00e9s comme de v\u00e9ritables couteaux suisses au sein du laboratoire de sciences et offrent ainsi de nombreuses possibilit\u00e9s dans le cadre du projet exp\u00e9rimental et num\u00e9rique.<\/td><td class=\"has-text-align-center\" data-align=\"center\">Les ordinateurs fixes peuvent \u00eatre connect\u00e9s \u00e0 de multiples capteurs par l\u2019interm\u00e9diaire d\u2019une interface \u00e9lectronique. Au-del\u00e0 des interfaces traditionnelles et co\u00fbteuses (commercialis\u00e9es par Vernier, Jeulin, Pierron, Sordalab\u2026), existent les microcontr\u00f4leurs tels Arduino\u00ae (dont sont \u00e9quip\u00e9s les laboratoires de Physique-Chimie) et BBC micro:bit qui sont tr\u00e8s modulables et pour lesquels il existe une grande diversit\u00e9 de capteurs peu co\u00fbteux\u2026<\/td><\/tr><tr><td class=\"has-text-align-center\" data-align=\"center\"><a href=\"https:\/\/ent2d.ac-bordeaux.fr\/disciplines\/enseignement-scientifique\/?page_id=611\"><img loading=\"lazy\" decoding=\"async\" width=\"459\" height=\"348\" class=\"wp-image-650\" style=\"width: 175px\" src=\"https:\/\/ent2d.ac-bordeaux.fr\/disciplines\/enseignement-scientifique\/wp-content\/uploads\/sites\/67\/2021\/10\/applis.png\" alt=\"\" srcset=\"https:\/\/ent2d.ac-bordeaux.fr\/disciplines\/enseignement-scientifique\/wp-content\/uploads\/sites\/67\/2021\/10\/applis.png 459w, https:\/\/ent2d.ac-bordeaux.fr\/disciplines\/enseignement-scientifique\/wp-content\/uploads\/sites\/67\/2021\/10\/applis-300x227.png 300w\" sizes=\"auto, (max-width: 459px) 100vw, 459px\" \/><\/a><\/td><td class=\"has-text-align-center\" data-align=\"center\"><a href=\"https:\/\/ent2d.ac-bordeaux.fr\/disciplines\/enseignement-scientifique\/?page_id=619\"><img loading=\"lazy\" decoding=\"async\" width=\"582\" height=\"378\" class=\"wp-image-649\" style=\"width: 205px\" src=\"https:\/\/ent2d.ac-bordeaux.fr\/disciplines\/enseignement-scientifique\/wp-content\/uploads\/sites\/67\/2021\/10\/micocont.png\" alt=\"\" srcset=\"https:\/\/ent2d.ac-bordeaux.fr\/disciplines\/enseignement-scientifique\/wp-content\/uploads\/sites\/67\/2021\/10\/micocont.png 582w, https:\/\/ent2d.ac-bordeaux.fr\/disciplines\/enseignement-scientifique\/wp-content\/uploads\/sites\/67\/2021\/10\/micocont-300x195.png 300w\" sizes=\"auto, (max-width: 582px) 100vw, 582px\" \/><\/a><a href=\"https:\/\/ent2d.ac-bordeaux.fr\/disciplines\/enseignement-scientifique\/?page_id=619\"><\/a><\/td><\/tr><\/tbody><\/table><\/figure>\n\n\n\n<p><\/p>\n","protected":false},"excerpt":{"rendered":"<p>Le projet exp\u00e9rimental et num\u00e9rique dans les programmes Quelques exemples de r\u00e9alisations&#8230; \u00ab&nbsp;Merry Christmas Mister Lawrence&nbsp;\u00bb, un projet propos\u00e9 par les coll\u00e8gues des lyc\u00e9es fran\u00e7ais du Maroc et portant sur la conception d\u2019un instrument et la reproduction d\u2019une musique \u00ab&nbsp;Le smartphone de Van Leeuwenhoek&nbsp;\u00bb, un projet men\u00e9 par les coll\u00e8gues des lyc\u00e9es fran\u00e7ais du Maroc &hellip; <\/p>\n<p><a class=\"more-link btn\" href=\"https:\/\/ent2d.ac-bordeaux.fr\/disciplines\/enseignement-scientifique\/le-projet-experimental-et-numerique-pen\/\">Lire la suite<\/a><\/p>\n","protected":false},"author":1614,"featured_media":0,"parent":0,"menu_order":0,"comment_status":"closed","ping_status":"closed","template":"","meta":{"footnotes":""},"class_list":["post-601","page","type-page","status-publish","hentry","nodate","item-wrap"],"_links":{"self":[{"href":"https:\/\/ent2d.ac-bordeaux.fr\/disciplines\/enseignement-scientifique\/wp-json\/wp\/v2\/pages\/601","targetHints":{"allow":["GET"]}}],"collection":[{"href":"https:\/\/ent2d.ac-bordeaux.fr\/disciplines\/enseignement-scientifique\/wp-json\/wp\/v2\/pages"}],"about":[{"href":"https:\/\/ent2d.ac-bordeaux.fr\/disciplines\/enseignement-scientifique\/wp-json\/wp\/v2\/types\/page"}],"author":[{"embeddable":true,"href":"https:\/\/ent2d.ac-bordeaux.fr\/disciplines\/enseignement-scientifique\/wp-json\/wp\/v2\/users\/1614"}],"replies":[{"embeddable":true,"href":"https:\/\/ent2d.ac-bordeaux.fr\/disciplines\/enseignement-scientifique\/wp-json\/wp\/v2\/comments?post=601"}],"version-history":[{"count":24,"href":"https:\/\/ent2d.ac-bordeaux.fr\/disciplines\/enseignement-scientifique\/wp-json\/wp\/v2\/pages\/601\/revisions"}],"predecessor-version":[{"id":760,"href":"https:\/\/ent2d.ac-bordeaux.fr\/disciplines\/enseignement-scientifique\/wp-json\/wp\/v2\/pages\/601\/revisions\/760"}],"wp:attachment":[{"href":"https:\/\/ent2d.ac-bordeaux.fr\/disciplines\/enseignement-scientifique\/wp-json\/wp\/v2\/media?parent=601"}],"curies":[{"name":"wp","href":"https:\/\/api.w.org\/{rel}","templated":true}]}}