{"id":556,"date":"2020-07-07T08:46:22","date_gmt":"2020-07-07T06:46:22","guid":{"rendered":"https:\/\/ent2d.ac-bordeaux.fr\/disciplines\/enseignement-scientifique\/?page_id=556"},"modified":"2020-07-07T08:56:38","modified_gmt":"2020-07-07T06:56:38","slug":"la-construction-du-savoir-scientifique","status":"publish","type":"page","link":"https:\/\/ent2d.ac-bordeaux.fr\/disciplines\/enseignement-scientifique\/enseigner\/premiere\/la-construction-du-savoir-scientifique\/","title":{"rendered":"Conf\u00e9rence scientifique &#8211; La construction du savoir scientifique"},"content":{"rendered":"\n<h3 class=\"wp-block-heading\" id=\"mce_22\">M. Duris (professeur en \u00e9pist\u00e9mologie et histoire des sciences &#8211; Universit\u00e9 de Bordeaux)<\/h3>\n\n\n\n<h2 class=\"wp-block-heading\">Introduction<\/h2>\n\n\n<iframe loading=\"lazy\" frameborder=\"0\" width=\"100%\" height=\"450\" src=\"https:\/\/ent2d.ac-bordeaux.fr\/mediacad\/m\/19832\/d\/i\" webkitAllowFullScreen=\"true\" mozallowfullscreen=\"true\" allowFullScreen=\"true\"><\/iframe>\n\n\n\n<h2 class=\"wp-block-heading\">Partie 1 Lecture des programmes<\/h2>\n\n\n<iframe loading=\"lazy\" frameborder=\"0\" width=\"100%\" height=\"450\" src=\"https:\/\/ent2d.ac-bordeaux.fr\/mediacad\/m\/19833\/d\/i\" webkitAllowFullScreen=\"true\" mozallowfullscreen=\"true\" allowFullScreen=\"true\"><\/iframe>\n\n\n<iframe loading=\"lazy\" frameborder=\"0\" width=\"100%\" height=\"450\" src=\"https:\/\/ent2d.ac-bordeaux.fr\/mediacad\/m\/19834\/d\/i\" webkitAllowFullScreen=\"true\" mozallowfullscreen=\"true\" allowFullScreen=\"true\"><\/iframe>\n\n\n<iframe loading=\"lazy\" frameborder=\"0\" width=\"100%\" height=\"450\" src=\"https:\/\/ent2d.ac-bordeaux.fr\/mediacad\/m\/19835\/d\/i\" webkitAllowFullScreen=\"true\" mozallowfullscreen=\"true\" allowFullScreen=\"true\"><\/iframe>\n\n\n<iframe loading=\"lazy\" frameborder=\"0\" width=\"100%\" height=\"450\" src=\"https:\/\/ent2d.ac-bordeaux.fr\/mediacad\/m\/19836\/d\/i\" webkitAllowFullScreen=\"true\" mozallowfullscreen=\"true\" allowFullScreen=\"true\"><\/iframe>\n\n\n<iframe loading=\"lazy\" frameborder=\"0\" width=\"100%\" height=\"450\" src=\"https:\/\/ent2d.ac-bordeaux.fr\/mediacad\/m\/19837\/d\/i\" webkitAllowFullScreen=\"true\" mozallowfullscreen=\"true\" allowFullScreen=\"true\"><\/iframe>\n\n\n<iframe loading=\"lazy\" frameborder=\"0\" width=\"100%\" height=\"450\" src=\"https:\/\/ent2d.ac-bordeaux.fr\/mediacad\/m\/19838\/d\/i\" webkitAllowFullScreen=\"true\" mozallowfullscreen=\"true\" allowFullScreen=\"true\"><\/iframe>\n\n\n<iframe loading=\"lazy\" frameborder=\"0\" width=\"100%\" height=\"450\" src=\"https:\/\/ent2d.ac-bordeaux.fr\/mediacad\/m\/19839\/d\/i\" webkitAllowFullScreen=\"true\" mozallowfullscreen=\"true\" allowFullScreen=\"true\"><\/iframe>\n\n\n\n<h2 class=\"wp-block-heading\">Partie 2 Pas de science d\u00e9finitive<\/h2>\n\n\n<iframe loading=\"lazy\" frameborder=\"0\" width=\"100%\" height=\"450\" src=\"https:\/\/ent2d.ac-bordeaux.fr\/mediacad\/m\/19840\/d\/i\" webkitAllowFullScreen=\"true\" mozallowfullscreen=\"true\" allowFullScreen=\"true\"><\/iframe>\n\n\n\n<h2 class=\"wp-block-heading\">Partie 3 Les pi\u00e8ges de la litt\u00e9rature secondaire<\/h2>\n\n\n<iframe loading=\"lazy\" frameborder=\"0\" width=\"100%\" height=\"450\" src=\"https:\/\/ent2d.ac-bordeaux.fr\/mediacad\/m\/23520\/d\/i\" webkitAllowFullScreen=\"true\" mozallowfullscreen=\"true\" allowFullScreen=\"true\"><\/iframe>\n\n\n\n<h2 class=\"wp-block-heading\">Partie 4 Quelques id\u00e9es \u00e0 retenir<\/h2>\n\n\n<iframe loading=\"lazy\" frameborder=\"0\" width=\"100%\" height=\"450\" src=\"https:\/\/ent2d.ac-bordeaux.fr\/mediacad\/m\/23521\/d\/i\" webkitAllowFullScreen=\"true\" mozallowfullscreen=\"true\" allowFullScreen=\"true\"><\/iframe>\n\n\n\n<h2 class=\"wp-block-heading\">Partie 5 Bibliographie<\/h2>\n\n\n<iframe loading=\"lazy\" frameborder=\"0\" width=\"100%\" height=\"450\" src=\"https:\/\/ent2d.ac-bordeaux.fr\/mediacad\/m\/19843\/d\/i\" webkitAllowFullScreen=\"true\" mozallowfullscreen=\"true\" allowFullScreen=\"true\"><\/iframe>\n\n\n\n<h2 class=\"wp-block-heading\">Partie 6 Conclusion<\/h2>\n\n\n<iframe loading=\"lazy\" frameborder=\"0\" width=\"100%\" height=\"450\" src=\"https:\/\/ent2d.ac-bordeaux.fr\/mediacad\/m\/19844\/d\/i\" webkitAllowFullScreen=\"true\" mozallowfullscreen=\"true\" allowFullScreen=\"true\"><\/iframe>\n\n\n\n<h2 class=\"wp-block-heading\">Partie 7 Questions<\/h2>\n\n\n<iframe loading=\"lazy\" frameborder=\"0\" width=\"100%\" height=\"450\" src=\"https:\/\/ent2d.ac-bordeaux.fr\/mediacad\/m\/19846\/d\/i\" webkitAllowFullScreen=\"true\" mozallowfullscreen=\"true\" allowFullScreen=\"true\"><\/iframe>\n\n\n\n<div class=\"wp-block-file\"><a href=\"https:\/\/ent2d.ac-bordeaux.fr\/disciplines\/svt\/wp-content\/uploads\/sites\/4\/2020\/03\/Enseignement-scientifique-1e\u0300re-ge\u0301ne\u0301rale-original.ppt\">Diaporama<\/a><a href=\"https:\/\/ent2d.ac-bordeaux.fr\/disciplines\/svt\/wp-content\/uploads\/sites\/4\/2020\/03\/Enseignement-scientifique-1e\u0300re-ge\u0301ne\u0301rale-original.ppt\" class=\"wp-block-file__button\" download>T\u00e9l\u00e9charger<\/a><\/div>\n","protected":false},"excerpt":{"rendered":"<p>M. Duris (professeur en \u00e9pist\u00e9mologie et histoire des sciences &#8211; Universit\u00e9 de Bordeaux) Introduction Partie 1 Lecture des programmes Partie 2 Pas de science d\u00e9finitive Partie 3 Les pi\u00e8ges de la litt\u00e9rature secondaire Partie 4 Quelques id\u00e9es \u00e0 retenir Partie 5 Bibliographie Partie 6 Conclusion Partie 7 Questions<\/p>\n","protected":false},"author":8,"featured_media":0,"parent":293,"menu_order":3,"comment_status":"closed","ping_status":"closed","template":"","meta":{"footnotes":""},"class_list":["post-556","page","type-page","status-publish","hentry","nodate","item-wrap"],"_links":{"self":[{"href":"https:\/\/ent2d.ac-bordeaux.fr\/disciplines\/enseignement-scientifique\/wp-json\/wp\/v2\/pages\/556","targetHints":{"allow":["GET"]}}],"collection":[{"href":"https:\/\/ent2d.ac-bordeaux.fr\/disciplines\/enseignement-scientifique\/wp-json\/wp\/v2\/pages"}],"about":[{"href":"https:\/\/ent2d.ac-bordeaux.fr\/disciplines\/enseignement-scientifique\/wp-json\/wp\/v2\/types\/page"}],"author":[{"embeddable":true,"href":"https:\/\/ent2d.ac-bordeaux.fr\/disciplines\/enseignement-scientifique\/wp-json\/wp\/v2\/users\/8"}],"replies":[{"embeddable":true,"href":"https:\/\/ent2d.ac-bordeaux.fr\/disciplines\/enseignement-scientifique\/wp-json\/wp\/v2\/comments?post=556"}],"version-history":[{"count":2,"href":"https:\/\/ent2d.ac-bordeaux.fr\/disciplines\/enseignement-scientifique\/wp-json\/wp\/v2\/pages\/556\/revisions"}],"predecessor-version":[{"id":562,"href":"https:\/\/ent2d.ac-bordeaux.fr\/disciplines\/enseignement-scientifique\/wp-json\/wp\/v2\/pages\/556\/revisions\/562"}],"up":[{"embeddable":true,"href":"https:\/\/ent2d.ac-bordeaux.fr\/disciplines\/enseignement-scientifique\/wp-json\/wp\/v2\/pages\/293"}],"wp:attachment":[{"href":"https:\/\/ent2d.ac-bordeaux.fr\/disciplines\/enseignement-scientifique\/wp-json\/wp\/v2\/media?parent=556"}],"curies":[{"name":"wp","href":"https:\/\/api.w.org\/{rel}","templated":true}]}}