{"id":537,"date":"2020-06-30T09:29:02","date_gmt":"2020-06-30T07:29:02","guid":{"rendered":"https:\/\/ent2d.ac-bordeaux.fr\/disciplines\/enseignement-scientifique\/?page_id=537"},"modified":"2020-06-30T09:29:05","modified_gmt":"2020-06-30T07:29:05","slug":"moodle-enseigner-la-biodiversite-dans-le-cadre-de-leducation-au-developpement-durable","status":"publish","type":"page","link":"https:\/\/ent2d.ac-bordeaux.fr\/disciplines\/enseignement-scientifique\/enseigner\/terminale\/biodiversite-pnf-enseignement-scientifique-mai-juin-2020\/moodle-enseigner-la-biodiversite-dans-le-cadre-de-leducation-au-developpement-durable\/","title":{"rendered":"Moodle &#8211; ENSEIGNER LA BIODIVERSIT\u00c9 dans le cadre de l&#8217;\u00e9ducation au D\u00e9veloppement Durable"},"content":{"rendered":"\n<ul class=\"wp-block-list\"><li>La\nbiodiversit\u00e9, un concept r\u00e9cent<\/li><li>Comprendre\nla biodiversit\u00e9<\/li><li>Estimer\nla biodiversit\u00e9<\/li><li>La\nbiodiversit\u00e9, r\u00e9sultat et \u00e9tape de l&#8217;histoire d&#8230;<\/li><li>Humanit\u00e9,\nbiodiversit\u00e9 et enjeux<\/li><li>La\nbiodiversit\u00e9 : impact de l&#8217;Homme ?<\/li><li>Ressources\npour enseigner au coll\u00e8ge et au lyc\u00e9e<\/li><li>Bibliographie\net webographie g\u00e9n\u00e9rales<\/li><\/ul>\n\n\n\n<div class=\"wp-block-button\"><a class=\"wp-block-button__link\" href=\"http:\/\/edu.mnhn.fr\/course\/view.php?id=47&amp;section=8\">Lien<\/a><\/div>\n","protected":false},"excerpt":{"rendered":"<p>La biodiversit\u00e9, un concept r\u00e9cent Comprendre la biodiversit\u00e9 Estimer la biodiversit\u00e9 La biodiversit\u00e9, r\u00e9sultat et \u00e9tape de l&#8217;histoire d&#8230; Humanit\u00e9, biodiversit\u00e9 et enjeux La biodiversit\u00e9 : impact de l&#8217;Homme ? Ressources pour enseigner au coll\u00e8ge et au lyc\u00e9e Bibliographie et webographie g\u00e9n\u00e9rales<\/p>\n","protected":false},"author":8,"featured_media":0,"parent":343,"menu_order":10,"comment_status":"closed","ping_status":"closed","template":"","meta":{"footnotes":""},"class_list":["post-537","page","type-page","status-publish","hentry","nodate","item-wrap"],"_links":{"self":[{"href":"https:\/\/ent2d.ac-bordeaux.fr\/disciplines\/enseignement-scientifique\/wp-json\/wp\/v2\/pages\/537","targetHints":{"allow":["GET"]}}],"collection":[{"href":"https:\/\/ent2d.ac-bordeaux.fr\/disciplines\/enseignement-scientifique\/wp-json\/wp\/v2\/pages"}],"about":[{"href":"https:\/\/ent2d.ac-bordeaux.fr\/disciplines\/enseignement-scientifique\/wp-json\/wp\/v2\/types\/page"}],"author":[{"embeddable":true,"href":"https:\/\/ent2d.ac-bordeaux.fr\/disciplines\/enseignement-scientifique\/wp-json\/wp\/v2\/users\/8"}],"replies":[{"embeddable":true,"href":"https:\/\/ent2d.ac-bordeaux.fr\/disciplines\/enseignement-scientifique\/wp-json\/wp\/v2\/comments?post=537"}],"version-history":[{"count":1,"href":"https:\/\/ent2d.ac-bordeaux.fr\/disciplines\/enseignement-scientifique\/wp-json\/wp\/v2\/pages\/537\/revisions"}],"predecessor-version":[{"id":538,"href":"https:\/\/ent2d.ac-bordeaux.fr\/disciplines\/enseignement-scientifique\/wp-json\/wp\/v2\/pages\/537\/revisions\/538"}],"up":[{"embeddable":true,"href":"https:\/\/ent2d.ac-bordeaux.fr\/disciplines\/enseignement-scientifique\/wp-json\/wp\/v2\/pages\/343"}],"wp:attachment":[{"href":"https:\/\/ent2d.ac-bordeaux.fr\/disciplines\/enseignement-scientifique\/wp-json\/wp\/v2\/media?parent=537"}],"curies":[{"name":"wp","href":"https:\/\/api.w.org\/{rel}","templated":true}]}}