{"id":533,"date":"2020-06-30T09:26:30","date_gmt":"2020-06-30T07:26:30","guid":{"rendered":"https:\/\/ent2d.ac-bordeaux.fr\/disciplines\/enseignement-scientifique\/?page_id=533"},"modified":"2020-06-30T09:27:59","modified_gmt":"2020-06-30T07:27:59","slug":"article-elements-de-recherche-en-didactique-sur-les-concepts-de-modeles-et-modelisations","status":"publish","type":"page","link":"https:\/\/ent2d.ac-bordeaux.fr\/disciplines\/enseignement-scientifique\/enseigner\/terminale\/biodiversite-pnf-enseignement-scientifique-mai-juin-2020\/article-elements-de-recherche-en-didactique-sur-les-concepts-de-modeles-et-modelisations\/","title":{"rendered":"Article \u2013 El\u00e9ments de recherche en didactique sur les concepts de mod\u00e8les et mod\u00e9lisations"},"content":{"rendered":"\n<p>LE MODELE EN QUESTIONS par Anne-Marie Drouin <\/p>\n\n\n\n<p>Derri\u00e8re la multiplicit\u00e9 des emplois du terme de mod\u00e8le, peut-on supposer que se cache un concept unique, ou doit-on en rester \u00e0 un constat d&#8217;h\u00e9t\u00e9rog\u00e9n\u00e9it\u00e9 ? Cette question a \u00e9t\u00e9 d\u00e9battue au cours d&#8217;un s\u00e9minaire dont le texte qui suit se fait l&#8217;\u00e9cho. Sans vouloir aboutir \u00e0 une d\u00e9finition unique et ferm\u00e9e, cette r\u00e9flexion tente de trouver des coh\u00e9rences au milieu des contradictions. L&#8217;analyse d&#8217;un mod\u00e8le en biologie illustre un certain nombre des caract\u00e8res mis \u00e0 jour dans cette \u00e9tude. <\/p>\n\n\n\n<div class=\"wp-block-file\"><a href=\"https:\/\/ent2d.ac-bordeaux.fr\/disciplines\/enseignement-scientifique\/wp-content\/uploads\/sites\/67\/2020\/06\/RA007.pdf\" target=\"_blank\" rel=\"noreferrer noopener\">Article<\/a><a href=\"https:\/\/ent2d.ac-bordeaux.fr\/disciplines\/enseignement-scientifique\/wp-content\/uploads\/sites\/67\/2020\/06\/RA007.pdf\" class=\"wp-block-file__button\" download>T\u00e9l\u00e9charger<\/a><\/div>\n","protected":false},"excerpt":{"rendered":"<p>LE MODELE EN QUESTIONS par Anne-Marie Drouin Derri\u00e8re la multiplicit\u00e9 des emplois du terme de mod\u00e8le, peut-on supposer que se cache un concept unique, ou doit-on en rester \u00e0 un constat d&#8217;h\u00e9t\u00e9rog\u00e9n\u00e9it\u00e9 ? Cette question a \u00e9t\u00e9 d\u00e9battue au cours d&#8217;un s\u00e9minaire dont le texte qui suit se fait l&#8217;\u00e9cho. Sans vouloir aboutir \u00e0 une &hellip; <\/p>\n<p><a class=\"more-link btn\" href=\"https:\/\/ent2d.ac-bordeaux.fr\/disciplines\/enseignement-scientifique\/enseigner\/terminale\/biodiversite-pnf-enseignement-scientifique-mai-juin-2020\/article-elements-de-recherche-en-didactique-sur-les-concepts-de-modeles-et-modelisations\/\">Lire la suite<\/a><\/p>\n","protected":false},"author":8,"featured_media":0,"parent":343,"menu_order":9,"comment_status":"closed","ping_status":"closed","template":"","meta":{"footnotes":""},"class_list":["post-533","page","type-page","status-publish","hentry","nodate","item-wrap"],"_links":{"self":[{"href":"https:\/\/ent2d.ac-bordeaux.fr\/disciplines\/enseignement-scientifique\/wp-json\/wp\/v2\/pages\/533","targetHints":{"allow":["GET"]}}],"collection":[{"href":"https:\/\/ent2d.ac-bordeaux.fr\/disciplines\/enseignement-scientifique\/wp-json\/wp\/v2\/pages"}],"about":[{"href":"https:\/\/ent2d.ac-bordeaux.fr\/disciplines\/enseignement-scientifique\/wp-json\/wp\/v2\/types\/page"}],"author":[{"embeddable":true,"href":"https:\/\/ent2d.ac-bordeaux.fr\/disciplines\/enseignement-scientifique\/wp-json\/wp\/v2\/users\/8"}],"replies":[{"embeddable":true,"href":"https:\/\/ent2d.ac-bordeaux.fr\/disciplines\/enseignement-scientifique\/wp-json\/wp\/v2\/comments?post=533"}],"version-history":[{"count":2,"href":"https:\/\/ent2d.ac-bordeaux.fr\/disciplines\/enseignement-scientifique\/wp-json\/wp\/v2\/pages\/533\/revisions"}],"predecessor-version":[{"id":536,"href":"https:\/\/ent2d.ac-bordeaux.fr\/disciplines\/enseignement-scientifique\/wp-json\/wp\/v2\/pages\/533\/revisions\/536"}],"up":[{"embeddable":true,"href":"https:\/\/ent2d.ac-bordeaux.fr\/disciplines\/enseignement-scientifique\/wp-json\/wp\/v2\/pages\/343"}],"wp:attachment":[{"href":"https:\/\/ent2d.ac-bordeaux.fr\/disciplines\/enseignement-scientifique\/wp-json\/wp\/v2\/media?parent=533"}],"curies":[{"name":"wp","href":"https:\/\/api.w.org\/{rel}","templated":true}]}}