{"id":51,"date":"2019-06-05T16:58:12","date_gmt":"2019-06-05T14:58:12","guid":{"rendered":"https:\/\/ent2d.ac-bordeaux.fr\/disciplines\/enseignement-scientifique\/?page_id=51"},"modified":"2019-06-11T20:37:30","modified_gmt":"2019-06-11T18:37:30","slug":"de-lexploration-des-planetes-a-la-remediation-des-pollutions-en-passant-par-lhistoire-de-la-vie-pourquoi-et-comment-etudie-t-on-les-cristaux","status":"publish","type":"page","link":"https:\/\/ent2d.ac-bordeaux.fr\/disciplines\/enseignement-scientifique\/enseigner\/premiere\/pnf-enseignement-scientifique-15-et-16-mai-2019\/de-lexploration-des-planetes-a-la-remediation-des-pollutions-en-passant-par-lhistoire-de-la-vie-pourquoi-et-comment-etudie-t-on-les-cristaux\/","title":{"rendered":"De l\u2019exploration des plan\u00e8tes \u00e0 la rem\u00e9diation des pollutions en passant par l\u2019histoire de la vie : pourquoi et comment \u00e9tudie-t-on les cristaux ?"},"content":{"rendered":"\n<p><strong>Karim Benzerara<\/strong><\/p>\n\n\n\n<p>Directeur de recherche au CNRS, Institut de Min\u00e9ralogie, de Physique des Mat\u00e9riaux et de Cosmochimie, Sorbonne Universit\u00e9 &amp; MNHN&nbsp;&nbsp;&nbsp;&nbsp;&nbsp;&nbsp;&nbsp;&nbsp;&nbsp;&nbsp;&nbsp;&nbsp;&nbsp;&nbsp;&nbsp;&nbsp;&nbsp;&nbsp;&nbsp; <\/p>\n\n\n\n<figure class=\"wp-block-video aligncenter\"><video controls preload=\"auto\" src=\"https:\/\/ent2d.ac-bordeaux.fr\/mediacad\/m\/17837\/d\/m\/e\/mp4\"><\/video><\/figure>\n\n\n\n<p><a href=\"https:\/\/ent2d.ac-bordeaux.fr\/disciplines\/enseignement-scientifique\/wp-content\/uploads\/sites\/67\/2019\/06\/Pourquoi-et-comment-e\u0301tudie-t-on-les-cristaux.pptx\">Support de pr\u00e9sentation<\/a><\/p>\n","protected":false},"excerpt":{"rendered":"<p>Karim Benzerara Directeur de recherche au CNRS, Institut de Min\u00e9ralogie, de Physique des Mat\u00e9riaux et de Cosmochimie, Sorbonne Universit\u00e9 &amp; MNHN&nbsp;&nbsp;&nbsp;&nbsp;&nbsp;&nbsp;&nbsp;&nbsp;&nbsp;&nbsp;&nbsp;&nbsp;&nbsp;&nbsp;&nbsp;&nbsp;&nbsp;&nbsp;&nbsp; Support de pr\u00e9sentation<\/p>\n","protected":false},"author":8,"featured_media":0,"parent":40,"menu_order":4,"comment_status":"closed","ping_status":"closed","template":"","meta":{"footnotes":""},"class_list":["post-51","page","type-page","status-publish","hentry","nodate","item-wrap"],"_links":{"self":[{"href":"https:\/\/ent2d.ac-bordeaux.fr\/disciplines\/enseignement-scientifique\/wp-json\/wp\/v2\/pages\/51","targetHints":{"allow":["GET"]}}],"collection":[{"href":"https:\/\/ent2d.ac-bordeaux.fr\/disciplines\/enseignement-scientifique\/wp-json\/wp\/v2\/pages"}],"about":[{"href":"https:\/\/ent2d.ac-bordeaux.fr\/disciplines\/enseignement-scientifique\/wp-json\/wp\/v2\/types\/page"}],"author":[{"embeddable":true,"href":"https:\/\/ent2d.ac-bordeaux.fr\/disciplines\/enseignement-scientifique\/wp-json\/wp\/v2\/users\/8"}],"replies":[{"embeddable":true,"href":"https:\/\/ent2d.ac-bordeaux.fr\/disciplines\/enseignement-scientifique\/wp-json\/wp\/v2\/comments?post=51"}],"version-history":[{"count":7,"href":"https:\/\/ent2d.ac-bordeaux.fr\/disciplines\/enseignement-scientifique\/wp-json\/wp\/v2\/pages\/51\/revisions"}],"predecessor-version":[{"id":273,"href":"https:\/\/ent2d.ac-bordeaux.fr\/disciplines\/enseignement-scientifique\/wp-json\/wp\/v2\/pages\/51\/revisions\/273"}],"up":[{"embeddable":true,"href":"https:\/\/ent2d.ac-bordeaux.fr\/disciplines\/enseignement-scientifique\/wp-json\/wp\/v2\/pages\/40"}],"wp:attachment":[{"href":"https:\/\/ent2d.ac-bordeaux.fr\/disciplines\/enseignement-scientifique\/wp-json\/wp\/v2\/media?parent=51"}],"curies":[{"name":"wp","href":"https:\/\/api.w.org\/{rel}","templated":true}]}}