{"id":506,"date":"2020-06-30T09:08:32","date_gmt":"2020-06-30T07:08:32","guid":{"rendered":"https:\/\/ent2d.ac-bordeaux.fr\/disciplines\/enseignement-scientifique\/?page_id=506"},"modified":"2020-06-30T09:25:20","modified_gmt":"2020-06-30T07:25:20","slug":"site-modeliser-levolution-dune-population","status":"publish","type":"page","link":"https:\/\/ent2d.ac-bordeaux.fr\/disciplines\/enseignement-scientifique\/enseigner\/terminale\/biodiversite-pnf-enseignement-scientifique-mai-juin-2020\/site-modeliser-levolution-dune-population\/","title":{"rendered":"Site &#8211; Mod\u00e9liser l\u2019\u00e9volution d\u2019une population"},"content":{"rendered":"\n<p>Math\u00e9matiques\net informatique offrent diff\u00e9rents formalismes de simulation de l&#8217;\u00e9volution\nd&#8217;une population. Initialement antagonistes, ces approches tendent \u00e0 se\nr\u00e9concilier.<\/p>\n\n\n\n<ul class=\"wp-block-list\"><li>Du d\u00e9terminisme au probabilisme<\/li><li>Les mod\u00e8les \u00e0 l\u2019\u00e8re num\u00e9rique<\/li><li> Vers la fin d\u2019un antagonisme <\/li><\/ul>\n\n\n\n<div class=\"wp-block-button\"><a class=\"wp-block-button__link\" href=\"https:\/\/interstices.info\/modelisation-en-dynamique-des-populations\/\">Lien<\/a><\/div>\n\n\n\n<p><\/p>\n","protected":false},"excerpt":{"rendered":"<p>Math\u00e9matiques et informatique offrent diff\u00e9rents formalismes de simulation de l&#8217;\u00e9volution d&#8217;une population. Initialement antagonistes, ces approches tendent \u00e0 se r\u00e9concilier. Du d\u00e9terminisme au probabilisme Les mod\u00e8les \u00e0 l\u2019\u00e8re num\u00e9rique Vers la fin d\u2019un antagonisme<\/p>\n","protected":false},"author":8,"featured_media":0,"parent":343,"menu_order":6,"comment_status":"closed","ping_status":"closed","template":"","meta":{"footnotes":""},"class_list":["post-506","page","type-page","status-publish","hentry","nodate","item-wrap"],"_links":{"self":[{"href":"https:\/\/ent2d.ac-bordeaux.fr\/disciplines\/enseignement-scientifique\/wp-json\/wp\/v2\/pages\/506","targetHints":{"allow":["GET"]}}],"collection":[{"href":"https:\/\/ent2d.ac-bordeaux.fr\/disciplines\/enseignement-scientifique\/wp-json\/wp\/v2\/pages"}],"about":[{"href":"https:\/\/ent2d.ac-bordeaux.fr\/disciplines\/enseignement-scientifique\/wp-json\/wp\/v2\/types\/page"}],"author":[{"embeddable":true,"href":"https:\/\/ent2d.ac-bordeaux.fr\/disciplines\/enseignement-scientifique\/wp-json\/wp\/v2\/users\/8"}],"replies":[{"embeddable":true,"href":"https:\/\/ent2d.ac-bordeaux.fr\/disciplines\/enseignement-scientifique\/wp-json\/wp\/v2\/comments?post=506"}],"version-history":[{"count":1,"href":"https:\/\/ent2d.ac-bordeaux.fr\/disciplines\/enseignement-scientifique\/wp-json\/wp\/v2\/pages\/506\/revisions"}],"predecessor-version":[{"id":507,"href":"https:\/\/ent2d.ac-bordeaux.fr\/disciplines\/enseignement-scientifique\/wp-json\/wp\/v2\/pages\/506\/revisions\/507"}],"up":[{"embeddable":true,"href":"https:\/\/ent2d.ac-bordeaux.fr\/disciplines\/enseignement-scientifique\/wp-json\/wp\/v2\/pages\/343"}],"wp:attachment":[{"href":"https:\/\/ent2d.ac-bordeaux.fr\/disciplines\/enseignement-scientifique\/wp-json\/wp\/v2\/media?parent=506"}],"curies":[{"name":"wp","href":"https:\/\/api.w.org\/{rel}","templated":true}]}}