{"id":503,"date":"2020-06-30T09:06:32","date_gmt":"2020-06-30T07:06:32","guid":{"rendered":"https:\/\/ent2d.ac-bordeaux.fr\/disciplines\/enseignement-scientifique\/?page_id=503"},"modified":"2020-06-30T10:25:27","modified_gmt":"2020-06-30T08:25:27","slug":"video-la-methode-de-capture-marquage-recapture","status":"publish","type":"page","link":"https:\/\/ent2d.ac-bordeaux.fr\/disciplines\/enseignement-scientifique\/enseigner\/terminale\/biodiversite-pnf-enseignement-scientifique-mai-juin-2020\/video-la-methode-de-capture-marquage-recapture\/","title":{"rendered":"Vid\u00e9o \u2013 La m\u00e9thode de capture &#8211; marquage &#8211; recapture"},"content":{"rendered":"\n<p>Capsule vid\u00e9o de 10 minutes sur le sous th\u00e8me 3.1 : les enjeux de la pr\u00e9servation de biodiversit\u00e9 et pr\u00e9servation des \u00e9cosyst\u00e8mes &#8211; la m\u00e9thode de capture \u2013 marquage \u2013 recapture.<\/p>\n\n\n\n<p>Evaluer la biodiversit\u00e9 en utilisant la m\u00e9thode CMR en utilisant la mod\u00e9lisation math\u00e9matique.<\/p>\n\n\n\n<ul class=\"wp-block-list\"><li>Principe de la m\u00e9thode CMR capture- marquage-recapture<\/li><li>Pistes de mise en \u0153uvre pratique en classe<ul><li>Tirage de Haricots<\/li><li>Simulation avec GeoGebra<\/li><li>Enjeu soci\u00e9tal <\/li><\/ul><\/li><\/ul>\n\n\n<iframe loading=\"lazy\" frameborder=\"0\" width=\"100%\" height=\"450\" src=\"https:\/\/ent2d.ac-bordeaux.fr\/mediacad\/m\/23513\/d\/i\" webkitAllowFullScreen=\"true\" mozallowfullscreen=\"true\" allowFullScreen=\"true\"><\/iframe>\n\n\n\n<p>Intervenants&nbsp;:<\/p>\n\n\n\n<p><strong>Sophie Marcus,<\/strong> charg\u00e9e de mission d&#8217;inspection de math\u00e9matiques &#8211;\nacad\u00e9mie de Cr\u00e9teil<\/p>\n\n\n\n<p><strong>Ali\u00e9nor V\u00e9ron\u00e8se,<\/strong> inspectrice d\u2019acad\u00e9mie \u2013 inspectrice p\u00e9dagogique r\u00e9gionale de math\u00e9matiques &#8211; acad\u00e9mie d\u2019Orl\u00e9ans-Tours<\/p>\n\n\n\n<p><strong>B\u00e9n\u00e9dicte Hare,<\/strong> inspectrice d\u2019acad\u00e9mie \u2013 inspectrice p\u00e9dagogique r\u00e9gionale de SVT &#8211; acad\u00e9mie de Cr\u00e9teil <\/p>\n","protected":false},"excerpt":{"rendered":"<p>Capsule vid\u00e9o de 10 minutes sur le sous th\u00e8me 3.1 : les enjeux de la pr\u00e9servation de biodiversit\u00e9 et pr\u00e9servation des \u00e9cosyst\u00e8mes &#8211; la m\u00e9thode de capture \u2013 marquage \u2013 recapture. Evaluer la biodiversit\u00e9 en utilisant la m\u00e9thode CMR en utilisant la mod\u00e9lisation math\u00e9matique. Principe de la m\u00e9thode CMR capture- marquage-recapture Pistes de mise en &hellip; <\/p>\n<p><a class=\"more-link btn\" href=\"https:\/\/ent2d.ac-bordeaux.fr\/disciplines\/enseignement-scientifique\/enseigner\/terminale\/biodiversite-pnf-enseignement-scientifique-mai-juin-2020\/video-la-methode-de-capture-marquage-recapture\/\">Lire la suite<\/a><\/p>\n","protected":false},"author":8,"featured_media":0,"parent":343,"menu_order":5,"comment_status":"closed","ping_status":"closed","template":"","meta":{"footnotes":""},"class_list":["post-503","page","type-page","status-publish","hentry","nodate","item-wrap"],"_links":{"self":[{"href":"https:\/\/ent2d.ac-bordeaux.fr\/disciplines\/enseignement-scientifique\/wp-json\/wp\/v2\/pages\/503","targetHints":{"allow":["GET"]}}],"collection":[{"href":"https:\/\/ent2d.ac-bordeaux.fr\/disciplines\/enseignement-scientifique\/wp-json\/wp\/v2\/pages"}],"about":[{"href":"https:\/\/ent2d.ac-bordeaux.fr\/disciplines\/enseignement-scientifique\/wp-json\/wp\/v2\/types\/page"}],"author":[{"embeddable":true,"href":"https:\/\/ent2d.ac-bordeaux.fr\/disciplines\/enseignement-scientifique\/wp-json\/wp\/v2\/users\/8"}],"replies":[{"embeddable":true,"href":"https:\/\/ent2d.ac-bordeaux.fr\/disciplines\/enseignement-scientifique\/wp-json\/wp\/v2\/comments?post=503"}],"version-history":[{"count":3,"href":"https:\/\/ent2d.ac-bordeaux.fr\/disciplines\/enseignement-scientifique\/wp-json\/wp\/v2\/pages\/503\/revisions"}],"predecessor-version":[{"id":554,"href":"https:\/\/ent2d.ac-bordeaux.fr\/disciplines\/enseignement-scientifique\/wp-json\/wp\/v2\/pages\/503\/revisions\/554"}],"up":[{"embeddable":true,"href":"https:\/\/ent2d.ac-bordeaux.fr\/disciplines\/enseignement-scientifique\/wp-json\/wp\/v2\/pages\/343"}],"wp:attachment":[{"href":"https:\/\/ent2d.ac-bordeaux.fr\/disciplines\/enseignement-scientifique\/wp-json\/wp\/v2\/media?parent=503"}],"curies":[{"name":"wp","href":"https:\/\/api.w.org\/{rel}","templated":true}]}}