{"id":501,"date":"2020-06-30T09:05:17","date_gmt":"2020-06-30T07:05:17","guid":{"rendered":"https:\/\/ent2d.ac-bordeaux.fr\/disciplines\/enseignement-scientifique\/?page_id=501"},"modified":"2020-06-30T10:23:40","modified_gmt":"2020-06-30T08:23:40","slug":"video-les-modeles-demographiques","status":"publish","type":"page","link":"https:\/\/ent2d.ac-bordeaux.fr\/disciplines\/enseignement-scientifique\/enseigner\/terminale\/biodiversite-pnf-enseignement-scientifique-mai-juin-2020\/video-les-modeles-demographiques\/","title":{"rendered":"Vid\u00e9o \u2013 Les mod\u00e8les d\u00e9mographiques"},"content":{"rendered":"\n<p>Capsule vid\u00e9o de 11 minutes sur le sous th\u00e8me 3.4 Les mod\u00e8les d\u00e9mographiques pr\u00e9dire l\u2019\u00e9volution des effectifs d\u2019une population en lien avec les ressources n\u00e9cessaires \u00e0 cette \u00e9volution.<\/p>\n\n\n\n<ul class=\"wp-block-list\"><li>Mod\u00e8le math\u00e9matique \u00e0 ajuster au mieux au r\u00e9el<\/li><li>Entr\u00e9e historique au travers des mod\u00e8les d\u00e9mographiques successifs (Malthus)<\/li><li>Enjeux et d\u00e9bat sur la production des ressources pour nourrir l\u2019humanit\u00e9<\/li><\/ul>\n\n\n<iframe loading=\"lazy\" frameborder=\"0\" width=\"100%\" height=\"450\" src=\"https:\/\/ent2d.ac-bordeaux.fr\/mediacad\/m\/23512\/d\/i\" webkitAllowFullScreen=\"true\" mozallowfullscreen=\"true\" allowFullScreen=\"true\"><\/iframe>\n\n\n\n<p>Intervenants&nbsp;:<\/p>\n\n\n\n<p><strong>Sophie Marcus,<\/strong> charg\u00e9e de mission d&#8217;inspection de math\u00e9matiques &#8211;\nacad\u00e9mie de Cr\u00e9teil<\/p>\n\n\n\n<p><strong>Ali\u00e9nor V\u00e9ron\u00e8se,<\/strong> inspectrice d\u2019acad\u00e9mie \u2013 inspectrice p\u00e9dagogique r\u00e9gionale de math\u00e9matiques &#8211; acad\u00e9mie d\u2019Orl\u00e9ans-Tours<\/p>\n\n\n\n<p><strong>B\u00e9n\u00e9dicte Hare,<\/strong> inspectrice d\u2019acad\u00e9mie \u2013 inspectrice p\u00e9dagogique r\u00e9gionale de SVT &#8211; acad\u00e9mie de Cr\u00e9teil <\/p>\n\n\n\n<p>  <\/p>\n","protected":false},"excerpt":{"rendered":"<p>Capsule vid\u00e9o de 11 minutes sur le sous th\u00e8me 3.4 Les mod\u00e8les d\u00e9mographiques pr\u00e9dire l\u2019\u00e9volution des effectifs d\u2019une population en lien avec les ressources n\u00e9cessaires \u00e0 cette \u00e9volution. Mod\u00e8le math\u00e9matique \u00e0 ajuster au mieux au r\u00e9el Entr\u00e9e historique au travers des mod\u00e8les d\u00e9mographiques successifs (Malthus) Enjeux et d\u00e9bat sur la production des ressources pour nourrir &hellip; <\/p>\n<p><a class=\"more-link btn\" href=\"https:\/\/ent2d.ac-bordeaux.fr\/disciplines\/enseignement-scientifique\/enseigner\/terminale\/biodiversite-pnf-enseignement-scientifique-mai-juin-2020\/video-les-modeles-demographiques\/\">Lire la suite<\/a><\/p>\n","protected":false},"author":8,"featured_media":0,"parent":343,"menu_order":4,"comment_status":"closed","ping_status":"closed","template":"","meta":{"footnotes":""},"class_list":["post-501","page","type-page","status-publish","hentry","nodate","item-wrap"],"_links":{"self":[{"href":"https:\/\/ent2d.ac-bordeaux.fr\/disciplines\/enseignement-scientifique\/wp-json\/wp\/v2\/pages\/501","targetHints":{"allow":["GET"]}}],"collection":[{"href":"https:\/\/ent2d.ac-bordeaux.fr\/disciplines\/enseignement-scientifique\/wp-json\/wp\/v2\/pages"}],"about":[{"href":"https:\/\/ent2d.ac-bordeaux.fr\/disciplines\/enseignement-scientifique\/wp-json\/wp\/v2\/types\/page"}],"author":[{"embeddable":true,"href":"https:\/\/ent2d.ac-bordeaux.fr\/disciplines\/enseignement-scientifique\/wp-json\/wp\/v2\/users\/8"}],"replies":[{"embeddable":true,"href":"https:\/\/ent2d.ac-bordeaux.fr\/disciplines\/enseignement-scientifique\/wp-json\/wp\/v2\/comments?post=501"}],"version-history":[{"count":2,"href":"https:\/\/ent2d.ac-bordeaux.fr\/disciplines\/enseignement-scientifique\/wp-json\/wp\/v2\/pages\/501\/revisions"}],"predecessor-version":[{"id":552,"href":"https:\/\/ent2d.ac-bordeaux.fr\/disciplines\/enseignement-scientifique\/wp-json\/wp\/v2\/pages\/501\/revisions\/552"}],"up":[{"embeddable":true,"href":"https:\/\/ent2d.ac-bordeaux.fr\/disciplines\/enseignement-scientifique\/wp-json\/wp\/v2\/pages\/343"}],"wp:attachment":[{"href":"https:\/\/ent2d.ac-bordeaux.fr\/disciplines\/enseignement-scientifique\/wp-json\/wp\/v2\/media?parent=501"}],"curies":[{"name":"wp","href":"https:\/\/api.w.org\/{rel}","templated":true}]}}