{"id":493,"date":"2020-06-30T09:00:35","date_gmt":"2020-06-30T07:00:35","guid":{"rendered":"https:\/\/ent2d.ac-bordeaux.fr\/disciplines\/enseignement-scientifique\/?page_id=493"},"modified":"2020-06-30T10:20:27","modified_gmt":"2020-06-30T08:20:27","slug":"video-introduction-et-presentation-de-la-biodiversite-au-sein-du-theme-une-histoire-du-vivant","status":"publish","type":"page","link":"https:\/\/ent2d.ac-bordeaux.fr\/disciplines\/enseignement-scientifique\/enseigner\/terminale\/biodiversite-pnf-enseignement-scientifique-mai-juin-2020\/video-introduction-et-presentation-de-la-biodiversite-au-sein-du-theme-une-histoire-du-vivant\/","title":{"rendered":"Vid\u00e9o \u2013 Introduction et pr\u00e9sentation de la biodiversit\u00e9 au sein du th\u00e8me une histoire du vivant"},"content":{"rendered":"\n<p>Capsule vid\u00e9o de 9 minutes introductive au th\u00e8me une\nhistoire du vivant&nbsp;: <\/p>\n\n\n\n<ul class=\"wp-block-list\"><li>Attendu du programme re situ\u00e9 au sein du parcours des \u00e9l\u00e8ves<\/li><li> Apports sur la mod\u00e9lisation math\u00e9matique <\/li><\/ul>\n\n\n\n<p><strong>VIDEO<\/strong><\/p>\n\n\n<iframe loading=\"lazy\" frameborder=\"0\" width=\"100%\" height=\"450\" src=\"https:\/\/ent2d.ac-bordeaux.fr\/mediacad\/m\/23510\/d\/i\" webkitAllowFullScreen=\"true\" mozallowfullscreen=\"true\" allowFullScreen=\"true\"><\/iframe>\n\n\n\n<p>Intervenants&nbsp;:<\/p>\n\n\n\n<p><strong>Sophie Marcus,<\/strong> charg\u00e9e de mission d&#8217;inspection de math\u00e9matiques &#8211;\nacad\u00e9mie de Cr\u00e9teil<\/p>\n\n\n\n<p><strong>Ali\u00e9nor V\u00e9ron\u00e8se,<\/strong> inspectrice d\u2019acad\u00e9mie \u2013 inspectrice p\u00e9dagogique\nr\u00e9gionale de math\u00e9matiques &#8211; acad\u00e9mie d\u2019Orl\u00e9ans-Tours<\/p>\n\n\n\n<p><strong>B\u00e9n\u00e9dicte Hare,<\/strong> inspectrice d\u2019acad\u00e9mie \u2013 inspectrice p\u00e9dagogique\nr\u00e9gionale de SVT &#8211; acad\u00e9mie de Cr\u00e9teil<\/p>\n","protected":false},"excerpt":{"rendered":"<p>Capsule vid\u00e9o de 9 minutes introductive au th\u00e8me une histoire du vivant&nbsp;: Attendu du programme re situ\u00e9 au sein du parcours des \u00e9l\u00e8ves Apports sur la mod\u00e9lisation math\u00e9matique VIDEO Intervenants&nbsp;: Sophie Marcus, charg\u00e9e de mission d&#8217;inspection de math\u00e9matiques &#8211; acad\u00e9mie de Cr\u00e9teil Ali\u00e9nor V\u00e9ron\u00e8se, inspectrice d\u2019acad\u00e9mie \u2013 inspectrice p\u00e9dagogique r\u00e9gionale de math\u00e9matiques &#8211; acad\u00e9mie d\u2019Orl\u00e9ans-Tours &hellip; <\/p>\n<p><a class=\"more-link btn\" href=\"https:\/\/ent2d.ac-bordeaux.fr\/disciplines\/enseignement-scientifique\/enseigner\/terminale\/biodiversite-pnf-enseignement-scientifique-mai-juin-2020\/video-introduction-et-presentation-de-la-biodiversite-au-sein-du-theme-une-histoire-du-vivant\/\">Lire la suite<\/a><\/p>\n","protected":false},"author":8,"featured_media":0,"parent":343,"menu_order":2,"comment_status":"closed","ping_status":"closed","template":"","meta":{"footnotes":""},"class_list":["post-493","page","type-page","status-publish","hentry","nodate","item-wrap"],"_links":{"self":[{"href":"https:\/\/ent2d.ac-bordeaux.fr\/disciplines\/enseignement-scientifique\/wp-json\/wp\/v2\/pages\/493","targetHints":{"allow":["GET"]}}],"collection":[{"href":"https:\/\/ent2d.ac-bordeaux.fr\/disciplines\/enseignement-scientifique\/wp-json\/wp\/v2\/pages"}],"about":[{"href":"https:\/\/ent2d.ac-bordeaux.fr\/disciplines\/enseignement-scientifique\/wp-json\/wp\/v2\/types\/page"}],"author":[{"embeddable":true,"href":"https:\/\/ent2d.ac-bordeaux.fr\/disciplines\/enseignement-scientifique\/wp-json\/wp\/v2\/users\/8"}],"replies":[{"embeddable":true,"href":"https:\/\/ent2d.ac-bordeaux.fr\/disciplines\/enseignement-scientifique\/wp-json\/wp\/v2\/comments?post=493"}],"version-history":[{"count":3,"href":"https:\/\/ent2d.ac-bordeaux.fr\/disciplines\/enseignement-scientifique\/wp-json\/wp\/v2\/pages\/493\/revisions"}],"predecessor-version":[{"id":548,"href":"https:\/\/ent2d.ac-bordeaux.fr\/disciplines\/enseignement-scientifique\/wp-json\/wp\/v2\/pages\/493\/revisions\/548"}],"up":[{"embeddable":true,"href":"https:\/\/ent2d.ac-bordeaux.fr\/disciplines\/enseignement-scientifique\/wp-json\/wp\/v2\/pages\/343"}],"wp:attachment":[{"href":"https:\/\/ent2d.ac-bordeaux.fr\/disciplines\/enseignement-scientifique\/wp-json\/wp\/v2\/media?parent=493"}],"curies":[{"name":"wp","href":"https:\/\/api.w.org\/{rel}","templated":true}]}}