{"id":464,"date":"2020-06-23T14:48:37","date_gmt":"2020-06-23T12:48:37","guid":{"rendered":"https:\/\/ent2d.ac-bordeaux.fr\/disciplines\/enseignement-scientifique\/?page_id=464"},"modified":"2020-06-23T14:48:43","modified_gmt":"2020-06-23T12:48:43","slug":"manuel-le-climat-entre-nos-mains","status":"publish","type":"page","link":"https:\/\/ent2d.ac-bordeaux.fr\/disciplines\/enseignement-scientifique\/enseigner\/terminale\/climat-pnf-enseignement-scientifique-mai-juin-2020\/manuel-le-climat-entre-nos-mains\/","title":{"rendered":"Manuel &#8211; Le climat entre nos mains"},"content":{"rendered":"\n<p style=\"text-align:center\"><strong>&#8220;Le Climat Entre Nos Mains \u2013 Oc\u00e9an et Cryosph\u00e8re <\/strong>Manuel \u00e0 destination des enseignants du primaire et du secondaire&#8221; <\/p>\n\n\n\n<p>Office for Climate Education, Paris, 2019, est un manuel proposant nombre de ressources sur le climat.<\/p>\n\n\n\n<p>La s\u00e9quence page 47 permet, notamment par l\u2019exploitation d\u2019articles et de graphiques, une approche non empirique du d\u00e9r\u00e8glement climatique. Pr\u00e9vue pour un public de cycle 4, elle est facilement transposable \u00e0 des \u00e9l\u00e8ves de terminale.<\/p>\n\n\n\n<div class=\"wp-block-file\"><a href=\"https:\/\/ent2d.ac-bordeaux.fr\/disciplines\/enseignement-scientifique\/wp-content\/uploads\/sites\/67\/2020\/06\/Ocean_et_cryosphere-FR-2020-WEB.pdf\" target=\"_blank\" rel=\"noreferrer noopener\">Ocean_et_cryosphere-FR-2020-WEB<\/a><a href=\"https:\/\/ent2d.ac-bordeaux.fr\/disciplines\/enseignement-scientifique\/wp-content\/uploads\/sites\/67\/2020\/06\/Ocean_et_cryosphere-FR-2020-WEB.pdf\" class=\"wp-block-file__button\" download>T\u00e9l\u00e9charger<\/a><\/div>\n","protected":false},"excerpt":{"rendered":"<p>&#8220;Le Climat Entre Nos Mains \u2013 Oc\u00e9an et Cryosph\u00e8re Manuel \u00e0 destination des enseignants du primaire et du secondaire&#8221; Office for Climate Education, Paris, 2019, est un manuel proposant nombre de ressources sur le climat. La s\u00e9quence page 47 permet, notamment par l\u2019exploitation d\u2019articles et de graphiques, une approche non empirique du d\u00e9r\u00e8glement climatique. Pr\u00e9vue &hellip; <\/p>\n<p><a class=\"more-link btn\" href=\"https:\/\/ent2d.ac-bordeaux.fr\/disciplines\/enseignement-scientifique\/enseigner\/terminale\/climat-pnf-enseignement-scientifique-mai-juin-2020\/manuel-le-climat-entre-nos-mains\/\">Lire la suite<\/a><\/p>\n","protected":false},"author":8,"featured_media":0,"parent":316,"menu_order":12,"comment_status":"closed","ping_status":"closed","template":"","meta":{"footnotes":""},"class_list":["post-464","page","type-page","status-publish","hentry","nodate","item-wrap"],"_links":{"self":[{"href":"https:\/\/ent2d.ac-bordeaux.fr\/disciplines\/enseignement-scientifique\/wp-json\/wp\/v2\/pages\/464","targetHints":{"allow":["GET"]}}],"collection":[{"href":"https:\/\/ent2d.ac-bordeaux.fr\/disciplines\/enseignement-scientifique\/wp-json\/wp\/v2\/pages"}],"about":[{"href":"https:\/\/ent2d.ac-bordeaux.fr\/disciplines\/enseignement-scientifique\/wp-json\/wp\/v2\/types\/page"}],"author":[{"embeddable":true,"href":"https:\/\/ent2d.ac-bordeaux.fr\/disciplines\/enseignement-scientifique\/wp-json\/wp\/v2\/users\/8"}],"replies":[{"embeddable":true,"href":"https:\/\/ent2d.ac-bordeaux.fr\/disciplines\/enseignement-scientifique\/wp-json\/wp\/v2\/comments?post=464"}],"version-history":[{"count":1,"href":"https:\/\/ent2d.ac-bordeaux.fr\/disciplines\/enseignement-scientifique\/wp-json\/wp\/v2\/pages\/464\/revisions"}],"predecessor-version":[{"id":466,"href":"https:\/\/ent2d.ac-bordeaux.fr\/disciplines\/enseignement-scientifique\/wp-json\/wp\/v2\/pages\/464\/revisions\/466"}],"up":[{"embeddable":true,"href":"https:\/\/ent2d.ac-bordeaux.fr\/disciplines\/enseignement-scientifique\/wp-json\/wp\/v2\/pages\/316"}],"wp:attachment":[{"href":"https:\/\/ent2d.ac-bordeaux.fr\/disciplines\/enseignement-scientifique\/wp-json\/wp\/v2\/media?parent=464"}],"curies":[{"name":"wp","href":"https:\/\/api.w.org\/{rel}","templated":true}]}}