{"id":46,"date":"2019-06-05T16:55:52","date_gmt":"2019-06-05T14:55:52","guid":{"rendered":"https:\/\/ent2d.ac-bordeaux.fr\/disciplines\/enseignement-scientifique\/?page_id=46"},"modified":"2019-06-08T14:22:19","modified_gmt":"2019-06-08T12:22:19","slug":"enjeux-de-lenseignement-scientifique","status":"publish","type":"page","link":"https:\/\/ent2d.ac-bordeaux.fr\/disciplines\/enseignement-scientifique\/enseigner\/premiere\/pnf-enseignement-scientifique-15-et-16-mai-2019\/enjeux-de-lenseignement-scientifique\/","title":{"rendered":"Enjeux de l&#8217;enseignement scientifique"},"content":{"rendered":"\n<p><strong>Anne Burban<\/strong><\/p>\n\n\n\n<p>Inspectrice g\u00e9n\u00e9rale de l&#8217;\u00e9ducation nationale, groupe math\u00e9matiques<\/p>\n\n\n\n<p><strong>Robin Bosdeveix                                <\/strong><\/p>\n\n\n\n<p>Inspecteur g\u00e9n\u00e9ral de l\u2019\u00e9ducation nationale, groupe sciences et technologies du vivant, de la sant\u00e9 et de la Terre <\/p>\n\n\n\n<p><strong>Jean Aristide Cavaill\u00e8s<\/strong><\/p>\n\n\n\n<p>Inspecteur g\u00e9n\u00e9ral de l\u2019\u00e9ducation nationale, groupe physique-chimie<\/p>\n\n\n\n<figure class=\"wp-block-video aligncenter\"><video controls preload=\"auto\" src=\"https:\/\/ent2d.ac-bordeaux.fr\/mediacad\/m\/17829\/d\/m\/e\/mp4\"><\/video><\/figure>\n\n\n\n<p><a href=\"https:\/\/ent2d.ac-bordeaux.fr\/disciplines\/enseignement-scientifique\/wp-content\/uploads\/sites\/67\/2019\/06\/Enjeux-ESdiaporamaIGEN.pdf\">Support de pr\u00e9sentation<\/a><\/p>\n","protected":false},"excerpt":{"rendered":"<p>Anne Burban Inspectrice g\u00e9n\u00e9rale de l&#8217;\u00e9ducation nationale, groupe math\u00e9matiques Robin Bosdeveix Inspecteur g\u00e9n\u00e9ral de l\u2019\u00e9ducation nationale, groupe sciences et technologies du vivant, de la sant\u00e9 et de la Terre Jean Aristide Cavaill\u00e8s Inspecteur g\u00e9n\u00e9ral de l\u2019\u00e9ducation nationale, groupe physique-chimie Support de pr\u00e9sentation<\/p>\n","protected":false},"author":8,"featured_media":0,"parent":40,"menu_order":2,"comment_status":"closed","ping_status":"closed","template":"","meta":{"footnotes":""},"class_list":["post-46","page","type-page","status-publish","hentry","nodate","item-wrap"],"_links":{"self":[{"href":"https:\/\/ent2d.ac-bordeaux.fr\/disciplines\/enseignement-scientifique\/wp-json\/wp\/v2\/pages\/46","targetHints":{"allow":["GET"]}}],"collection":[{"href":"https:\/\/ent2d.ac-bordeaux.fr\/disciplines\/enseignement-scientifique\/wp-json\/wp\/v2\/pages"}],"about":[{"href":"https:\/\/ent2d.ac-bordeaux.fr\/disciplines\/enseignement-scientifique\/wp-json\/wp\/v2\/types\/page"}],"author":[{"embeddable":true,"href":"https:\/\/ent2d.ac-bordeaux.fr\/disciplines\/enseignement-scientifique\/wp-json\/wp\/v2\/users\/8"}],"replies":[{"embeddable":true,"href":"https:\/\/ent2d.ac-bordeaux.fr\/disciplines\/enseignement-scientifique\/wp-json\/wp\/v2\/comments?post=46"}],"version-history":[{"count":6,"href":"https:\/\/ent2d.ac-bordeaux.fr\/disciplines\/enseignement-scientifique\/wp-json\/wp\/v2\/pages\/46\/revisions"}],"predecessor-version":[{"id":268,"href":"https:\/\/ent2d.ac-bordeaux.fr\/disciplines\/enseignement-scientifique\/wp-json\/wp\/v2\/pages\/46\/revisions\/268"}],"up":[{"embeddable":true,"href":"https:\/\/ent2d.ac-bordeaux.fr\/disciplines\/enseignement-scientifique\/wp-json\/wp\/v2\/pages\/40"}],"wp:attachment":[{"href":"https:\/\/ent2d.ac-bordeaux.fr\/disciplines\/enseignement-scientifique\/wp-json\/wp\/v2\/media?parent=46"}],"curies":[{"name":"wp","href":"https:\/\/api.w.org\/{rel}","templated":true}]}}