{"id":409,"date":"2020-06-20T19:59:52","date_gmt":"2020-06-20T17:59:52","guid":{"rendered":"https:\/\/ent2d.ac-bordeaux.fr\/disciplines\/enseignement-scientifique\/?page_id=409"},"modified":"2020-06-22T09:11:04","modified_gmt":"2020-06-22T07:11:04","slug":"article-lanthropocene-affaire-de-science-affaire-deducation-2","status":"publish","type":"page","link":"https:\/\/ent2d.ac-bordeaux.fr\/disciplines\/enseignement-scientifique\/enseigner\/terminale\/climat-pnf-enseignement-scientifique-mai-juin-2020\/article-lanthropocene-affaire-de-science-affaire-deducation-2\/","title":{"rendered":"Article \u2013 l\u2019Anthropoc\u00e8ne, affaire de science, affaire d\u2019\u00e9ducation"},"content":{"rendered":"\n<p>Pierre L\u00e9na, David Wilgenbuset Lydie Lescarmontier Extrait de l\u2019ouvrage Eduquer en Anthropoc\u00e8ne, 2019. Wallenhorst N. &amp; Pierron J.-P. (ed.) Editions Le Bord de l\u2019eau. <\/p>\n\n\n<p>L\u2019Anthropoc\u00e8ne, affaire de science, affaire d\u2019\u00e9ducation<\/p>\n<ul>\n<li>Repr\u00e9sentations du monde et science\n<ul>\n<li><em>Une multitude de repr\u00e9sentations<\/em><\/li>\n<li><em>D\u00e9fis pour l\u2019\u00e9ducation<\/em><\/li>\n<\/ul>\n<\/li>\n<li>Quelques pr\u00e9conisations \u00e9ducatives\n<ul>\n<li><em>Comprendre<\/em><\/li>\n<li><em>Faire confiance<\/em><\/li>\n<li><em>Agir<\/em><\/li>\n<li><em>\u00catre solidaire<\/em><\/li>\n<\/ul>\n<\/li>\n<li>Accompagner les professeurs\n<ul>\n<li><em>L\u2019OCE, une action sp\u00e9cifique<\/em><\/li>\n<\/ul>\n<\/li>\n<\/ul>\n\n\n<div class=\"wp-block-file\"><a href=\"https:\/\/ent2d.ac-bordeaux.fr\/disciplines\/enseignement-scientifique\/enseigner\/terminale\/climat-pnf-enseignement-scientifique-mai-juin-2020\/article-lanthropocene-affaire-de-science-affaire-deducation\/\" target=\"_blank\" rel=\"noreferrer noopener\">Article &#8211; L\u2019Anthropoc\u00e8ne, affaire de science, affaire d\u2019\u00e9ducation<\/a><a href=\"https:\/\/ent2d.ac-bordeaux.fr\/disciplines\/enseignement-scientifique\/wp-content\/uploads\/sites\/67\/2020\/06\/Article-L\u2019Anthropoc\u00e8ne-affaire-de-science-affaire-d\u2019\u00e9ducation.pdf\" class=\"wp-block-file__button\" download>T\u00e9l\u00e9charger<\/a><\/div>\n","protected":false},"excerpt":{"rendered":"<p>Pierre L\u00e9na, David Wilgenbuset Lydie Lescarmontier Extrait de l\u2019ouvrage Eduquer en Anthropoc\u00e8ne, 2019. Wallenhorst N. &amp; Pierron J.-P. (ed.) Editions Le Bord de l\u2019eau. L\u2019Anthropoc\u00e8ne, affaire de science, affaire d\u2019\u00e9ducation Repr\u00e9sentations du monde et science Une multitude de repr\u00e9sentations D\u00e9fis pour l\u2019\u00e9ducation Quelques pr\u00e9conisations \u00e9ducatives Comprendre Faire confiance Agir \u00catre solidaire Accompagner les professeurs L\u2019OCE, &hellip; <\/p>\n<p><a class=\"more-link btn\" href=\"https:\/\/ent2d.ac-bordeaux.fr\/disciplines\/enseignement-scientifique\/enseigner\/terminale\/climat-pnf-enseignement-scientifique-mai-juin-2020\/article-lanthropocene-affaire-de-science-affaire-deducation-2\/\">Lire la suite<\/a><\/p>\n","protected":false},"author":8,"featured_media":0,"parent":316,"menu_order":8,"comment_status":"closed","ping_status":"closed","template":"","meta":{"footnotes":""},"class_list":["post-409","page","type-page","status-publish","hentry","nodate","item-wrap"],"_links":{"self":[{"href":"https:\/\/ent2d.ac-bordeaux.fr\/disciplines\/enseignement-scientifique\/wp-json\/wp\/v2\/pages\/409","targetHints":{"allow":["GET"]}}],"collection":[{"href":"https:\/\/ent2d.ac-bordeaux.fr\/disciplines\/enseignement-scientifique\/wp-json\/wp\/v2\/pages"}],"about":[{"href":"https:\/\/ent2d.ac-bordeaux.fr\/disciplines\/enseignement-scientifique\/wp-json\/wp\/v2\/types\/page"}],"author":[{"embeddable":true,"href":"https:\/\/ent2d.ac-bordeaux.fr\/disciplines\/enseignement-scientifique\/wp-json\/wp\/v2\/users\/8"}],"replies":[{"embeddable":true,"href":"https:\/\/ent2d.ac-bordeaux.fr\/disciplines\/enseignement-scientifique\/wp-json\/wp\/v2\/comments?post=409"}],"version-history":[{"count":3,"href":"https:\/\/ent2d.ac-bordeaux.fr\/disciplines\/enseignement-scientifique\/wp-json\/wp\/v2\/pages\/409\/revisions"}],"predecessor-version":[{"id":455,"href":"https:\/\/ent2d.ac-bordeaux.fr\/disciplines\/enseignement-scientifique\/wp-json\/wp\/v2\/pages\/409\/revisions\/455"}],"up":[{"embeddable":true,"href":"https:\/\/ent2d.ac-bordeaux.fr\/disciplines\/enseignement-scientifique\/wp-json\/wp\/v2\/pages\/316"}],"wp:attachment":[{"href":"https:\/\/ent2d.ac-bordeaux.fr\/disciplines\/enseignement-scientifique\/wp-json\/wp\/v2\/media?parent=409"}],"curies":[{"name":"wp","href":"https:\/\/api.w.org\/{rel}","templated":true}]}}