{"id":397,"date":"2020-06-20T19:54:54","date_gmt":"2020-06-20T17:54:54","guid":{"rendered":"https:\/\/ent2d.ac-bordeaux.fr\/disciplines\/enseignement-scientifique\/?page_id=397"},"modified":"2020-06-22T08:01:06","modified_gmt":"2020-06-22T06:01:06","slug":"presentation-du-logiciel-simclimat","status":"publish","type":"page","link":"https:\/\/ent2d.ac-bordeaux.fr\/disciplines\/enseignement-scientifique\/enseigner\/terminale\/climat-pnf-enseignement-scientifique-mai-juin-2020\/presentation-du-logiciel-simclimat\/","title":{"rendered":"Vid\u00e9o &#8211; Pr\u00e9sentation du logiciel SimClimat"},"content":{"rendered":"\n<p>Cette capsule vid\u00e9o de 10 minutes pr\u00e9sente le logiciel SimClimat et les possibilit\u00e9s d\u2019exploitations pour des \u00e9l\u00e8ves.<\/p>\n\n\n<iframe loading=\"lazy\" frameborder=\"0\" width=\"100%\" height=\"450\" src=\"https:\/\/ent2d.ac-bordeaux.fr\/mediacad\/m\/23413\/d\/i\" webkitAllowFullScreen=\"true\" mozallowfullscreen=\"true\" allowFullScreen=\"true\"><\/iframe>\n\n\n\n<p>Intervenants : <br>  &#8211;<strong>Mathilde Tricoire<\/strong>, responsable p\u00e9dagogique \u00e0 l\u2019office for climate education &#8211; OCE<\/p>\n","protected":false},"excerpt":{"rendered":"<p>Cette capsule vid\u00e9o de 10 minutes pr\u00e9sente le logiciel SimClimat et les possibilit\u00e9s d\u2019exploitations pour des \u00e9l\u00e8ves. Intervenants : &#8211;Mathilde Tricoire, responsable p\u00e9dagogique \u00e0 l\u2019office for climate education &#8211; OCE<\/p>\n","protected":false},"author":8,"featured_media":0,"parent":316,"menu_order":6,"comment_status":"closed","ping_status":"closed","template":"","meta":{"footnotes":""},"class_list":["post-397","page","type-page","status-publish","hentry","nodate","item-wrap"],"_links":{"self":[{"href":"https:\/\/ent2d.ac-bordeaux.fr\/disciplines\/enseignement-scientifique\/wp-json\/wp\/v2\/pages\/397","targetHints":{"allow":["GET"]}}],"collection":[{"href":"https:\/\/ent2d.ac-bordeaux.fr\/disciplines\/enseignement-scientifique\/wp-json\/wp\/v2\/pages"}],"about":[{"href":"https:\/\/ent2d.ac-bordeaux.fr\/disciplines\/enseignement-scientifique\/wp-json\/wp\/v2\/types\/page"}],"author":[{"embeddable":true,"href":"https:\/\/ent2d.ac-bordeaux.fr\/disciplines\/enseignement-scientifique\/wp-json\/wp\/v2\/users\/8"}],"replies":[{"embeddable":true,"href":"https:\/\/ent2d.ac-bordeaux.fr\/disciplines\/enseignement-scientifique\/wp-json\/wp\/v2\/comments?post=397"}],"version-history":[{"count":4,"href":"https:\/\/ent2d.ac-bordeaux.fr\/disciplines\/enseignement-scientifique\/wp-json\/wp\/v2\/pages\/397\/revisions"}],"predecessor-version":[{"id":446,"href":"https:\/\/ent2d.ac-bordeaux.fr\/disciplines\/enseignement-scientifique\/wp-json\/wp\/v2\/pages\/397\/revisions\/446"}],"up":[{"embeddable":true,"href":"https:\/\/ent2d.ac-bordeaux.fr\/disciplines\/enseignement-scientifique\/wp-json\/wp\/v2\/pages\/316"}],"wp:attachment":[{"href":"https:\/\/ent2d.ac-bordeaux.fr\/disciplines\/enseignement-scientifique\/wp-json\/wp\/v2\/media?parent=397"}],"curies":[{"name":"wp","href":"https:\/\/api.w.org\/{rel}","templated":true}]}}