{"id":390,"date":"2020-06-20T19:49:47","date_gmt":"2020-06-20T17:49:47","guid":{"rendered":"https:\/\/ent2d.ac-bordeaux.fr\/disciplines\/enseignement-scientifique\/?page_id=390"},"modified":"2020-06-22T08:00:43","modified_gmt":"2020-06-22T06:00:43","slug":"le-climat-presentation-de-ressources","status":"publish","type":"page","link":"https:\/\/ent2d.ac-bordeaux.fr\/disciplines\/enseignement-scientifique\/enseigner\/terminale\/climat-pnf-enseignement-scientifique-mai-juin-2020\/le-climat-presentation-de-ressources\/","title":{"rendered":"Vid\u00e9o &#8211; Le climat Pr\u00e9sentation de ressources"},"content":{"rendered":"\n<p>Cette capsule vid\u00e9o de 8 minutes pr\u00e9sente des ressources pour la classe disponible sur Eduscol :<br>  &#8211; Evolution de la concentration en CO2<br>  &#8211; Evolution des \u00e9missions anthropiques mondiales de CO2 <br>  &#8211; Anomalies de la temp\u00e9rature moyenne de surface et de for\u00e7ages<br>  &#8211; Evolution de la concentration de CO2 entre 1980 et 2019<br>  &#8211; Evolution de la concentration de CO2 entre 1980 et \u2013 800 000 ans<br>  &#8211; Sch\u00e9ma cycle de carbone (GIEC)<br>  &#8211; Animation de m\u00e9t\u00e9o France les \u00e9changes de carbones <\/p>\n\n\n<iframe loading=\"lazy\" frameborder=\"0\" width=\"100%\" height=\"450\" src=\"https:\/\/ent2d.ac-bordeaux.fr\/mediacad\/m\/23412\/d\/i\" webkitAllowFullScreen=\"true\" mozallowfullscreen=\"true\" allowFullScreen=\"true\"><\/iframe>\n\n\n\n<p>Intervenants : <br>  &#8211; <strong>Mathilde Tricoire<\/strong>, responsable p\u00e9dagogique \u00e0 l\u2019office for climate education &#8211; OCE<br>  &#8211; <strong>Marianne Wojcik<\/strong>, inspectrice d\u2019acad\u00e9mie \u2013 inspectrice p\u00e9dagogique r\u00e9gionale de SVT &#8211; acad\u00e9mie de Nancy-Metz <br>  &#8211;<strong>Laurent Arer<\/strong>, inspecteur d\u2019acad\u00e9mie \u2013 inspecteur p\u00e9dagogique r\u00e9gional de physique-chimie &#8211; acad\u00e9mie de Nancy-Metz<\/p>\n","protected":false},"excerpt":{"rendered":"<p>Cette capsule vid\u00e9o de 8 minutes pr\u00e9sente des ressources pour la classe disponible sur Eduscol : &#8211; Evolution de la concentration en CO2 &#8211; Evolution des \u00e9missions anthropiques mondiales de CO2 &#8211; Anomalies de la temp\u00e9rature moyenne de surface et de for\u00e7ages &#8211; Evolution de la concentration de CO2 entre 1980 et 2019 &#8211; Evolution &hellip; <\/p>\n<p><a class=\"more-link btn\" href=\"https:\/\/ent2d.ac-bordeaux.fr\/disciplines\/enseignement-scientifique\/enseigner\/terminale\/climat-pnf-enseignement-scientifique-mai-juin-2020\/le-climat-presentation-de-ressources\/\">Lire la suite<\/a><\/p>\n","protected":false},"author":8,"featured_media":0,"parent":316,"menu_order":5,"comment_status":"closed","ping_status":"closed","template":"","meta":{"footnotes":""},"class_list":["post-390","page","type-page","status-publish","hentry","nodate","item-wrap"],"_links":{"self":[{"href":"https:\/\/ent2d.ac-bordeaux.fr\/disciplines\/enseignement-scientifique\/wp-json\/wp\/v2\/pages\/390","targetHints":{"allow":["GET"]}}],"collection":[{"href":"https:\/\/ent2d.ac-bordeaux.fr\/disciplines\/enseignement-scientifique\/wp-json\/wp\/v2\/pages"}],"about":[{"href":"https:\/\/ent2d.ac-bordeaux.fr\/disciplines\/enseignement-scientifique\/wp-json\/wp\/v2\/types\/page"}],"author":[{"embeddable":true,"href":"https:\/\/ent2d.ac-bordeaux.fr\/disciplines\/enseignement-scientifique\/wp-json\/wp\/v2\/users\/8"}],"replies":[{"embeddable":true,"href":"https:\/\/ent2d.ac-bordeaux.fr\/disciplines\/enseignement-scientifique\/wp-json\/wp\/v2\/comments?post=390"}],"version-history":[{"count":4,"href":"https:\/\/ent2d.ac-bordeaux.fr\/disciplines\/enseignement-scientifique\/wp-json\/wp\/v2\/pages\/390\/revisions"}],"predecessor-version":[{"id":445,"href":"https:\/\/ent2d.ac-bordeaux.fr\/disciplines\/enseignement-scientifique\/wp-json\/wp\/v2\/pages\/390\/revisions\/445"}],"up":[{"embeddable":true,"href":"https:\/\/ent2d.ac-bordeaux.fr\/disciplines\/enseignement-scientifique\/wp-json\/wp\/v2\/pages\/316"}],"wp:attachment":[{"href":"https:\/\/ent2d.ac-bordeaux.fr\/disciplines\/enseignement-scientifique\/wp-json\/wp\/v2\/media?parent=390"}],"curies":[{"name":"wp","href":"https:\/\/api.w.org\/{rel}","templated":true}]}}