{"id":373,"date":"2020-06-20T18:59:49","date_gmt":"2020-06-20T16:59:49","guid":{"rendered":"https:\/\/ent2d.ac-bordeaux.fr\/disciplines\/enseignement-scientifique\/?page_id=373"},"modified":"2020-06-22T09:10:00","modified_gmt":"2020-06-22T07:10:00","slug":"le-climat-dans-les-programmes","status":"publish","type":"page","link":"https:\/\/ent2d.ac-bordeaux.fr\/disciplines\/enseignement-scientifique\/enseigner\/terminale\/climat-pnf-enseignement-scientifique-mai-juin-2020\/le-climat-dans-les-programmes\/","title":{"rendered":"Vid\u00e9o &#8211; Le climat dans les programmes"},"content":{"rendered":"\n<p> Les trois temps de cette capsule de 9 minutes :<br>   &#8211; Le climat dans les programmes scolaires<br>   &#8211; Mod\u00e9lisation et changement climatique<br>   &#8211; Pr\u00e9sentation des ressources mises \u00e0 disposition<\/p>\n\n\n<iframe loading=\"lazy\" frameborder=\"0\" width=\"100%\" height=\"450\" src=\"https:\/\/ent2d.ac-bordeaux.fr\/mediacad\/m\/23410\/d\/i\" webkitAllowFullScreen=\"true\" mozallowfullscreen=\"true\" allowFullScreen=\"true\"><\/iframe>\n\n\n\n<p>Intervenants : <br>  &#8211; <strong>Mathilde Tricoire<\/strong>, responsable p\u00e9dagogique \u00e0 l\u2019office for climate education &#8211; OCE<strong><br>  &#8211; Marianne Wojcik<\/strong>, inspectrice d\u2019acad\u00e9mie \u2013 inspectrice p\u00e9dagogique r\u00e9gionale de SVT &#8211; acad\u00e9mie de Nancy-Metz <br>   &#8211;<strong>Laurent Arer<\/strong>, inspecteur d\u2019acad\u00e9mie \u2013 inspecteur p\u00e9dagogique r\u00e9gional de physique-chimie &#8211; acad\u00e9mie de Nancy-Metz<\/p>\n\n\n\n<div class=\"wp-block-file\"><a href=\"https:\/\/ent2d.ac-bordeaux.fr\/disciplines\/enseignement-scientifique\/enseigner\/terminale\/climat-pnf-enseignement-scientifique-mai-juin-2020\/presentation-support-des-videos-de-latelier-climat1\/\" target=\"_blank\" rel=\"noreferrer noopener\">Les supports de cette capsule :<\/a><a href=\"https:\/\/ent2d.ac-bordeaux.fr\/disciplines\/enseignement-scientifique\/wp-content\/uploads\/sites\/67\/2020\/06\/Pr\u00e9sentation-support-des-vid\u00e9os-de-latelier-climat1.pdf\" class=\"wp-block-file__button\" download>T\u00e9l\u00e9charger<\/a><\/div>\n","protected":false},"excerpt":{"rendered":"<p>Les trois temps de cette capsule de 9 minutes : &#8211; Le climat dans les programmes scolaires &#8211; Mod\u00e9lisation et changement climatique &#8211; Pr\u00e9sentation des ressources mises \u00e0 disposition Intervenants : &#8211; Mathilde Tricoire, responsable p\u00e9dagogique \u00e0 l\u2019office for climate education &#8211; OCE &#8211; Marianne Wojcik, inspectrice d\u2019acad\u00e9mie \u2013 inspectrice p\u00e9dagogique r\u00e9gionale de SVT &#8211; &hellip; <\/p>\n<p><a class=\"more-link btn\" href=\"https:\/\/ent2d.ac-bordeaux.fr\/disciplines\/enseignement-scientifique\/enseigner\/terminale\/climat-pnf-enseignement-scientifique-mai-juin-2020\/le-climat-dans-les-programmes\/\">Lire la suite<\/a><\/p>\n","protected":false},"author":8,"featured_media":0,"parent":316,"menu_order":3,"comment_status":"closed","ping_status":"closed","template":"","meta":{"footnotes":""},"class_list":["post-373","page","type-page","status-publish","hentry","nodate","item-wrap"],"_links":{"self":[{"href":"https:\/\/ent2d.ac-bordeaux.fr\/disciplines\/enseignement-scientifique\/wp-json\/wp\/v2\/pages\/373","targetHints":{"allow":["GET"]}}],"collection":[{"href":"https:\/\/ent2d.ac-bordeaux.fr\/disciplines\/enseignement-scientifique\/wp-json\/wp\/v2\/pages"}],"about":[{"href":"https:\/\/ent2d.ac-bordeaux.fr\/disciplines\/enseignement-scientifique\/wp-json\/wp\/v2\/types\/page"}],"author":[{"embeddable":true,"href":"https:\/\/ent2d.ac-bordeaux.fr\/disciplines\/enseignement-scientifique\/wp-json\/wp\/v2\/users\/8"}],"replies":[{"embeddable":true,"href":"https:\/\/ent2d.ac-bordeaux.fr\/disciplines\/enseignement-scientifique\/wp-json\/wp\/v2\/comments?post=373"}],"version-history":[{"count":6,"href":"https:\/\/ent2d.ac-bordeaux.fr\/disciplines\/enseignement-scientifique\/wp-json\/wp\/v2\/pages\/373\/revisions"}],"predecessor-version":[{"id":453,"href":"https:\/\/ent2d.ac-bordeaux.fr\/disciplines\/enseignement-scientifique\/wp-json\/wp\/v2\/pages\/373\/revisions\/453"}],"up":[{"embeddable":true,"href":"https:\/\/ent2d.ac-bordeaux.fr\/disciplines\/enseignement-scientifique\/wp-json\/wp\/v2\/pages\/316"}],"wp:attachment":[{"href":"https:\/\/ent2d.ac-bordeaux.fr\/disciplines\/enseignement-scientifique\/wp-json\/wp\/v2\/media?parent=373"}],"curies":[{"name":"wp","href":"https:\/\/api.w.org\/{rel}","templated":true}]}}