{"id":369,"date":"2020-06-20T18:57:13","date_gmt":"2020-06-20T16:57:13","guid":{"rendered":"https:\/\/ent2d.ac-bordeaux.fr\/disciplines\/enseignement-scientifique\/?page_id=369"},"modified":"2020-06-22T07:59:57","modified_gmt":"2020-06-22T05:59:57","slug":"leducation-au-changement-climatique-par-pierre-lena-astrophysicien-francais","status":"publish","type":"page","link":"https:\/\/ent2d.ac-bordeaux.fr\/disciplines\/enseignement-scientifique\/enseigner\/terminale\/climat-pnf-enseignement-scientifique-mai-juin-2020\/leducation-au-changement-climatique-par-pierre-lena-astrophysicien-francais\/","title":{"rendered":"Vid\u00e9o &#8211; L&#8217;\u00e9ducation au changement climatique par Pierre L\u00e9na astrophysicien fran\u00e7ais"},"content":{"rendered":"\n<p><strong>Intervention de 23 minutes qui pr\u00e9sente :<\/strong><br> Une nouvelle science, la science climatique<br> Du scientifique au politique<br> Att\u00e9nuation et adaptation : soci\u00e9t\u00e9 d\u00e9carbon\u00e9e et gestion des risques<br> La jeunesse attend beaucoup de ses professeurs<br> Un r\u00e9seau au service des professeurs<\/p>\n\n\n<iframe loading=\"lazy\" frameborder=\"0\" width=\"100%\" height=\"450\" src=\"https:\/\/ent2d.ac-bordeaux.fr\/mediacad\/m\/23408\/d\/i\" webkitAllowFullScreen=\"true\" mozallowfullscreen=\"true\" allowFullScreen=\"true\"><\/iframe>\n\n\n\n<p><strong><a href=\"https:\/\/ent2d.ac-bordeaux.fr\/disciplines\/enseignement-scientifique\/enseigner\/terminale\/climat-pnf-enseignement-scientifique-mai-juin-2020\/abstract-de-la-conference\/\">Abstract de la conf\u00e9rence<\/a><\/strong><\/p>\n","protected":false},"excerpt":{"rendered":"<p>Intervention de 23 minutes qui pr\u00e9sente : Une nouvelle science, la science climatique Du scientifique au politique Att\u00e9nuation et adaptation : soci\u00e9t\u00e9 d\u00e9carbon\u00e9e et gestion des risques La jeunesse attend beaucoup de ses professeurs Un r\u00e9seau au service des professeurs Abstract de la conf\u00e9rence<\/p>\n","protected":false},"author":8,"featured_media":0,"parent":316,"menu_order":2,"comment_status":"closed","ping_status":"closed","template":"","meta":{"footnotes":""},"class_list":["post-369","page","type-page","status-publish","hentry","nodate","item-wrap"],"_links":{"self":[{"href":"https:\/\/ent2d.ac-bordeaux.fr\/disciplines\/enseignement-scientifique\/wp-json\/wp\/v2\/pages\/369","targetHints":{"allow":["GET"]}}],"collection":[{"href":"https:\/\/ent2d.ac-bordeaux.fr\/disciplines\/enseignement-scientifique\/wp-json\/wp\/v2\/pages"}],"about":[{"href":"https:\/\/ent2d.ac-bordeaux.fr\/disciplines\/enseignement-scientifique\/wp-json\/wp\/v2\/types\/page"}],"author":[{"embeddable":true,"href":"https:\/\/ent2d.ac-bordeaux.fr\/disciplines\/enseignement-scientifique\/wp-json\/wp\/v2\/users\/8"}],"replies":[{"embeddable":true,"href":"https:\/\/ent2d.ac-bordeaux.fr\/disciplines\/enseignement-scientifique\/wp-json\/wp\/v2\/comments?post=369"}],"version-history":[{"count":4,"href":"https:\/\/ent2d.ac-bordeaux.fr\/disciplines\/enseignement-scientifique\/wp-json\/wp\/v2\/pages\/369\/revisions"}],"predecessor-version":[{"id":442,"href":"https:\/\/ent2d.ac-bordeaux.fr\/disciplines\/enseignement-scientifique\/wp-json\/wp\/v2\/pages\/369\/revisions\/442"}],"up":[{"embeddable":true,"href":"https:\/\/ent2d.ac-bordeaux.fr\/disciplines\/enseignement-scientifique\/wp-json\/wp\/v2\/pages\/316"}],"wp:attachment":[{"href":"https:\/\/ent2d.ac-bordeaux.fr\/disciplines\/enseignement-scientifique\/wp-json\/wp\/v2\/media?parent=369"}],"curies":[{"name":"wp","href":"https:\/\/api.w.org\/{rel}","templated":true}]}}