{"id":341,"date":"2020-06-19T16:58:59","date_gmt":"2020-06-19T14:58:59","guid":{"rendered":"https:\/\/ent2d.ac-bordeaux.fr\/disciplines\/enseignement-scientifique\/?page_id=341"},"modified":"2020-09-08T18:46:26","modified_gmt":"2020-09-08T16:46:26","slug":"energie-pnf-enseignement-scientifique-mai-juin-2020","status":"publish","type":"page","link":"https:\/\/ent2d.ac-bordeaux.fr\/disciplines\/enseignement-scientifique\/enseigner\/terminale\/energie-pnf-enseignement-scientifique-mai-juin-2020\/","title":{"rendered":"Ressources sur l&#8217;\u00e9nergie"},"content":{"rendered":"\r\n<ul class=\"wp-block-list\">\r\n<li><strong>A propos du terme \u00ab\u00a0\u00e9nergie\u00a0\u00bb<\/strong><\/li>\r\n<\/ul>\r\n\r\n\r\n\r\n<p>Le document &#8220;<em><u><a href=\"https:\/\/www.connaissancedesenergies.org\/qui-dit-numerique-dit-zero-energie-130213\" target=\"_blank\" rel=\"noreferrer noopener\"><strong>qui dit num\u00e9rique dit z\u00e9ro \u00e9nergie<\/strong><\/a><\/u><\/em>&#8221; permet de sensibiliser aux d\u00e9penses \u00e9nerg\u00e9tiques sous-jacentes au num\u00e9rique vu comme une alternative \u2018verte\u00a0\u00bb aux communications papiers et aux stockages des donn\u00e9es.<\/p>\r\n\r\n\r\n\r\n<p>La <em><u><a href=\"https:\/\/ent2d.ac-bordeaux.fr\/disciplines\/enseignement-scientifique\/wp-content\/uploads\/sites\/67\/2020\/09\/Choix-e\u0301nerge\u0301tiques-et-impact-sur-les-socie\u0301te\u0301s.mp4\" target=\"_blank\" rel=\"noreferrer noopener\"><strong>vid\u00e9o<\/strong><\/a><\/u><\/em> sur les choix \u00e9nerg\u00e9tiques et\u00a0 impacts sur les soci\u00e9t\u00e9s permet une pr\u00e9sentation g\u00e9n\u00e9rale des probl\u00e9matiques li\u00e9es au concept d\u2019\u00e9nergies dites renouvelables.<\/p>\r\n\r\n\r\n\r\n<ul class=\"wp-block-list\">\r\n<li><strong>Histoire de l\u2019\u00e9lectricit\u00e9<\/strong><\/li>\r\n<\/ul>\r\n\r\n\r\n\r\n<p>Cette <em><u><a href=\"https:\/\/ent2d.ac-bordeaux.fr\/disciplines\/enseignement-scientifique\/wp-content\/uploads\/sites\/67\/2020\/09\/Histoire-de-le\u0301lectricite\u0301.mp4\" target=\"_blank\" rel=\"noreferrer noopener\"><strong>vid\u00e9o<\/strong><\/a><\/u><\/em> pr\u00e9sente certains scientifiques et indiquent certaines dates qui ont marqu\u00e9s l\u2019histoire de l\u2019\u00e9lectricit\u00e9. Elle permet une entr\u00e9e possible dans le th\u00e8me 2.<\/p>\r\n\r\n\r\n\r\n<ul class=\"wp-block-list\">\r\n<li><strong>La production de l\u2019\u00e9lectricit\u00e9<\/strong><\/li>\r\n<\/ul>\r\n\r\n\r\n\r\n<p>Cette <em><u><a href=\"https:\/\/ent2d.ac-bordeaux.fr\/mediacad\/m\/23733\/d\/m\/e\/mp4\" target=\"_blank\" rel=\"noreferrer noopener\"><strong>vid\u00e9o<\/strong><\/a><\/u><\/em> pr\u00e9sente le principe de l\u2019alternateur et des panneaux photovolta\u00efques.<\/p>\r\n\r\n\r\n\r\n<ul class=\"wp-block-list\">\r\n<li><strong>Transport de l\u2019\u00e9nergie \u00e9lectrique<\/strong><\/li>\r\n<\/ul>\r\n\r\n\r\n\r\n<p>Cette <em><u><a href=\"https:\/\/ent2d.ac-bordeaux.fr\/mediacad\/m\/23734\/d\/m\/e\/mp4\" target=\"_blank\" rel=\"noreferrer noopener\"><strong>vid\u00e9o<\/strong><\/a><\/u><\/em> aborde la fa\u00e7on de pallier les intermittences de production pour revenir ensuite sur le transport et expliquer pourquoi on transporte sous haute tension.<\/p>\r\n\r\n\r\n\r\n<p>La <em><u><a href=\"https:\/\/ent2d.ac-bordeaux.fr\/disciplines\/enseignement-scientifique\/wp-content\/uploads\/sites\/67\/2020\/09\/Ressource-nationale-optimisation-transport-de-le\u0301lectricite\u0301.pdf\" target=\"_blank\" rel=\"noreferrer noopener\"><strong>ressource nationale<\/strong><\/a><\/u><\/em> associ\u00e9e \u00e0 ce th\u00e8me explicite les contraintes li\u00e9es au transport de l\u2019\u00e9nergie \u00e9lectrique.\u00a0 Il s\u2019agit d\u2019optimiser notamment les pertes par effet joule lors du transport. Elle est accompagn\u00e9e d\u2019une <strong><em><u><a href=\"https:\/\/ent2d.ac-bordeaux.fr\/mediacad\/m\/23735\/d\/m\/e\/mp4\" target=\"_blank\" rel=\"noreferrer noopener\">vid\u00e9o qui la pr\u00e9sente<\/a><\/u><\/em><\/strong> de mani\u00e8re approfondie.<\/p>\r\n","protected":false},"excerpt":{"rendered":"<p>A propos du terme \u00ab\u00a0\u00e9nergie\u00a0\u00bb Le document &#8220;qui dit num\u00e9rique dit z\u00e9ro \u00e9nergie&#8221; permet de sensibiliser aux d\u00e9penses \u00e9nerg\u00e9tiques sous-jacentes au num\u00e9rique vu comme une alternative \u2018verte\u00a0\u00bb aux communications papiers et aux stockages des donn\u00e9es. La vid\u00e9o sur les choix \u00e9nerg\u00e9tiques et\u00a0 impacts sur les soci\u00e9t\u00e9s permet une pr\u00e9sentation g\u00e9n\u00e9rale des probl\u00e9matiques li\u00e9es au concept &hellip; <\/p>\n<p><a class=\"more-link btn\" href=\"https:\/\/ent2d.ac-bordeaux.fr\/disciplines\/enseignement-scientifique\/enseigner\/terminale\/energie-pnf-enseignement-scientifique-mai-juin-2020\/\">Lire la suite<\/a><\/p>\n","protected":false},"author":21,"featured_media":0,"parent":302,"menu_order":4,"comment_status":"closed","ping_status":"closed","template":"","meta":{"footnotes":""},"class_list":["post-341","page","type-page","status-publish","hentry","nodate","item-wrap"],"_links":{"self":[{"href":"https:\/\/ent2d.ac-bordeaux.fr\/disciplines\/enseignement-scientifique\/wp-json\/wp\/v2\/pages\/341","targetHints":{"allow":["GET"]}}],"collection":[{"href":"https:\/\/ent2d.ac-bordeaux.fr\/disciplines\/enseignement-scientifique\/wp-json\/wp\/v2\/pages"}],"about":[{"href":"https:\/\/ent2d.ac-bordeaux.fr\/disciplines\/enseignement-scientifique\/wp-json\/wp\/v2\/types\/page"}],"author":[{"embeddable":true,"href":"https:\/\/ent2d.ac-bordeaux.fr\/disciplines\/enseignement-scientifique\/wp-json\/wp\/v2\/users\/21"}],"replies":[{"embeddable":true,"href":"https:\/\/ent2d.ac-bordeaux.fr\/disciplines\/enseignement-scientifique\/wp-json\/wp\/v2\/comments?post=341"}],"version-history":[{"count":4,"href":"https:\/\/ent2d.ac-bordeaux.fr\/disciplines\/enseignement-scientifique\/wp-json\/wp\/v2\/pages\/341\/revisions"}],"predecessor-version":[{"id":577,"href":"https:\/\/ent2d.ac-bordeaux.fr\/disciplines\/enseignement-scientifique\/wp-json\/wp\/v2\/pages\/341\/revisions\/577"}],"up":[{"embeddable":true,"href":"https:\/\/ent2d.ac-bordeaux.fr\/disciplines\/enseignement-scientifique\/wp-json\/wp\/v2\/pages\/302"}],"wp:attachment":[{"href":"https:\/\/ent2d.ac-bordeaux.fr\/disciplines\/enseignement-scientifique\/wp-json\/wp\/v2\/media?parent=341"}],"curies":[{"name":"wp","href":"https:\/\/api.w.org\/{rel}","templated":true}]}}