{"id":305,"date":"2020-06-19T16:10:53","date_gmt":"2020-06-19T14:10:53","guid":{"rendered":"https:\/\/ent2d.ac-bordeaux.fr\/disciplines\/enseignement-scientifique\/?page_id=305"},"modified":"2020-09-22T14:20:04","modified_gmt":"2020-09-22T12:20:04","slug":"ressources-daccompagnements-sur-le-climat","status":"publish","type":"page","link":"https:\/\/ent2d.ac-bordeaux.fr\/disciplines\/enseignement-scientifique\/enseigner\/terminale\/ressources-daccompagnements-sur-le-climat\/","title":{"rendered":"Ressources Eduscol d&#8217;accompagnement"},"content":{"rendered":"\n<h2 class=\"has-vivid-cyan-blue-color has-text-color wp-block-heading\">Climat<\/h2>\n\n\n\n<div class=\"wp-block-file\"><a href=\"https:\/\/ent2d.ac-bordeaux.fr\/disciplines\/enseignement-scientifique\/wp-content\/uploads\/sites\/67\/2020\/06\/RA20_Lycee_G_T_ES_Element_Documentaire_cycle_du_carbone_1288765.pdf\" target=\"_blank\" rel=\"noreferrer noopener\">Le cycle du carbone<\/a><a href=\"https:\/\/ent2d.ac-bordeaux.fr\/disciplines\/enseignement-scientifique\/wp-content\/uploads\/sites\/67\/2020\/06\/RA20_Lycee_G_T_ES_Element_Documentaire_cycle_du_carbone_1288765.pdf\" class=\"wp-block-file__button\" download>T\u00e9l\u00e9charger<\/a><\/div>\n\n\n\n<div class=\"wp-block-file\"><a href=\"https:\/\/ent2d.ac-bordeaux.fr\/disciplines\/enseignement-scientifique\/wp-content\/uploads\/sites\/67\/2020\/06\/RA20_Lycee_G_T_ES_Element_Documentaire_forcages_1288769.pdf\" target=\"_blank\" rel=\"noreferrer noopener\">For\u00e7ages radiatifs et r\u00e9chauffement climatique<\/a><a href=\"https:\/\/ent2d.ac-bordeaux.fr\/disciplines\/enseignement-scientifique\/wp-content\/uploads\/sites\/67\/2020\/06\/RA20_Lycee_G_T_ES_Element_Documentaire_forcages_1288769.pdf\" class=\"wp-block-file__button\" download>T\u00e9l\u00e9charger<\/a><\/div>\n\n\n\n<div class=\"wp-block-file\"><a href=\"https:\/\/ent2d.ac-bordeaux.fr\/disciplines\/enseignement-scientifique\/wp-content\/uploads\/sites\/67\/2020\/06\/RA20_Lycee_G_T_ES_Element_Documentaire_NOAA_1288763.pdf\" target=\"_blank\" rel=\"noreferrer noopener\">Variations de la concentration atmosph\u00e9rique de CO2 \u00e0 diff\u00e9rentes \u00e9chelles de temps<\/a><a href=\"https:\/\/ent2d.ac-bordeaux.fr\/disciplines\/enseignement-scientifique\/wp-content\/uploads\/sites\/67\/2020\/06\/RA20_Lycee_G_T_ES_Element_Documentaire_NOAA_1288763.pdf\" class=\"wp-block-file__button\" download>T\u00e9l\u00e9charger<\/a><\/div>\n\n\n\n<div class=\"wp-block-file\"><a href=\"https:\/\/ent2d.ac-bordeaux.fr\/disciplines\/enseignement-scientifique\/wp-content\/uploads\/sites\/67\/2020\/06\/RA20_Lycee_G_T_ES_Element_Documentaire_graphiques_CO2_1288767.pdf\" target=\"_blank\" rel=\"noreferrer noopener\">Concentration de CO2 atmosph\u00e9rique et \u00e9missions anthropiques<\/a><a href=\"https:\/\/ent2d.ac-bordeaux.fr\/disciplines\/enseignement-scientifique\/wp-content\/uploads\/sites\/67\/2020\/06\/RA20_Lycee_G_T_ES_Element_Documentaire_graphiques_CO2_1288767.pdf\" class=\"wp-block-file__button\" download>T\u00e9l\u00e9charger<\/a><\/div>\n\n\n\n<div class=\"wp-block-file\"><a href=\"https:\/\/ent2d.ac-bordeaux.fr\/disciplines\/enseignement-scientifique\/wp-content\/uploads\/sites\/67\/2020\/06\/RA20_Lycee_G_T_ES_Element_Documentaire_SimClimat_1288764.pdf\" target=\"_blank\" rel=\"noreferrer noopener\">\u00c9tablir le r\u00f4le de diff\u00e9rents param\u00e8tres sur l\u2019\u00e9volution climatique en exploitant un logiciel de simulation<\/a><a href=\"https:\/\/ent2d.ac-bordeaux.fr\/disciplines\/enseignement-scientifique\/wp-content\/uploads\/sites\/67\/2020\/06\/RA20_Lycee_G_T_ES_Element_Documentaire_SimClimat_1288764.pdf\" class=\"wp-block-file__button\" download>T\u00e9l\u00e9charger<\/a><\/div>\n\n\n\n<h2 class=\"has-vivid-cyan-blue-color has-text-color wp-block-heading\">Biodiversit\u00e9<\/h2>\n\n\n\n<div class=\"wp-block-file\"><a href=\"https:\/\/ent2d.ac-bordeaux.fr\/disciplines\/enseignement-scientifique\/wp-content\/uploads\/sites\/67\/2020\/06\/RA20_Lycee_G_T_ES_Methode_Capture_marquage_recapture_1290385.pdf\" target=\"_blank\" rel=\"noreferrer noopener\">La m\u00e9thode de \u00ab capture-marquage-recapture \u00bb<\/a><a href=\"https:\/\/ent2d.ac-bordeaux.fr\/disciplines\/enseignement-scientifique\/wp-content\/uploads\/sites\/67\/2020\/06\/RA20_Lycee_G_T_ES_Methode_Capture_marquage_recapture_1290385.pdf\" class=\"wp-block-file__button\" download>T\u00e9l\u00e9charger<\/a><\/div>\n\n\n\n<div class=\"wp-block-file\"><a href=\"https:\/\/ent2d.ac-bordeaux.fr\/disciplines\/enseignement-scientifique\/wp-content\/uploads\/sites\/67\/2020\/06\/RA20_Lycee_G_T_ES_Capture_marquage_recapture_Estimation-taille-population_1290383.pdf\" target=\"_blank\" rel=\"noreferrer noopener\">La m\u00e9thode de \u00ab capture-marquage-recapture \u00bb pour estimer la taille d\u2019une population<\/a><a href=\"https:\/\/ent2d.ac-bordeaux.fr\/disciplines\/enseignement-scientifique\/wp-content\/uploads\/sites\/67\/2020\/06\/RA20_Lycee_G_T_ES_Capture_marquage_recapture_Estimation-taille-population_1290383.pdf\" class=\"wp-block-file__button\" download>T\u00e9l\u00e9charger<\/a><\/div>\n\n\n\n<div class=\"wp-block-file\"><a href=\"https:\/\/ent2d.ac-bordeaux.fr\/disciplines\/enseignement-scientifique\/wp-content\/uploads\/sites\/67\/2020\/06\/RA20_Lycee_G_T_ES_Capture_marquage_recapture_Estimation-Taux-Survie_1290382.pdf\" target=\"_blank\" rel=\"noreferrer noopener\">Estimation d\u2019un taux de survie par la m\u00e9thode de \u00abcapture-marquage-recapture \u00bb<\/a><a href=\"https:\/\/ent2d.ac-bordeaux.fr\/disciplines\/enseignement-scientifique\/wp-content\/uploads\/sites\/67\/2020\/06\/RA20_Lycee_G_T_ES_Capture_marquage_recapture_Estimation-Taux-Survie_1290382.pdf\" class=\"wp-block-file__button\" download>T\u00e9l\u00e9charger<\/a><\/div>\n\n\n\n<div class=\"wp-block-file\"><a href=\"https:\/\/ent2d.ac-bordeaux.fr\/disciplines\/enseignement-scientifique\/wp-content\/uploads\/sites\/67\/2020\/06\/RA20_Lycee_G_T_ES_Essentiel_Hardy_Weinberg_1290384.pdf\" target=\"_blank\" rel=\"noreferrer noopener\">L\u2019essentiel sur le mod\u00e8le de Hardy-Weinberg appliqu\u00e9 \u00e0 l\u2019\u00e9volution biologique<\/a><a href=\"https:\/\/ent2d.ac-bordeaux.fr\/disciplines\/enseignement-scientifique\/wp-content\/uploads\/sites\/67\/2020\/06\/RA20_Lycee_G_T_ES_Essentiel_Hardy_Weinberg_1290384.pdf\" class=\"wp-block-file__button\" download>T\u00e9l\u00e9charger<\/a><\/div>\n\n\n\n<div class=\"wp-block-file\"><a href=\"https:\/\/ent2d.ac-bordeaux.fr\/disciplines\/enseignement-scientifique\/wp-content\/uploads\/sites\/67\/2020\/06\/RA20_Lycee_G_T_ES_sous-theme-3-1-Hardy-Weinberg_1241823.pdf\" target=\"_blank\" rel=\"noreferrer noopener\">Equilibre de Hardy-Weinberg<\/a><a href=\"https:\/\/ent2d.ac-bordeaux.fr\/disciplines\/enseignement-scientifique\/wp-content\/uploads\/sites\/67\/2020\/06\/RA20_Lycee_G_T_ES_sous-theme-3-1-Hardy-Weinberg_1241823.pdf\" class=\"wp-block-file__button\" download>T\u00e9l\u00e9charger<\/a><\/div>\n\n\n\n<p><\/p>\n","protected":false},"excerpt":{"rendered":"<p>Climat Biodiversit\u00e9<\/p>\n","protected":false},"author":8,"featured_media":0,"parent":302,"menu_order":1,"comment_status":"closed","ping_status":"closed","template":"","meta":{"footnotes":""},"class_list":["post-305","page","type-page","status-publish","hentry","nodate","item-wrap"],"_links":{"self":[{"href":"https:\/\/ent2d.ac-bordeaux.fr\/disciplines\/enseignement-scientifique\/wp-json\/wp\/v2\/pages\/305","targetHints":{"allow":["GET"]}}],"collection":[{"href":"https:\/\/ent2d.ac-bordeaux.fr\/disciplines\/enseignement-scientifique\/wp-json\/wp\/v2\/pages"}],"about":[{"href":"https:\/\/ent2d.ac-bordeaux.fr\/disciplines\/enseignement-scientifique\/wp-json\/wp\/v2\/types\/page"}],"author":[{"embeddable":true,"href":"https:\/\/ent2d.ac-bordeaux.fr\/disciplines\/enseignement-scientifique\/wp-json\/wp\/v2\/users\/8"}],"replies":[{"embeddable":true,"href":"https:\/\/ent2d.ac-bordeaux.fr\/disciplines\/enseignement-scientifique\/wp-json\/wp\/v2\/comments?post=305"}],"version-history":[{"count":7,"href":"https:\/\/ent2d.ac-bordeaux.fr\/disciplines\/enseignement-scientifique\/wp-json\/wp\/v2\/pages\/305\/revisions"}],"predecessor-version":[{"id":589,"href":"https:\/\/ent2d.ac-bordeaux.fr\/disciplines\/enseignement-scientifique\/wp-json\/wp\/v2\/pages\/305\/revisions\/589"}],"up":[{"embeddable":true,"href":"https:\/\/ent2d.ac-bordeaux.fr\/disciplines\/enseignement-scientifique\/wp-json\/wp\/v2\/pages\/302"}],"wp:attachment":[{"href":"https:\/\/ent2d.ac-bordeaux.fr\/disciplines\/enseignement-scientifique\/wp-json\/wp\/v2\/media?parent=305"}],"curies":[{"name":"wp","href":"https:\/\/api.w.org\/{rel}","templated":true}]}}