{"id":293,"date":"2020-06-19T16:00:35","date_gmt":"2020-06-19T14:00:35","guid":{"rendered":"https:\/\/ent2d.ac-bordeaux.fr\/disciplines\/enseignement-scientifique\/?page_id=293"},"modified":"2023-08-31T11:31:32","modified_gmt":"2023-08-31T09:31:32","slug":"premiere","status":"publish","type":"page","link":"https:\/\/ent2d.ac-bordeaux.fr\/disciplines\/enseignement-scientifique\/enseigner\/premiere\/","title":{"rendered":"Premi\u00e8re"},"content":{"rendered":"\n<div class=\"wp-block-button\"><a class=\"wp-block-button__link wp-element-button\" href=\"https:\/\/www.education.gouv.fr\/bo\/2023\/Hebdo25\/MENE2312806A\" target=\"_blank\" rel=\"noreferrer noopener\">Programme de l&#8217;enseignement scientifique de Premi\u00e8re (\u00e0 partir de la rentr\u00e9e 2023)<\/a><\/div>\n\n\n\n<div class=\"wp-block-button\"><a class=\"wp-block-button__link wp-element-button\" href=\"https:\/\/ent2d.ac-bordeaux.fr\/disciplines\/enseignement-scientifique\/enseigner\/premiere\/pnf-enseignement-scientifique-15-et-16-mai-2019\/\">PNF&nbsp;Enseignement scientifique \u2013 15 et 16 Mai 2019<\/a><\/div>\n\n\n\n<div class=\"wp-block-button\"><a class=\"wp-block-button__link wp-element-button\" href=\"https:\/\/ent2d.ac-bordeaux.fr\/disciplines\/enseignement-scientifique\/la-construction-du-savoir-scientifique\/\">Conf\u00e9rence scientifique &#8211; La construction du savoir scientifique<\/a><\/div>\n","protected":false},"excerpt":{"rendered":"","protected":false},"author":8,"featured_media":0,"parent":9,"menu_order":1,"comment_status":"closed","ping_status":"closed","template":"template-onecolumn.php","meta":{"footnotes":""},"class_list":["post-293","page","type-page","status-publish","hentry","nodate","item-wrap"],"_links":{"self":[{"href":"https:\/\/ent2d.ac-bordeaux.fr\/disciplines\/enseignement-scientifique\/wp-json\/wp\/v2\/pages\/293","targetHints":{"allow":["GET"]}}],"collection":[{"href":"https:\/\/ent2d.ac-bordeaux.fr\/disciplines\/enseignement-scientifique\/wp-json\/wp\/v2\/pages"}],"about":[{"href":"https:\/\/ent2d.ac-bordeaux.fr\/disciplines\/enseignement-scientifique\/wp-json\/wp\/v2\/types\/page"}],"author":[{"embeddable":true,"href":"https:\/\/ent2d.ac-bordeaux.fr\/disciplines\/enseignement-scientifique\/wp-json\/wp\/v2\/users\/8"}],"replies":[{"embeddable":true,"href":"https:\/\/ent2d.ac-bordeaux.fr\/disciplines\/enseignement-scientifique\/wp-json\/wp\/v2\/comments?post=293"}],"version-history":[{"count":6,"href":"https:\/\/ent2d.ac-bordeaux.fr\/disciplines\/enseignement-scientifique\/wp-json\/wp\/v2\/pages\/293\/revisions"}],"predecessor-version":[{"id":707,"href":"https:\/\/ent2d.ac-bordeaux.fr\/disciplines\/enseignement-scientifique\/wp-json\/wp\/v2\/pages\/293\/revisions\/707"}],"up":[{"embeddable":true,"href":"https:\/\/ent2d.ac-bordeaux.fr\/disciplines\/enseignement-scientifique\/wp-json\/wp\/v2\/pages\/9"}],"wp:attachment":[{"href":"https:\/\/ent2d.ac-bordeaux.fr\/disciplines\/enseignement-scientifique\/wp-json\/wp\/v2\/media?parent=293"}],"curies":[{"name":"wp","href":"https:\/\/api.w.org\/{rel}","templated":true}]}}