{"id":119,"date":"2019-06-05T17:43:48","date_gmt":"2019-06-05T15:43:48","guid":{"rendered":"https:\/\/ent2d.ac-bordeaux.fr\/disciplines\/enseignement-scientifique\/?page_id=119"},"modified":"2019-06-05T18:51:58","modified_gmt":"2019-06-05T16:51:58","slug":"atelier-6-projet-numerique-experimental","status":"publish","type":"page","link":"https:\/\/ent2d.ac-bordeaux.fr\/disciplines\/enseignement-scientifique\/enseigner\/premiere\/pnf-enseignement-scientifique-15-et-16-mai-2019\/ateliers-et-ressources-associees\/atelier-6-projet-numerique-experimental\/","title":{"rendered":"Atelier 6 : Projet num\u00e9rique exp\u00e9rimental"},"content":{"rendered":"\n<p class=\"has-background has-very-light-gray-background-color\">Anim\u00e9 par :&nbsp;<\/p>\n\n\n\n<ul class=\"wp-block-list\"><li><strong>Tristan Briant<\/strong>&nbsp;(MCF Sorbonne Universit\u00e9, Paris)<br><\/li><li><strong>S\u00e9bastien Turpin<\/strong>&nbsp;(MNHN Paris, SVT)<br><\/li><li><strong>Philippe Dutarte<\/strong>&nbsp;(IA-IPR math\u00e9matiques, Cr\u00e9teil)<\/li><\/ul>\n\n\n\n<p class=\"has-background has-very-light-gray-background-color\">Cet atelier propose une piste de projet exp\u00e9rimental et num\u00e9rique. Il se d\u00e9roulera en deux temps :<br><\/p>\n\n\n\n<ul class=\"wp-block-list\"><li>La cr\u00e9ation d&#8217;une station m\u00e9t\u00e9o \u00e0 l&#8217;aide de cartes Arduino. Les participants devront assembler les diff\u00e9rents composants de cette station et \u00e9crire le programme permettant d&#8217;acqu\u00e9rir les donn\u00e9es m\u00e9t\u00e9orologiques.<\/li><li>Une analyse de donn\u00e9es \u00e0 l&#8217;aide d&#8217;un tableur (Calc ou Excel) pour \u00e9tudier l&#8217;impact des conditions climatiques sur la pr\u00e9sence d&#8217;insectes, en croisant les diff\u00e9rentes variables. Les donn\u00e9es naturalistes \u00e9tudi\u00e9es, en grand nombre, sont issues du programme de sciences participatives Vigie-Nature \u00c9cole<\/li><\/ul>\n\n\n\n<p class=\"has-background has-very-light-gray-background-color\">Documents :<\/p>\n\n\n\n<div class=\"wp-block-file\"><a href=\"https:\/\/ent2d.ac-bordeaux.fr\/disciplines\/enseignement-scientifique\/wp-content\/uploads\/sites\/67\/2019\/06\/Document-Atelier.pdf\">Dossier de l&#8217;atelier<\/a><a href=\"https:\/\/ent2d.ac-bordeaux.fr\/disciplines\/enseignement-scientifique\/wp-content\/uploads\/sites\/67\/2019\/06\/Document-Atelier.pdf\" class=\"wp-block-file__button\" download>T\u00e9l\u00e9charger<\/a><\/div>\n\n\n\n<div class=\"wp-block-file\"><a href=\"https:\/\/ent2d.ac-bordeaux.fr\/disciplines\/enseignement-scientifique\/wp-content\/uploads\/sites\/67\/2019\/06\/PPT-Atelier-PNF.pdf\">PPT Atelier PNF<\/a><a href=\"https:\/\/ent2d.ac-bordeaux.fr\/disciplines\/enseignement-scientifique\/wp-content\/uploads\/sites\/67\/2019\/06\/PPT-Atelier-PNF.pdf\" class=\"wp-block-file__button\" download>T\u00e9l\u00e9charger<\/a><\/div>\n\n\n\n<div class=\"wp-block-file\"><a href=\"https:\/\/ent2d.ac-bordeaux.fr\/disciplines\/enseignement-scientifique\/wp-content\/uploads\/sites\/67\/2019\/06\/Spipoll-2-2019.pdf\">Spipoll &#8211; Vigie-nature<\/a><a href=\"https:\/\/ent2d.ac-bordeaux.fr\/disciplines\/enseignement-scientifique\/wp-content\/uploads\/sites\/67\/2019\/06\/Spipoll-2-2019.pdf\" class=\"wp-block-file__button\" download>T\u00e9l\u00e9charger<\/a><\/div>\n\n\n\n<div class=\"wp-block-file\"><a href=\"https:\/\/ent2d.ac-bordeaux.fr\/disciplines\/enseignement-scientifique\/wp-content\/uploads\/sites\/67\/2019\/06\/base_SPIPOLL.ods\">SPIPOLL &#8211; Fichier ods<\/a><a href=\"https:\/\/ent2d.ac-bordeaux.fr\/disciplines\/enseignement-scientifique\/wp-content\/uploads\/sites\/67\/2019\/06\/base_SPIPOLL.ods\" class=\"wp-block-file__button\" download>T\u00e9l\u00e9charger<\/a><\/div>\n\n\n\n<div class=\"wp-block-file\"><a href=\"https:\/\/ent2d.ac-bordeaux.fr\/disciplines\/enseignement-scientifique\/wp-content\/uploads\/sites\/67\/2019\/06\/base_SPIPOLL_corrige.ods\">SPIPOLL &#8211; Fichier ods corrig\u00e9<\/a><a href=\"https:\/\/ent2d.ac-bordeaux.fr\/disciplines\/enseignement-scientifique\/wp-content\/uploads\/sites\/67\/2019\/06\/base_SPIPOLL_corrige.ods\" class=\"wp-block-file__button\" download>T\u00e9l\u00e9charger<\/a><\/div>\n\n\n\n<p class=\"has-background has-very-light-gray-background-color\">Conf\u00e9rence en ligne :<\/p>\n\n\n\n<p><a href=\"http:\/\/xml.climatetmeteo.fr\/exist\/rest\/db\/rel\/pres-xhtml\/MeteoEtClimat\/ElementsGenerauxDeMeteorologie\/ElementsGenerauxDeMeteorologie.xhtml\">El\u00e9ments g\u00e9n\u00e9raux de m\u00e9thodologie &#8211; David POLLACK <\/a><\/p>\n\n\n\n<p class=\"has-background has-very-light-gray-background-color\">Sitographie :&nbsp;<\/p>\n\n\n\n<p><a href=\"http:\/\/www.climat-en-questions.fr\/reponse\/fonctionnement-climat\/bilan-radiatif-terre-par-robert-kandel-serge-planton\">Le climat en question &#8211; Qu&#8217;est-ce que le bilan radiatif de la Terre ? &#8211; Robert KANDEL et Serge PANTON<\/a><\/p>\n\n\n\n<p><a href=\"http:\/\/planet-terre.ens-lyon.fr\/article\/histoire-effet-de-serre.xml\">Historique de l&#8217;effet de serre &#8211; Jacques GRINEVALD et Beno\u00eet URGELLI<\/a><\/p>\n","protected":false},"excerpt":{"rendered":"<p>Anim\u00e9 par :&nbsp; Tristan Briant&nbsp;(MCF Sorbonne Universit\u00e9, Paris) S\u00e9bastien Turpin&nbsp;(MNHN Paris, SVT) Philippe Dutarte&nbsp;(IA-IPR math\u00e9matiques, Cr\u00e9teil) Cet atelier propose une piste de projet exp\u00e9rimental et num\u00e9rique. Il se d\u00e9roulera en deux temps : La cr\u00e9ation d&#8217;une station m\u00e9t\u00e9o \u00e0 l&#8217;aide de cartes Arduino. Les participants devront assembler les diff\u00e9rents composants de cette station et \u00e9crire &hellip; <\/p>\n<p><a class=\"more-link btn\" href=\"https:\/\/ent2d.ac-bordeaux.fr\/disciplines\/enseignement-scientifique\/enseigner\/premiere\/pnf-enseignement-scientifique-15-et-16-mai-2019\/ateliers-et-ressources-associees\/atelier-6-projet-numerique-experimental\/\">Lire la suite<\/a><\/p>\n","protected":false},"author":8,"featured_media":0,"parent":75,"menu_order":0,"comment_status":"closed","ping_status":"closed","template":"","meta":{"footnotes":""},"class_list":["post-119","page","type-page","status-publish","hentry","nodate","item-wrap"],"_links":{"self":[{"href":"https:\/\/ent2d.ac-bordeaux.fr\/disciplines\/enseignement-scientifique\/wp-json\/wp\/v2\/pages\/119","targetHints":{"allow":["GET"]}}],"collection":[{"href":"https:\/\/ent2d.ac-bordeaux.fr\/disciplines\/enseignement-scientifique\/wp-json\/wp\/v2\/pages"}],"about":[{"href":"https:\/\/ent2d.ac-bordeaux.fr\/disciplines\/enseignement-scientifique\/wp-json\/wp\/v2\/types\/page"}],"author":[{"embeddable":true,"href":"https:\/\/ent2d.ac-bordeaux.fr\/disciplines\/enseignement-scientifique\/wp-json\/wp\/v2\/users\/8"}],"replies":[{"embeddable":true,"href":"https:\/\/ent2d.ac-bordeaux.fr\/disciplines\/enseignement-scientifique\/wp-json\/wp\/v2\/comments?post=119"}],"version-history":[{"count":2,"href":"https:\/\/ent2d.ac-bordeaux.fr\/disciplines\/enseignement-scientifique\/wp-json\/wp\/v2\/pages\/119\/revisions"}],"predecessor-version":[{"id":145,"href":"https:\/\/ent2d.ac-bordeaux.fr\/disciplines\/enseignement-scientifique\/wp-json\/wp\/v2\/pages\/119\/revisions\/145"}],"up":[{"embeddable":true,"href":"https:\/\/ent2d.ac-bordeaux.fr\/disciplines\/enseignement-scientifique\/wp-json\/wp\/v2\/pages\/75"}],"wp:attachment":[{"href":"https:\/\/ent2d.ac-bordeaux.fr\/disciplines\/enseignement-scientifique\/wp-json\/wp\/v2\/media?parent=119"}],"curies":[{"name":"wp","href":"https:\/\/api.w.org\/{rel}","templated":true}]}}