{"id":11,"date":"2019-06-05T14:21:23","date_gmt":"2019-06-05T12:21:23","guid":{"rendered":"https:\/\/ent2d.ac-bordeaux.fr\/disciplines\/enseignement-scientifique\/?page_id=11"},"modified":"2020-09-22T14:17:47","modified_gmt":"2020-09-22T12:17:47","slug":"sinformer","status":"publish","type":"page","link":"https:\/\/ent2d.ac-bordeaux.fr\/disciplines\/enseignement-scientifique\/sinformer\/","title":{"rendered":"S&#8217;INFORMER"},"content":{"rendered":"\n<h2 class=\"has-text-align-center wp-block-heading\">Premi\u00e8re<\/h2>\n\n\n\n<h3 class=\"wp-block-heading\"><a href=\"https:\/\/ent2d.ac-bordeaux.fr\/disciplines\/enseignement-scientifique\/wp-content\/uploads\/sites\/67\/2019\/06\/Programme-1\u00e8re.pdf\" target=\"_blank\" rel=\"noreferrer noopener\" aria-label=\" (s\u2019ouvre dans un nouvel onglet)\">Programme Premi\u00e8re<\/a><\/h3>\n\n\n\n<h3 class=\"wp-block-heading\"><a href=\"https:\/\/ent2d.ac-bordeaux.fr\/disciplines\/enseignement-scientifique\/wp-content\/uploads\/sites\/67\/2020\/09\/Analyse-du-programme-denseignement-scientifique-classe-de-premie\u0300re.pdf\" target=\"_blank\" rel=\"noreferrer noopener\">Analyse du programme<\/a><\/h3>\n\n\n\n<h3 class=\"wp-block-heading\"><a href=\"https:\/\/eduscol.education.fr\/cid141765\/sujets-zero-1e-bac-2021.html#lien0\" target=\"_blank\" rel=\"noreferrer noopener\" aria-label=\" (s\u2019ouvre dans un nouvel onglet)\">Sujets z\u00e9ro<\/a><\/h3>\n\n\n\n<h2 class=\"has-text-align-center wp-block-heading\">Terminale<\/h2>\n\n\n\n<h3 class=\"wp-block-heading\"><a href=\"https:\/\/ent2d.ac-bordeaux.fr\/disciplines\/enseignement-scientifique\/wp-content\/uploads\/sites\/67\/2019\/09\/TERMINALES_Enseignement_Scientifique.pdf\">Programme Terminale<\/a><\/h3>\n\n\n\n<h3 class=\"wp-block-heading\"><a href=\"https:\/\/ent2d.ac-bordeaux.fr\/disciplines\/enseignement-scientifique\/wp-content\/uploads\/sites\/67\/2020\/09\/Analyse-du-programme-enseignement-scientifique-en-classe-de-terminale.pdf\" target=\"_blank\" rel=\"noreferrer noopener\">Analyse du programme<\/a><\/h3>\n\n\n\n<h2 class=\"has-text-align-center wp-block-heading\">Modalit\u00e9s des \u00e9preuves du baccalaur\u00e9at<\/h2>\n\n\n\n<p>\n\n\n\n\n\n\n\n\n\n\n\n\n\n\n\n\nBac\n2021 : D\u00e9finition de l\u2019\u00e9preuve de l\u2019enseignement de sp\u00e9cialit\u00e9 SVT (<a href=\"https:\/\/www.education.gouv.fr\/pid285\/bulletin_officiel.html?cid_bo=141192\" target=\"_blank\" rel=\"noreferrer noopener\"><em>Note de service n\u00b02019-057 du 18\navril 2019<\/em><\/a><em>, BO n\u00b017 du 25\navril 2019)<\/em><\/p>\n\n\n\n<div class=\"wp-block-file\"><a href=\"https:\/\/ent2d.ac-bordeaux.fr\/disciplines\/enseignement-scientifique\/wp-content\/uploads\/sites\/67\/2020\/06\/NDS_Enseignement_scientifique_voie_generale-1.pdf\">Note de service_Enseignement_scientifique_voie_g\u00e9n\u00e9rale<\/a><a href=\"https:\/\/ent2d.ac-bordeaux.fr\/disciplines\/enseignement-scientifique\/wp-content\/uploads\/sites\/67\/2020\/06\/NDS_Enseignement_scientifique_voie_generale-1.pdf\" class=\"wp-block-file__button\" download>T\u00e9l\u00e9charger<\/a><\/div>\n","protected":false},"excerpt":{"rendered":"<p>Premi\u00e8re Programme Premi\u00e8re Analyse du programme Sujets z\u00e9ro Terminale Programme Terminale Analyse du programme Modalit\u00e9s des \u00e9preuves du baccalaur\u00e9at Bac 2021 : D\u00e9finition de l\u2019\u00e9preuve de l\u2019enseignement de sp\u00e9cialit\u00e9 SVT (Note de service n\u00b02019-057 du 18 avril 2019, BO n\u00b017 du 25 avril 2019)<\/p>\n","protected":false},"author":8,"featured_media":0,"parent":0,"menu_order":0,"comment_status":"closed","ping_status":"closed","template":"","meta":{"footnotes":""},"class_list":["post-11","page","type-page","status-publish","hentry","nodate","item-wrap"],"_links":{"self":[{"href":"https:\/\/ent2d.ac-bordeaux.fr\/disciplines\/enseignement-scientifique\/wp-json\/wp\/v2\/pages\/11","targetHints":{"allow":["GET"]}}],"collection":[{"href":"https:\/\/ent2d.ac-bordeaux.fr\/disciplines\/enseignement-scientifique\/wp-json\/wp\/v2\/pages"}],"about":[{"href":"https:\/\/ent2d.ac-bordeaux.fr\/disciplines\/enseignement-scientifique\/wp-json\/wp\/v2\/types\/page"}],"author":[{"embeddable":true,"href":"https:\/\/ent2d.ac-bordeaux.fr\/disciplines\/enseignement-scientifique\/wp-json\/wp\/v2\/users\/8"}],"replies":[{"embeddable":true,"href":"https:\/\/ent2d.ac-bordeaux.fr\/disciplines\/enseignement-scientifique\/wp-json\/wp\/v2\/comments?post=11"}],"version-history":[{"count":14,"href":"https:\/\/ent2d.ac-bordeaux.fr\/disciplines\/enseignement-scientifique\/wp-json\/wp\/v2\/pages\/11\/revisions"}],"predecessor-version":[{"id":588,"href":"https:\/\/ent2d.ac-bordeaux.fr\/disciplines\/enseignement-scientifique\/wp-json\/wp\/v2\/pages\/11\/revisions\/588"}],"wp:attachment":[{"href":"https:\/\/ent2d.ac-bordeaux.fr\/disciplines\/enseignement-scientifique\/wp-json\/wp\/v2\/media?parent=11"}],"curies":[{"name":"wp","href":"https:\/\/api.w.org\/{rel}","templated":true}]}}