{"id":104,"date":"2019-06-05T17:39:11","date_gmt":"2019-06-05T15:39:11","guid":{"rendered":"https:\/\/ent2d.ac-bordeaux.fr\/disciplines\/enseignement-scientifique\/?page_id=104"},"modified":"2019-06-05T19:28:11","modified_gmt":"2019-06-05T17:28:11","slug":"atelier-2b-musique-son-physique-et-svt-pour-la-sante-auditive","status":"publish","type":"page","link":"https:\/\/ent2d.ac-bordeaux.fr\/disciplines\/enseignement-scientifique\/enseigner\/premiere\/pnf-enseignement-scientifique-15-et-16-mai-2019\/ateliers-et-ressources-associees\/atelier-2b-musique-son-physique-et-svt-pour-la-sante-auditive\/","title":{"rendered":"Atelier 2 : Musique &#8211; Son (Physique et SVT pour la sant\u00e9 auditive)"},"content":{"rendered":"\n<p class=\"has-background has-very-light-gray-background-color\">Anim\u00e9 par&nbsp; :<\/p>\n\n\n\n<ul class=\"wp-block-list\"><li><strong>Vincent Parbelle &nbsp;&nbsp;&nbsp;&nbsp;&nbsp;&nbsp;&nbsp;&nbsp;<\/strong>Professeur de Physique au lyc\u00e9e La Martini\u00e8re \u2013 acad\u00e9mie de Lyon<\/li><li><strong>Marianne Wojcik &nbsp;&nbsp;&nbsp;&nbsp;&nbsp;&nbsp;&nbsp;<\/strong>IA-IPR de SVT \u2013 acad\u00e9mie de Nancy-Metz<\/li><\/ul>\n\n\n\n<p>Apr\u00e8s une courte introduction pour replacer les th\u00e9matiques abord\u00e9es dans le programme officiel, cet atelier pr\u00e9sentera, de mani\u00e8re int\u00e9gr\u00e9e, alternativement des notions biologiques et d\u2019autres relevant du champ de la physique.<br><\/p>\n\n\n\n<p>\u2022 Entendre la musique&nbsp;:<\/p>\n\n\n\n<p>En lien avec ce qui a \u00e9t\u00e9 abord\u00e9 dans l\u2019Atelier 2a,&nbsp; les exemples \u00e9tayant les propos seront pris dans le domaine musical.<\/p>\n\n\n\n<p>Les m\u00e9canismes physiologiques en jeu lors de&nbsp; la r\u00e9ception d\u2019un son par l\u2019oreille humaine seront expliqu\u00e9s, ainsi que le r\u00f4le du cerveau dans la perception des sons.<\/p>\n\n\n\n<p>On s\u2019int\u00e9ressera \u00e0 la perception de l\u2019intensit\u00e9 ou de la hauteur dans la musique,&nbsp;mais aussi de celle de la consonance des signaux et ondes sonores. On posera la question suivante : Y a-t-il une base physique et\/ou physiologique \u00e0 la sensation de consonance ou est-ce culturel&nbsp;? Ces questions permettront de pr\u00e9ciser la notion de d\u00e9composition spectrale pr\u00e9sente dans le sous-th\u00e8me 4.1,&nbsp;Le son, ph\u00e9nom\u00e8ne vibratoire.<\/p>\n\n\n\n<p>\u2022 Nous aborderons la&nbsp;sant\u00e9 auditive&nbsp;au travers de donn\u00e9es biologiques et \u00e9pid\u00e9miologiques&nbsp;et nous interrogerons la place de l\u2019\u00e9ducation \u00e0 la sant\u00e9 dans l\u2019enseignement scientifique en classe de premi\u00e8re.<\/p>\n\n\n\n<p>\u2022 Quelques ressources&nbsp;dont des exemples d\u2019activit\u00e9s r\u00e9alisables en classe avec des \u00e9l\u00e8ves seront propos\u00e9es&nbsp;; leur pertinence sera discut\u00e9e au regard des grands objectifs du programme (<em>Comprendre la nature du savoir scientifique et ses m\u00e9thodes d\u2019\u00e9laboration , Identifier et mettre en \u0153uvre des pratiques scientifiques , Identifier et comprendre les effets de la science sur les soci\u00e9t\u00e9s et sur l\u2019environnement)<\/em><\/p>\n\n\n\n<p class=\"has-background has-very-light-gray-background-color\">Documents :<\/p>\n\n\n\n<div class=\"wp-block-file\"><a href=\"https:\/\/ent2d.ac-bordeaux.fr\/disciplines\/enseignement-scientifique\/wp-content\/uploads\/sites\/67\/2019\/06\/Surdite\u0301-et-de\u0301ficience-auditive.pdf\">Surdite\u0301 et de\u0301ficience auditive (OMS)<\/a><a href=\"https:\/\/ent2d.ac-bordeaux.fr\/disciplines\/enseignement-scientifique\/wp-content\/uploads\/sites\/67\/2019\/06\/Surdite\u0301-et-de\u0301ficience-auditive.pdf\" class=\"wp-block-file__button\" download>T\u00e9l\u00e9charger<\/a><\/div>\n\n\n\n<div class=\"wp-block-file\"><a href=\"https:\/\/ent2d.ac-bordeaux.fr\/disciplines\/enseignement-scientifique\/wp-content\/uploads\/sites\/67\/2019\/06\/Son-et-audition-Source.pdf\">Musique et troubles de l&#8217;ou\u00efe (suvaliv)<\/a><a href=\"https:\/\/ent2d.ac-bordeaux.fr\/disciplines\/enseignement-scientifique\/wp-content\/uploads\/sites\/67\/2019\/06\/Son-et-audition-Source.pdf\" class=\"wp-block-file__button\" download>T\u00e9l\u00e9charger<\/a><\/div>\n\n\n\n<div class=\"wp-block-file\"><a href=\"https:\/\/ent2d.ac-bordeaux.fr\/disciplines\/enseignement-scientifique\/wp-content\/uploads\/sites\/67\/2019\/06\/1706_PBD_leaftlet_A4_French_lowres_for_web170215.pdf\">Ecouter sans risques<\/a><a href=\"https:\/\/ent2d.ac-bordeaux.fr\/disciplines\/enseignement-scientifique\/wp-content\/uploads\/sites\/67\/2019\/06\/1706_PBD_leaftlet_A4_French_lowres_for_web170215.pdf\" class=\"wp-block-file__button\" download>T\u00e9l\u00e9charger<\/a><\/div>\n","protected":false},"excerpt":{"rendered":"<p>Anim\u00e9 par&nbsp; : Vincent Parbelle &nbsp;&nbsp;&nbsp;&nbsp;&nbsp;&nbsp;&nbsp;&nbsp;Professeur de Physique au lyc\u00e9e La Martini\u00e8re \u2013 acad\u00e9mie de Lyon Marianne Wojcik &nbsp;&nbsp;&nbsp;&nbsp;&nbsp;&nbsp;&nbsp;IA-IPR de SVT \u2013 acad\u00e9mie de Nancy-Metz Apr\u00e8s une courte introduction pour replacer les th\u00e9matiques abord\u00e9es dans le programme officiel, cet atelier pr\u00e9sentera, de mani\u00e8re int\u00e9gr\u00e9e, alternativement des notions biologiques et d\u2019autres relevant du champ de la &hellip; <\/p>\n<p><a class=\"more-link btn\" href=\"https:\/\/ent2d.ac-bordeaux.fr\/disciplines\/enseignement-scientifique\/enseigner\/premiere\/pnf-enseignement-scientifique-15-et-16-mai-2019\/ateliers-et-ressources-associees\/atelier-2b-musique-son-physique-et-svt-pour-la-sante-auditive\/\">Lire la suite<\/a><\/p>\n","protected":false},"author":8,"featured_media":0,"parent":75,"menu_order":0,"comment_status":"closed","ping_status":"closed","template":"","meta":{"footnotes":""},"class_list":["post-104","page","type-page","status-publish","hentry","nodate","item-wrap"],"_links":{"self":[{"href":"https:\/\/ent2d.ac-bordeaux.fr\/disciplines\/enseignement-scientifique\/wp-json\/wp\/v2\/pages\/104","targetHints":{"allow":["GET"]}}],"collection":[{"href":"https:\/\/ent2d.ac-bordeaux.fr\/disciplines\/enseignement-scientifique\/wp-json\/wp\/v2\/pages"}],"about":[{"href":"https:\/\/ent2d.ac-bordeaux.fr\/disciplines\/enseignement-scientifique\/wp-json\/wp\/v2\/types\/page"}],"author":[{"embeddable":true,"href":"https:\/\/ent2d.ac-bordeaux.fr\/disciplines\/enseignement-scientifique\/wp-json\/wp\/v2\/users\/8"}],"replies":[{"embeddable":true,"href":"https:\/\/ent2d.ac-bordeaux.fr\/disciplines\/enseignement-scientifique\/wp-json\/wp\/v2\/comments?post=104"}],"version-history":[{"count":3,"href":"https:\/\/ent2d.ac-bordeaux.fr\/disciplines\/enseignement-scientifique\/wp-json\/wp\/v2\/pages\/104\/revisions"}],"predecessor-version":[{"id":172,"href":"https:\/\/ent2d.ac-bordeaux.fr\/disciplines\/enseignement-scientifique\/wp-json\/wp\/v2\/pages\/104\/revisions\/172"}],"up":[{"embeddable":true,"href":"https:\/\/ent2d.ac-bordeaux.fr\/disciplines\/enseignement-scientifique\/wp-json\/wp\/v2\/pages\/75"}],"wp:attachment":[{"href":"https:\/\/ent2d.ac-bordeaux.fr\/disciplines\/enseignement-scientifique\/wp-json\/wp\/v2\/media?parent=104"}],"curies":[{"name":"wp","href":"https:\/\/api.w.org\/{rel}","templated":true}]}}