{"id":96,"date":"2017-07-10T15:15:21","date_gmt":"2017-07-10T13:15:21","guid":{"rendered":"https:\/\/ent2d.ac-bordeaux.fr\/disciplines\/electrotechnique\/?page_id=96"},"modified":"2024-07-24T11:55:18","modified_gmt":"2024-07-24T09:55:18","slug":"bac-pro-melec-2","status":"publish","type":"page","link":"https:\/\/ent2d.ac-bordeaux.fr\/disciplines\/electrotechnique\/bac-pro-melec-2\/","title":{"rendered":"BAC PRO MELEC"},"content":{"rendered":"<p><a href=\"https:\/\/ent2d.ac-bordeaux.fr\/disciplines\/electrotechnique\/bac-pro-melec-2\/smart_gridlogo\/\" rel=\"attachment wp-att-210\"><img loading=\"lazy\" decoding=\"async\" class=\"aligncenter wp-image-210\" src=\"https:\/\/ent2d.ac-bordeaux.fr\/disciplines\/electrotechnique\/wp-content\/uploads\/sites\/20\/2018\/01\/Smart_gridlogo-300x141.jpg\" alt=\"\" width=\"564\" height=\"265\" srcset=\"https:\/\/ent2d.ac-bordeaux.fr\/disciplines\/electrotechnique\/wp-content\/uploads\/sites\/20\/2018\/01\/Smart_gridlogo-300x141.jpg 300w, https:\/\/ent2d.ac-bordeaux.fr\/disciplines\/electrotechnique\/wp-content\/uploads\/sites\/20\/2018\/01\/Smart_gridlogo-768x360.jpg 768w, https:\/\/ent2d.ac-bordeaux.fr\/disciplines\/electrotechnique\/wp-content\/uploads\/sites\/20\/2018\/01\/Smart_gridlogo-1024x480.jpg 1024w, https:\/\/ent2d.ac-bordeaux.fr\/disciplines\/electrotechnique\/wp-content\/uploads\/sites\/20\/2018\/01\/Smart_gridlogo.jpg 1291w\" sizes=\"auto, (max-width: 564px) 100vw, 564px\" \/><\/a><\/p>\n<h2 style=\"text-align: center\"><a href=\"http:\/\/eduscol.education.fr\/sti\/formations\/bac-pro\/bac-pro-metiers-de-lelectricite-et-de-ses-environnements-connectes-melec#presentation\"><strong>\u21d2 Pr\u00e9sentation du BAC PRO MELEC<\/strong><\/a><\/h2>\n<p><a href=\"http:\/\/eduscol.education.fr\/sti\/formations\/bac-pro\/bac-pro-metiers-de-lelectricite-et-de-ses-environnements-connectes-melec#presentation\" rel=\"attachment wp-att-215\"><img loading=\"lazy\" decoding=\"async\" class=\"aligncenter wp-image-215\" src=\"https:\/\/ent2d.ac-bordeaux.fr\/disciplines\/electrotechnique\/wp-content\/uploads\/sites\/20\/2018\/01\/BCP-MELEC-300x90.jpg\" alt=\"\" width=\"550\" height=\"165\" srcset=\"https:\/\/ent2d.ac-bordeaux.fr\/disciplines\/electrotechnique\/wp-content\/uploads\/sites\/20\/2018\/01\/BCP-MELEC-300x90.jpg 300w, https:\/\/ent2d.ac-bordeaux.fr\/disciplines\/electrotechnique\/wp-content\/uploads\/sites\/20\/2018\/01\/BCP-MELEC.jpg 664w\" sizes=\"auto, (max-width: 550px) 100vw, 550px\" \/><\/a><a href=\"https:\/\/youtu.be\/XdXz0undHYE\">https:\/\/youtu.be\/XdXz0undHYE<\/a><\/p>\n\n\n<p><a href=\"http:\/\/eduscol.education.fr\/referentiels-professionnels\/indexdbe3.html\" target=\"_blank\" rel=\"noreferrer noopener\">M\u00e9tiers de l&rsquo;\u00e9lectricit\u00e9 et de ses environnements connect\u00e9s (derni\u00e8re session 2025)<\/a><\/p>\n\n\n\n<p><a href=\"https:\/\/www.legifrance.gouv.fr\/jorf\/id\/JORFTEXT000049246678\" target=\"_blank\" rel=\"noreferrer noopener\">M\u00e9tiers de l&rsquo;\u00e9lectricit\u00e9 et de ses environnements connect\u00e9s (premi\u00e8re session 2026)<\/a><\/p>\n","protected":false},"excerpt":{"rendered":"<p>\u21d2 Pr\u00e9sentation du BAC PRO MELEC https:\/\/youtu.be\/XdXz0undHYE M\u00e9tiers de l&rsquo;\u00e9lectricit\u00e9 et de ses environnements connect\u00e9s (derni\u00e8re session 2025) M\u00e9tiers de l&rsquo;\u00e9lectricit\u00e9 et de ses environnements connect\u00e9s (premi\u00e8re session 2026)<\/p>\n","protected":false},"author":95,"featured_media":0,"parent":0,"menu_order":0,"comment_status":"closed","ping_status":"closed","template":"template-onecolumn.php","meta":{"footnotes":""},"class_list":["post-96","page","type-page","status-publish","hentry","nodate"],"_links":{"self":[{"href":"https:\/\/ent2d.ac-bordeaux.fr\/disciplines\/electrotechnique\/wp-json\/wp\/v2\/pages\/96","targetHints":{"allow":["GET"]}}],"collection":[{"href":"https:\/\/ent2d.ac-bordeaux.fr\/disciplines\/electrotechnique\/wp-json\/wp\/v2\/pages"}],"about":[{"href":"https:\/\/ent2d.ac-bordeaux.fr\/disciplines\/electrotechnique\/wp-json\/wp\/v2\/types\/page"}],"author":[{"embeddable":true,"href":"https:\/\/ent2d.ac-bordeaux.fr\/disciplines\/electrotechnique\/wp-json\/wp\/v2\/users\/95"}],"replies":[{"embeddable":true,"href":"https:\/\/ent2d.ac-bordeaux.fr\/disciplines\/electrotechnique\/wp-json\/wp\/v2\/comments?post=96"}],"version-history":[{"count":13,"href":"https:\/\/ent2d.ac-bordeaux.fr\/disciplines\/electrotechnique\/wp-json\/wp\/v2\/pages\/96\/revisions"}],"predecessor-version":[{"id":653,"href":"https:\/\/ent2d.ac-bordeaux.fr\/disciplines\/electrotechnique\/wp-json\/wp\/v2\/pages\/96\/revisions\/653"}],"wp:attachment":[{"href":"https:\/\/ent2d.ac-bordeaux.fr\/disciplines\/electrotechnique\/wp-json\/wp\/v2\/media?parent=96"}],"curies":[{"name":"wp","href":"https:\/\/api.w.org\/{rel}","templated":true}]}}