{"id":832,"date":"2024-10-07T17:30:43","date_gmt":"2024-10-07T15:30:43","guid":{"rendered":"https:\/\/ent2d.ac-bordeaux.fr\/disciplines\/electrotechnique\/?page_id=832"},"modified":"2025-09-01T15:17:54","modified_gmt":"2025-09-01T13:17:54","slug":"challenge-melec-top12-nouvelle-aquitaine","status":"publish","type":"page","link":"https:\/\/ent2d.ac-bordeaux.fr\/disciplines\/electrotechnique\/actions-et-challenges\/challenge-melec-top12-nouvelle-aquitaine\/","title":{"rendered":"CHALLENGE MELEC TOP12 Nouvelle-Aquitaine"},"content":{"rendered":"\n<h5 class=\"wp-block-heading\"><strong>Bienvenue&nbsp;dans cette plateforme d&rsquo;information et d&rsquo;inscription d\u00e9di\u00e9e au Challenge MELEC TOP 12 Nouvelle Aquitaine.&nbsp;<\/strong><\/h5>\n\n\n\n<h5 class=\"wp-block-heading\"><strong>Ce concours est ouvert uniquement aux apprenants de 1\u00e8re Bac Pro MELEC en formation initiale ou en apprentissage des acad\u00e9mies de BORDEAUX, LIMOGES et&nbsp;POITIERS.&nbsp;<\/strong><\/h5>\n\n\n\n<h5 class=\"wp-block-heading\"><strong>Vous trouverez ci-dessous et dans les pages qui composent l&rsquo;accueil toutes les informations n\u00e9cessaires pour inscrire vos jeunes.<\/strong><\/h5>\n\n\n\n<h3 class=\"wp-block-heading\"><strong>OUVERTURE DES INSCRIPTIONS POUR LA 4\u00e8me \u00c9DITION, LE 7 OCTOBRE 2025 !<\/strong><\/h3>\n\n\n\n<figure class=\"wp-block-image size-full\"><img loading=\"lazy\" decoding=\"async\" width=\"911\" height=\"490\" src=\"https:\/\/ent2d.ac-bordeaux.fr\/disciplines\/electrotechnique\/wp-content\/uploads\/sites\/20\/2025\/09\/image.png\" alt=\"\" class=\"wp-image-876\" srcset=\"https:\/\/ent2d.ac-bordeaux.fr\/disciplines\/electrotechnique\/wp-content\/uploads\/sites\/20\/2025\/09\/image.png 911w, https:\/\/ent2d.ac-bordeaux.fr\/disciplines\/electrotechnique\/wp-content\/uploads\/sites\/20\/2025\/09\/image-300x161.png 300w, https:\/\/ent2d.ac-bordeaux.fr\/disciplines\/electrotechnique\/wp-content\/uploads\/sites\/20\/2025\/09\/image-768x413.png 768w\" sizes=\"auto, (max-width: 911px) 100vw, 911px\" \/><\/figure>\n","protected":false},"excerpt":{"rendered":"<p>Bienvenue&nbsp;dans cette plateforme d&rsquo;information et d&rsquo;inscription d\u00e9di\u00e9e au Challenge MELEC TOP 12 Nouvelle Aquitaine.&nbsp; Ce concours est ouvert uniquement aux apprenants de 1\u00e8re Bac Pro MELEC en formation initiale ou en apprentissage des acad\u00e9mies de BORDEAUX, LIMOGES et&nbsp;POITIERS.&nbsp; Vous trouverez ci-dessous et dans les pages qui composent l&rsquo;accueil toutes les informations n\u00e9cessaires pour inscrire vos &hellip; <\/p>\n<p><a class=\"more-link block-button\" href=\"https:\/\/ent2d.ac-bordeaux.fr\/disciplines\/electrotechnique\/actions-et-challenges\/challenge-melec-top12-nouvelle-aquitaine\/\">Lire la Suite &raquo;<\/a><\/p>\n","protected":false},"author":95,"featured_media":0,"parent":64,"menu_order":0,"comment_status":"closed","ping_status":"closed","template":"","meta":{"footnotes":""},"class_list":["post-832","page","type-page","status-publish","hentry","nodate"],"_links":{"self":[{"href":"https:\/\/ent2d.ac-bordeaux.fr\/disciplines\/electrotechnique\/wp-json\/wp\/v2\/pages\/832","targetHints":{"allow":["GET"]}}],"collection":[{"href":"https:\/\/ent2d.ac-bordeaux.fr\/disciplines\/electrotechnique\/wp-json\/wp\/v2\/pages"}],"about":[{"href":"https:\/\/ent2d.ac-bordeaux.fr\/disciplines\/electrotechnique\/wp-json\/wp\/v2\/types\/page"}],"author":[{"embeddable":true,"href":"https:\/\/ent2d.ac-bordeaux.fr\/disciplines\/electrotechnique\/wp-json\/wp\/v2\/users\/95"}],"replies":[{"embeddable":true,"href":"https:\/\/ent2d.ac-bordeaux.fr\/disciplines\/electrotechnique\/wp-json\/wp\/v2\/comments?post=832"}],"version-history":[{"count":10,"href":"https:\/\/ent2d.ac-bordeaux.fr\/disciplines\/electrotechnique\/wp-json\/wp\/v2\/pages\/832\/revisions"}],"predecessor-version":[{"id":877,"href":"https:\/\/ent2d.ac-bordeaux.fr\/disciplines\/electrotechnique\/wp-json\/wp\/v2\/pages\/832\/revisions\/877"}],"up":[{"embeddable":true,"href":"https:\/\/ent2d.ac-bordeaux.fr\/disciplines\/electrotechnique\/wp-json\/wp\/v2\/pages\/64"}],"wp:attachment":[{"href":"https:\/\/ent2d.ac-bordeaux.fr\/disciplines\/electrotechnique\/wp-json\/wp\/v2\/media?parent=832"}],"curies":[{"name":"wp","href":"https:\/\/api.w.org\/{rel}","templated":true}]}}