{"id":807,"date":"2024-07-25T00:25:06","date_gmt":"2024-07-24T22:25:06","guid":{"rendered":"https:\/\/ent2d.ac-bordeaux.fr\/disciplines\/electrotechnique\/?page_id=807"},"modified":"2024-07-25T00:27:48","modified_gmt":"2024-07-24T22:27:48","slug":"ecole-des-reseaux","status":"publish","type":"page","link":"https:\/\/ent2d.ac-bordeaux.fr\/disciplines\/electrotechnique\/coloration-des-diplomes-professionnels\/ecole-des-reseaux\/","title":{"rendered":"\u00c9cole des r\u00e9seaux pour la transition \u00e9nerg\u00e9tique"},"content":{"rendered":"\n<figure class=\"wp-block-image size-full\"><img loading=\"lazy\" decoding=\"async\" width=\"179\" height=\"168\" src=\"https:\/\/ent2d.ac-bordeaux.fr\/disciplines\/electrotechnique\/wp-content\/uploads\/sites\/20\/2024\/07\/image-3.png\" alt=\"\" class=\"wp-image-811\" \/><\/figure>\n\n\n\n<p><a href=\"https:\/\/www.enedis.fr\/reussir-la-transition-ecologique\/ecoles-des-reseaux-pour-la-transition-energetique\" target=\"_blank\" rel=\"noreferrer noopener\">Former aux nouveaux m\u00e9tiers \u00e9lectriques avec les \u00e9coles des r\u00e9seaux pour la transition \u00e9nerg\u00e9tique<\/a><\/p>\n\n\n\n<p><a href=\"https:\/\/www.enedis.fr\/presse\/emploi-et-formation-lancement-des-ecoles-des-reseaux-pour-la-transition-energetique\" target=\"_blank\" rel=\"noreferrer noopener\">Emploi et formation\u00a0: lancement des \u00ab\u00a0\u00c9coles des r\u00e9seaux pour la transition \u00e9nerg\u00e9tique\u00a0\u00bb<\/a><\/p>\n","protected":false},"excerpt":{"rendered":"<p>Former aux nouveaux m\u00e9tiers \u00e9lectriques avec les \u00e9coles des r\u00e9seaux pour la transition \u00e9nerg\u00e9tique Emploi et formation\u00a0: lancement des \u00ab\u00a0\u00c9coles des r\u00e9seaux pour la transition \u00e9nerg\u00e9tique\u00a0\u00bb<\/p>\n","protected":false},"author":95,"featured_media":0,"parent":570,"menu_order":0,"comment_status":"closed","ping_status":"closed","template":"","meta":{"footnotes":""},"class_list":["post-807","page","type-page","status-publish","hentry","nodate"],"_links":{"self":[{"href":"https:\/\/ent2d.ac-bordeaux.fr\/disciplines\/electrotechnique\/wp-json\/wp\/v2\/pages\/807","targetHints":{"allow":["GET"]}}],"collection":[{"href":"https:\/\/ent2d.ac-bordeaux.fr\/disciplines\/electrotechnique\/wp-json\/wp\/v2\/pages"}],"about":[{"href":"https:\/\/ent2d.ac-bordeaux.fr\/disciplines\/electrotechnique\/wp-json\/wp\/v2\/types\/page"}],"author":[{"embeddable":true,"href":"https:\/\/ent2d.ac-bordeaux.fr\/disciplines\/electrotechnique\/wp-json\/wp\/v2\/users\/95"}],"replies":[{"embeddable":true,"href":"https:\/\/ent2d.ac-bordeaux.fr\/disciplines\/electrotechnique\/wp-json\/wp\/v2\/comments?post=807"}],"version-history":[{"count":4,"href":"https:\/\/ent2d.ac-bordeaux.fr\/disciplines\/electrotechnique\/wp-json\/wp\/v2\/pages\/807\/revisions"}],"predecessor-version":[{"id":813,"href":"https:\/\/ent2d.ac-bordeaux.fr\/disciplines\/electrotechnique\/wp-json\/wp\/v2\/pages\/807\/revisions\/813"}],"up":[{"embeddable":true,"href":"https:\/\/ent2d.ac-bordeaux.fr\/disciplines\/electrotechnique\/wp-json\/wp\/v2\/pages\/570"}],"wp:attachment":[{"href":"https:\/\/ent2d.ac-bordeaux.fr\/disciplines\/electrotechnique\/wp-json\/wp\/v2\/media?parent=807"}],"curies":[{"name":"wp","href":"https:\/\/api.w.org\/{rel}","templated":true}]}}