{"id":761,"date":"2024-07-24T17:07:47","date_gmt":"2024-07-24T15:07:47","guid":{"rendered":"https:\/\/ent2d.ac-bordeaux.fr\/disciplines\/electrotechnique\/?page_id=761"},"modified":"2024-07-24T17:23:55","modified_gmt":"2024-07-24T15:23:55","slug":"quelques-ressources","status":"publish","type":"page","link":"https:\/\/ent2d.ac-bordeaux.fr\/disciplines\/electrotechnique\/veille-technologique\/quelques-ressources\/","title":{"rendered":"Quelques ressources incontournables"},"content":{"rendered":"\n<p><\/p>\n\n\n\n<figure class=\"wp-block-table\"><table><tbody><tr><td>Protocole Capteurs Io-Link<\/td><td><a href=\"https:\/\/www.ifm.com\/fr\/fr\" target=\"_blank\" rel=\"noreferrer noopener\">https:\/\/www.ifm.com\/fr\/fr<\/a><\/td><\/tr><tr><td>Formations E-Learning Legrand<\/td><td><a href=\"https:\/\/www.legrand.fr\/pro\/formations-en-ligne\" target=\"_blank\" rel=\"noreferrer noopener\">https:\/\/www.legrand.fr\/pro\/formations-en-ligne<\/a><\/td><\/tr><tr><td>Visite 360\u00b0 usine de Vaudreuil Schneider Electric<\/td><td><a href=\"https:\/\/schneider.uptale.io\/experience\/Launch?id=EUABE9P8KUqaPwBZEryrRQ&amp;playbackMode=Smartload\" target=\"_blank\" rel=\"noreferrer noopener\">https:\/\/schneider.uptale.io\/experience\/Launch?id=EUABE9P8KUqaPwBZEryrRQ&amp;playbackMode=<\/a><a href=\"https:\/\/schneider.uptale.io\/experience\/Launch?id=EUABE9P8KUqaPwBZEryrRQ&amp;playbackMode=Smartload\">Smartload<\/a><\/td><\/tr><tr><td>ESABORA &#8211; Logiciel de sch\u00e9mas<\/td><td><a href=\"https:\/\/www.esabora-digital-services.com\/logiciel\/schema\/\" target=\"_blank\" rel=\"noreferrer noopener\">https:\/\/www.esabora-digital-services.com\/logiciel\/schema\/<\/a><\/td><\/tr><tr><td>Site d\u00e9di\u00e9 aux enseignants et \u00e9tudiants Legrand<\/td><td><a href=\"https:\/\/www.legrand.fr\/enseignants-et-etudiants\" target=\"_blank\" rel=\"noreferrer noopener\">https:\/\/www.legrand.fr\/enseignants-et-etudiants<\/a><\/td><\/tr><tr><td>Applications, logiciels<br>et configurateurs LEGRAND<\/td><td><a href=\"https:\/\/www.legrand.fr\/pro\/outils\/applis-logiciels-et-configurateurs\" target=\"_blank\" rel=\"noreferrer noopener\">https:\/\/www.legrand.fr\/pro\/outils\/applis-logiciels-et-configurateurs<\/a><\/td><\/tr><tr><td>Portail Schneider Electric d\u00e9di\u00e9 \u00e0 l&rsquo;enseignement<\/td><td><a href=\"https:\/\/www.se.com\/fr\/fr\/work\/campaign\/local\/espace-enseignement.jsp\" target=\"_blank\" rel=\"noreferrer noopener\">https:\/\/www.se.com\/fr\/fr\/work\/campaign\/local\/espace-enseignement.jsp<\/a><\/td><\/tr><\/tbody><\/table><\/figure>\n","protected":false},"excerpt":{"rendered":"<p>Protocole Capteurs Io-Link https:\/\/www.ifm.com\/fr\/fr Formations E-Learning Legrand https:\/\/www.legrand.fr\/pro\/formations-en-ligne Visite 360\u00b0 usine de Vaudreuil Schneider Electric https:\/\/schneider.uptale.io\/experience\/Launch?id=EUABE9P8KUqaPwBZEryrRQ&amp;playbackMode=Smartload ESABORA &#8211; Logiciel de sch\u00e9mas https:\/\/www.esabora-digital-services.com\/logiciel\/schema\/ Site d\u00e9di\u00e9 aux enseignants et \u00e9tudiants Legrand https:\/\/www.legrand.fr\/enseignants-et-etudiants Applications, logicielset configurateurs LEGRAND https:\/\/www.legrand.fr\/pro\/outils\/applis-logiciels-et-configurateurs Portail Schneider Electric d\u00e9di\u00e9 \u00e0 l&rsquo;enseignement https:\/\/www.se.com\/fr\/fr\/work\/campaign\/local\/espace-enseignement.jsp<\/p>\n","protected":false},"author":95,"featured_media":0,"parent":69,"menu_order":0,"comment_status":"closed","ping_status":"closed","template":"","meta":{"footnotes":""},"class_list":["post-761","page","type-page","status-publish","hentry","nodate"],"_links":{"self":[{"href":"https:\/\/ent2d.ac-bordeaux.fr\/disciplines\/electrotechnique\/wp-json\/wp\/v2\/pages\/761","targetHints":{"allow":["GET"]}}],"collection":[{"href":"https:\/\/ent2d.ac-bordeaux.fr\/disciplines\/electrotechnique\/wp-json\/wp\/v2\/pages"}],"about":[{"href":"https:\/\/ent2d.ac-bordeaux.fr\/disciplines\/electrotechnique\/wp-json\/wp\/v2\/types\/page"}],"author":[{"embeddable":true,"href":"https:\/\/ent2d.ac-bordeaux.fr\/disciplines\/electrotechnique\/wp-json\/wp\/v2\/users\/95"}],"replies":[{"embeddable":true,"href":"https:\/\/ent2d.ac-bordeaux.fr\/disciplines\/electrotechnique\/wp-json\/wp\/v2\/comments?post=761"}],"version-history":[{"count":7,"href":"https:\/\/ent2d.ac-bordeaux.fr\/disciplines\/electrotechnique\/wp-json\/wp\/v2\/pages\/761\/revisions"}],"predecessor-version":[{"id":771,"href":"https:\/\/ent2d.ac-bordeaux.fr\/disciplines\/electrotechnique\/wp-json\/wp\/v2\/pages\/761\/revisions\/771"}],"up":[{"embeddable":true,"href":"https:\/\/ent2d.ac-bordeaux.fr\/disciplines\/electrotechnique\/wp-json\/wp\/v2\/pages\/69"}],"wp:attachment":[{"href":"https:\/\/ent2d.ac-bordeaux.fr\/disciplines\/electrotechnique\/wp-json\/wp\/v2\/media?parent=761"}],"curies":[{"name":"wp","href":"https:\/\/api.w.org\/{rel}","templated":true}]}}