{"id":711,"date":"2024-07-24T14:40:06","date_gmt":"2024-07-24T12:40:06","guid":{"rendered":"https:\/\/ent2d.ac-bordeaux.fr\/disciplines\/electrotechnique\/?page_id=711"},"modified":"2025-09-24T15:13:37","modified_gmt":"2025-09-24T13:13:37","slug":"les-bac-pro-melec-colores-dans-lacademie-de-bordeaux","status":"publish","type":"page","link":"https:\/\/ent2d.ac-bordeaux.fr\/disciplines\/electrotechnique\/les-diplomes\/les-bac-pro-melec-colores-dans-lacademie-de-bordeaux\/","title":{"rendered":"BAC PRO MELEC color\u00e9s \u00e0 la rentr\u00e9e scolaire 2025 dans l&rsquo;acad\u00e9mie de Bordeaux"},"content":{"rendered":"<div class=\"wp-block-image\">\n<figure class=\"aligncenter size-full\"><img loading=\"lazy\" decoding=\"async\" width=\"584\" height=\"388\" src=\"https:\/\/ent2d.ac-bordeaux.fr\/disciplines\/electrotechnique\/wp-content\/uploads\/sites\/20\/2024\/07\/Capture-decran-2024-07-24-232943.png\" alt=\"\" class=\"wp-image-777\" srcset=\"https:\/\/ent2d.ac-bordeaux.fr\/disciplines\/electrotechnique\/wp-content\/uploads\/sites\/20\/2024\/07\/Capture-decran-2024-07-24-232943.png 584w, https:\/\/ent2d.ac-bordeaux.fr\/disciplines\/electrotechnique\/wp-content\/uploads\/sites\/20\/2024\/07\/Capture-decran-2024-07-24-232943-300x199.png 300w\" sizes=\"auto, (max-width: 584px) 100vw, 584px\" \/><\/figure>\n<\/div>\n\n\n<p class=\"has-text-align-center\"><a href=\"https:\/\/ent2d.ac-bordeaux.fr\/disciplines\/electrotechnique\/coloration-des-diplomes-professionnels\/\"><strong>Pour plus d&rsquo;information <\/strong>: cliquez ici<\/a><\/p>\n\n\n\n<p><\/p>\n\n\n\n<figure class=\"wp-block-table\"><table><tbody><tr><td>\u00c9tablissement<\/td><td>Ville<\/td><td>Titre<\/td><td>Partenaires<\/td><\/tr><tr><td>LP L\u00e9onard de Vinci<\/td><td>P\u00e9rigueux<\/td><td>\u00c9cole des r\u00e9seaux \u00e9lectriques pour la transition \u00e9nerg\u00e9tique<\/td><td>ENEDIS &#8211; ETPM, Groupe NEYS, SPIE, EIFFAGE, Groupe COPLAND, ALLEZ et Cie, EQUANS \u2013 INEO, VINCI Energie, RTE, SERCE, SNER<\/td><\/tr><tr><td>LP J. Monnet<\/td><td>Libourne<\/td><td>\u00c9cole des r\u00e9seaux \u00e9lectriques pour la transition \u00e9nerg\u00e9tique <\/td><td>ENEDIS &#8211; ETPM, Groupe NEYS, SPIE, EIFFAGE, Groupe COPLAND, ALLEZ et Cie, EQUANS \u2013 INEO, VINCI Energie, RTE, SERCE, SNER<\/td><\/tr><tr><td>LPO G. Eiffel<\/td><td>Bordeaux<\/td><td>\u00c9cole des r\u00e9seaux \u00e9lectriques pour la transition \u00e9nerg\u00e9tique<\/td><td>ENEDIS &#8211; ETPM, Groupe NEYS, SPIE, EIFFAGE, Groupe COPLAND, ALLEZ et Cie, EQUANS \u2013 INEO, VINCI Energie, RTE, SERCE, SNER<\/td><\/tr><tr><td>LP Philadelphe de Gerde<\/td><td>Pessac<\/td><td>\u00c9cole des r\u00e9seaux \u00e9lectriques pour la transition \u00e9nerg\u00e9tique<\/td><td>ENEDIS &#8211; ETPM, Groupe NEYS, SPIE, EIFFAGE, Groupe COPLAND, ALLEZ et Cie, EQUANS \u2013 INEO, VINCI Energie, RTE, SERCE, SNER<\/td><\/tr><tr><td>LP P. Cousteau<\/td><td>St Andr\u00e9 de Cubzac<\/td><td>\u00c9cole des r\u00e9seaux \u00e9lectriques pour la transition \u00e9nerg\u00e9tique<\/td><td>ENEDIS &#8211; ETPM, Groupe NEYS, SPIE, EIFFAGE, Groupe COPLAND, ALLEZ et Cie, EQUANS \u2013 INEO, VINCI Energie, RTE, SERCE, SNER<\/td><\/tr><tr><td>LP J. Monnet<\/td><td>Foulayronnes<\/td><td>\u00c9cole des r\u00e9seaux \u00e9lectriques pour la transition \u00e9nerg\u00e9tique<\/td><td>ENEDIS &#8211; ETPM, Groupe NEYS, SPIE, EIFFAGE, Groupe COPLAND, ALLEZ et Cie, EQUANS \u2013 INEO, VINCI Energie, RTE, SERCE, SNER<\/td><\/tr><tr><td>LP G. Crampe<\/td><td>Aire sur L&rsquo;Adour<\/td><td>\u00c9cole des r\u00e9seaux \u00e9lectriques pour la transition \u00e9nerg\u00e9tique<\/td><td>ENEDIS &#8211; SERCE &#8211; SNER<\/td><\/tr><tr><td>LP A. Croizat<\/td><td>Tarnos<\/td><td>\u00c9cole des r\u00e9seaux \u00e9lectriques pour la transition \u00e9nerg\u00e9tique<\/td><td>ENEDIS &#8211; SERCE &#8211; SNER<\/td><\/tr><\/tbody><\/table><\/figure>\n\n\n\n<figure class=\"wp-block-table\"><table><tbody><tr><td>LP L\u00e9onard de Vinci<\/td><td>P\u00e9rigueux<\/td><td>Ferroviaire<\/td><td>SNCF, campus des m\u00e9tiers et des qualifications Ferrocampus<\/td><\/tr><\/tbody><\/table><\/figure>\n\n\n\n<figure class=\"wp-block-table\"><table><tbody><tr><td>LP H\u00e9l\u00e8ne Duc<\/td><td>Bergerac<\/td><td>Nucl\u00e9aire<\/td><td>Universit\u00e9 des m\u00e9tiers du nucl\u00e9aire &#8211; EDF &#8211; GIFEN &#8211; CNPE du Blayais et de Golfech &#8211; Campus des m\u00e9tiers et des qualifications de la maintenance en environnement sensible<\/td><\/tr><tr><td>LP J. Monnet<\/td><td>Libourne<\/td><td>Nucl\u00e9aire<\/td><td>Universit\u00e9 des m\u00e9tiers du nucl\u00e9aire &#8211; EDF &#8211; GIFEN &#8211; CNPE du Blayais &#8211; Campus des m\u00e9tiers et des qualifications de la maintenance en environnement sensible<\/td><\/tr><tr><td>LP P. Cousteau<\/td><td>St Andr\u00e9 de Cubzac<\/td><td>Nucl\u00e9aire<\/td><td>Universit\u00e9 des m\u00e9tiers du nucl\u00e9aire &#8211; EDF &#8211; GIFEN &#8211; CNPE du Blayais &#8211; Campus des m\u00e9tiers et des qualifications de la maintenance en environnement sensible<\/td><\/tr><tr><td>LP J. Monnet<\/td><td>Foulayronnes<\/td><td>Nucl\u00e9aire<\/td><td>Universit\u00e9 des m\u00e9tiers du nucl\u00e9aire &#8211; EDF &#8211; GIFEN &#8211; CNPE de Golfech &#8211; Campus des m\u00e9tiers et des qualifications de la maintenance en environnement sensible<\/td><\/tr><\/tbody><\/table><\/figure>\n\n\n\n<figure class=\"wp-block-table\"><table><tbody><tr><td>Lyc\u00e9e des m\u00e9tiers des grands lacs<\/td><td>Parentis<\/td><td>Photovolta\u00efque<\/td><td>Entreprises locales<\/td><\/tr><tr><td>LP Guynemer<\/td><td>Oloron St Marie<\/td><td>Photovolta\u00efque<\/td><td>Entreprises locales<\/td><\/tr><\/tbody><\/table><\/figure>\n\n\n\n<figure class=\"wp-block-table\"><table><tbody><tr><td>LP Moli\u00e8re<\/td><td>Orthez<\/td><td>\u00c9nergies renouvelables<\/td><td>Entreprises locales<\/td><\/tr><\/tbody><\/table><\/figure>\n\n\n\n<figure class=\"wp-block-table\"><table><tbody><tr><td>LP Tr\u00e9gey-Rive de Garonne<\/td><td>Bordeaux<\/td><td>A\u00e9ronautique<\/td><td>Campus des m\u00e9tiers et des qualifications A\u00e9rocampus Aquitaine<\/td><\/tr><\/tbody><\/table><\/figure>\n\n\n\n<h2 class=\"wp-block-heading\"><strong>Projet de coloration Bac pro MELEC \u00e0 la rentr\u00e9e scolaire 2026<\/strong><\/h2>\n\n\n\n<figure class=\"wp-block-table\"><table><tbody><tr><td>LP Charles PEGUY <\/td><td>Eysines<\/td><td><em>\u00c9nergies &amp; Donn\u00e9es s\u00e9curis\u00e9es \u2013 Photovolta\u00efque et Batteries<\/em><\/td><td>Entreprises de la fili\u00e8re batteries \u00e9lectriques (Volt\u00e9o, SAFT, &#8230;)<\/td><\/tr><tr><td>LP SUD GIRONDE<\/td><td>Langon<\/td><td><em>\u00c9nergies &amp; Donn\u00e9es s\u00e9curis\u00e9es \u2013 Photovolta\u00efque et Batteries<\/em><\/td><td>Entreprises de la fili\u00e8re batteries \u00e9lectriques (Volt\u00e9o, SAFT, &#8230;)<\/td><\/tr><tr><td>LP JACQUES BREL<\/td><td>Lormont<\/td><td><em>\u00c9nergies &amp; Donn\u00e9es s\u00e9curis\u00e9es \u2013 Photovolta\u00efque et Batteries<\/em><\/td><td>Entreprises de la fili\u00e8re batteries \u00e9lectriques (Volt\u00e9o, SAFT, &#8230;)<\/td><\/tr><tr><td>LP Andr\u00e9 CAMPA<\/td><td>Juran\u00e7on<\/td><td>\u00c9cole des r\u00e9seaux \u00e9lectriques pour la transition \u00e9nerg\u00e9tique<\/td><td>ENEDIS, SPIE, SERCE, SNER<\/td><\/tr><\/tbody><\/table><\/figure>\n","protected":false},"excerpt":{"rendered":"<p>Pour plus d&rsquo;information : cliquez ici \u00c9tablissement Ville Titre Partenaires LP L\u00e9onard de Vinci P\u00e9rigueux \u00c9cole des r\u00e9seaux \u00e9lectriques pour la transition \u00e9nerg\u00e9tique ENEDIS &#8211; ETPM, Groupe NEYS, SPIE, EIFFAGE, Groupe COPLAND, ALLEZ et Cie, EQUANS \u2013 INEO, VINCI Energie, RTE, SERCE, SNER LP J. Monnet Libourne \u00c9cole des r\u00e9seaux \u00e9lectriques pour la transition \u00e9nerg\u00e9tique &hellip; <\/p>\n<p><a class=\"more-link block-button\" href=\"https:\/\/ent2d.ac-bordeaux.fr\/disciplines\/electrotechnique\/les-diplomes\/les-bac-pro-melec-colores-dans-lacademie-de-bordeaux\/\">Lire la Suite &raquo;<\/a><\/p>\n","protected":false},"author":95,"featured_media":0,"parent":67,"menu_order":0,"comment_status":"closed","ping_status":"closed","template":"","meta":{"footnotes":""},"class_list":["post-711","page","type-page","status-publish","hentry","nodate"],"_links":{"self":[{"href":"https:\/\/ent2d.ac-bordeaux.fr\/disciplines\/electrotechnique\/wp-json\/wp\/v2\/pages\/711","targetHints":{"allow":["GET"]}}],"collection":[{"href":"https:\/\/ent2d.ac-bordeaux.fr\/disciplines\/electrotechnique\/wp-json\/wp\/v2\/pages"}],"about":[{"href":"https:\/\/ent2d.ac-bordeaux.fr\/disciplines\/electrotechnique\/wp-json\/wp\/v2\/types\/page"}],"author":[{"embeddable":true,"href":"https:\/\/ent2d.ac-bordeaux.fr\/disciplines\/electrotechnique\/wp-json\/wp\/v2\/users\/95"}],"replies":[{"embeddable":true,"href":"https:\/\/ent2d.ac-bordeaux.fr\/disciplines\/electrotechnique\/wp-json\/wp\/v2\/comments?post=711"}],"version-history":[{"count":19,"href":"https:\/\/ent2d.ac-bordeaux.fr\/disciplines\/electrotechnique\/wp-json\/wp\/v2\/pages\/711\/revisions"}],"predecessor-version":[{"id":895,"href":"https:\/\/ent2d.ac-bordeaux.fr\/disciplines\/electrotechnique\/wp-json\/wp\/v2\/pages\/711\/revisions\/895"}],"up":[{"embeddable":true,"href":"https:\/\/ent2d.ac-bordeaux.fr\/disciplines\/electrotechnique\/wp-json\/wp\/v2\/pages\/67"}],"wp:attachment":[{"href":"https:\/\/ent2d.ac-bordeaux.fr\/disciplines\/electrotechnique\/wp-json\/wp\/v2\/media?parent=711"}],"curies":[{"name":"wp","href":"https:\/\/api.w.org\/{rel}","templated":true}]}}