{"id":694,"date":"2024-07-24T13:36:38","date_gmt":"2024-07-24T11:36:38","guid":{"rendered":"https:\/\/ent2d.ac-bordeaux.fr\/disciplines\/electrotechnique\/?page_id=694"},"modified":"2024-07-24T13:38:03","modified_gmt":"2024-07-24T11:38:03","slug":"la-demarche-tutoprev","status":"publish","type":"page","link":"https:\/\/ent2d.ac-bordeaux.fr\/disciplines\/electrotechnique\/prevention-securite\/la-demarche-tutoprev\/","title":{"rendered":"La d\u00e9marche TutoPr\u00e9v&rsquo;"},"content":{"rendered":"\n<h4 class=\"wp-block-heading\">La d\u00e9marche TutoPr\u00e9v&rsquo; mise en place par l&rsquo;INRS et l\u2019Assurance maladie &#8211; Risques professionnels vise \u00e0 s\u2019assurer que les nouveaux embauch\u00e9s en entreprise soient capable d\u2019observer une situation de travail, de rep\u00e9rer les dangers et les risques qui sont li\u00e9s et de proposer des mesures de pr\u00e9vention adapt\u00e9es. Trois outils compl\u00e9mentaires ont \u00e9t\u00e9 d\u00e9velopp\u00e9s pour mettre en \u0153uvre&nbsp;: TutoPr\u00e9v&rsquo; Accueil, TutoPr\u00e9v\u2019 Interactif et TutoPr\u00e9v&rsquo; P\u00e9dagogie.<\/h4>\n\n\n\n<h4 class=\"wp-block-heading\">Pr\u00e9venir les risques professionnels des futurs salari\u00e9s et des nouveaux embauch\u00e9s.<\/h4>\n\n\n\n<p>Lien : <a href=\"https:\/\/www.inrs.fr\/demarche\/nouveaux-embauches\/demarche-TutoPrev.html\" target=\"_blank\" rel=\"noreferrer noopener\">https:\/\/www.inrs.fr\/demarche\/nouveaux-embauches\/demarche-TutoPrev.html<\/a><\/p>\n","protected":false},"excerpt":{"rendered":"<p>La d\u00e9marche TutoPr\u00e9v&rsquo; mise en place par l&rsquo;INRS et l\u2019Assurance maladie &#8211; Risques professionnels vise \u00e0 s\u2019assurer que les nouveaux embauch\u00e9s en entreprise soient capable d\u2019observer une situation de travail, de rep\u00e9rer les dangers et les risques qui sont li\u00e9s et de proposer des mesures de pr\u00e9vention adapt\u00e9es. Trois outils compl\u00e9mentaires ont \u00e9t\u00e9 d\u00e9velopp\u00e9s pour &hellip; <\/p>\n<p><a class=\"more-link block-button\" href=\"https:\/\/ent2d.ac-bordeaux.fr\/disciplines\/electrotechnique\/prevention-securite\/la-demarche-tutoprev\/\">Lire la Suite &raquo;<\/a><\/p>\n","protected":false},"author":95,"featured_media":0,"parent":70,"menu_order":0,"comment_status":"closed","ping_status":"closed","template":"","meta":{"footnotes":""},"class_list":["post-694","page","type-page","status-publish","hentry","nodate"],"_links":{"self":[{"href":"https:\/\/ent2d.ac-bordeaux.fr\/disciplines\/electrotechnique\/wp-json\/wp\/v2\/pages\/694","targetHints":{"allow":["GET"]}}],"collection":[{"href":"https:\/\/ent2d.ac-bordeaux.fr\/disciplines\/electrotechnique\/wp-json\/wp\/v2\/pages"}],"about":[{"href":"https:\/\/ent2d.ac-bordeaux.fr\/disciplines\/electrotechnique\/wp-json\/wp\/v2\/types\/page"}],"author":[{"embeddable":true,"href":"https:\/\/ent2d.ac-bordeaux.fr\/disciplines\/electrotechnique\/wp-json\/wp\/v2\/users\/95"}],"replies":[{"embeddable":true,"href":"https:\/\/ent2d.ac-bordeaux.fr\/disciplines\/electrotechnique\/wp-json\/wp\/v2\/comments?post=694"}],"version-history":[{"count":1,"href":"https:\/\/ent2d.ac-bordeaux.fr\/disciplines\/electrotechnique\/wp-json\/wp\/v2\/pages\/694\/revisions"}],"predecessor-version":[{"id":695,"href":"https:\/\/ent2d.ac-bordeaux.fr\/disciplines\/electrotechnique\/wp-json\/wp\/v2\/pages\/694\/revisions\/695"}],"up":[{"embeddable":true,"href":"https:\/\/ent2d.ac-bordeaux.fr\/disciplines\/electrotechnique\/wp-json\/wp\/v2\/pages\/70"}],"wp:attachment":[{"href":"https:\/\/ent2d.ac-bordeaux.fr\/disciplines\/electrotechnique\/wp-json\/wp\/v2\/media?parent=694"}],"curies":[{"name":"wp","href":"https:\/\/api.w.org\/{rel}","templated":true}]}}