{"id":69,"date":"2017-07-10T14:54:00","date_gmt":"2017-07-10T12:54:00","guid":{"rendered":"https:\/\/ent2d.ac-bordeaux.fr\/disciplines\/electrotechnique\/?page_id=69"},"modified":"2018-01-21T18:19:47","modified_gmt":"2018-01-21T17:19:47","slug":"veille-technologique","status":"publish","type":"page","link":"https:\/\/ent2d.ac-bordeaux.fr\/disciplines\/electrotechnique\/veille-technologique\/","title":{"rendered":"Veille technologique"},"content":{"rendered":"<h4 id=\"yui_3_17_2_1_1516555045075_964\" align=\"center\"><a id=\"yui_3_17_2_1_1516555045075_965\" href=\"http:\/\/fr.electrical-installation.org\/frwiki\/Accueil\"><span class=\"editable\"><b>Le wiki de l&rsquo;installation \u00e9lectrique !<\/b><\/span><\/a><\/h4>\n<p><span class=\"editable\">\u00a0D\u00e9couvrez d\u00e9sormais la version wiki du fameux guide de l&rsquo;installation \u00e9lectrique<\/span><span class=\"editable\"> propos\u00e9e par Schneider Electric !<\/span><\/p>\n<p><span class=\"editable\">Cette plateforme collaborative vous accompagne dans la conception de vos installations\u00a0\u00e9lectriques en vous procurant des informations fondamentales sur la protection\u00a0des installations \u00e9lectriques, les dangers, les normes en vigueur&#8230;<\/span><\/p>\n<p><span class=\"editable\">Nos experts alimentent et am\u00e9liorent le contenu du wiki en permanence et vous pouvez \u00e9galement y contribuer par votre savoir et votre exp\u00e9rience.<\/span><\/p>\n","protected":false},"excerpt":{"rendered":"<p>Le wiki de l&rsquo;installation \u00e9lectrique ! \u00a0D\u00e9couvrez d\u00e9sormais la version wiki du fameux guide de l&rsquo;installation \u00e9lectrique propos\u00e9e par Schneider Electric ! Cette plateforme collaborative vous accompagne dans la conception de vos installations\u00a0\u00e9lectriques en vous procurant des informations fondamentales sur la protection\u00a0des installations \u00e9lectriques, les dangers, les normes en vigueur&#8230; Nos experts alimentent et am\u00e9liorent &hellip; <\/p>\n<p><a class=\"more-link block-button\" href=\"https:\/\/ent2d.ac-bordeaux.fr\/disciplines\/electrotechnique\/veille-technologique\/\">Lire la Suite &raquo;<\/a><\/p>\n","protected":false},"author":95,"featured_media":0,"parent":0,"menu_order":0,"comment_status":"closed","ping_status":"closed","template":"","meta":{"footnotes":""},"class_list":["post-69","page","type-page","status-publish","hentry","nodate"],"_links":{"self":[{"href":"https:\/\/ent2d.ac-bordeaux.fr\/disciplines\/electrotechnique\/wp-json\/wp\/v2\/pages\/69","targetHints":{"allow":["GET"]}}],"collection":[{"href":"https:\/\/ent2d.ac-bordeaux.fr\/disciplines\/electrotechnique\/wp-json\/wp\/v2\/pages"}],"about":[{"href":"https:\/\/ent2d.ac-bordeaux.fr\/disciplines\/electrotechnique\/wp-json\/wp\/v2\/types\/page"}],"author":[{"embeddable":true,"href":"https:\/\/ent2d.ac-bordeaux.fr\/disciplines\/electrotechnique\/wp-json\/wp\/v2\/users\/95"}],"replies":[{"embeddable":true,"href":"https:\/\/ent2d.ac-bordeaux.fr\/disciplines\/electrotechnique\/wp-json\/wp\/v2\/comments?post=69"}],"version-history":[{"count":2,"href":"https:\/\/ent2d.ac-bordeaux.fr\/disciplines\/electrotechnique\/wp-json\/wp\/v2\/pages\/69\/revisions"}],"predecessor-version":[{"id":334,"href":"https:\/\/ent2d.ac-bordeaux.fr\/disciplines\/electrotechnique\/wp-json\/wp\/v2\/pages\/69\/revisions\/334"}],"wp:attachment":[{"href":"https:\/\/ent2d.ac-bordeaux.fr\/disciplines\/electrotechnique\/wp-json\/wp\/v2\/media?parent=69"}],"curies":[{"name":"wp","href":"https:\/\/api.w.org\/{rel}","templated":true}]}}