{"id":68,"date":"2017-07-10T14:54:00","date_gmt":"2017-07-10T12:54:00","guid":{"rendered":"https:\/\/ent2d.ac-bordeaux.fr\/disciplines\/electrotechnique\/?page_id=68"},"modified":"2024-07-24T13:23:54","modified_gmt":"2024-07-24T11:23:54","slug":"formations","status":"publish","type":"page","link":"https:\/\/ent2d.ac-bordeaux.fr\/disciplines\/electrotechnique\/veille-technologique\/formations\/","title":{"rendered":"LES MESURES APPLICATIVES"},"content":{"rendered":"<p><a href=\"http:\/\/certification-mesure.chauvin-arnoux.com\/projet-enseignement\/demo\/index_intro.html\">http:\/\/certification-mesure.chauvin-arnoux.com\/projet-enseignement\/demo\/index_intro.html<\/a><\/p>\n<h4><strong><a href=\"https:\/\/ent2d.ac-bordeaux.fr\/disciplines\/electrotechnique\/wp-content\/uploads\/sites\/20\/2018\/05\/CH-ARNOUX.jpg\"><img loading=\"lazy\" decoding=\"async\" class=\"size-medium wp-image-403 alignleft\" src=\"https:\/\/ent2d.ac-bordeaux.fr\/disciplines\/electrotechnique\/wp-content\/uploads\/sites\/20\/2018\/05\/CH-ARNOUX-300x262.jpg\" alt=\"\" width=\"300\" height=\"262\" srcset=\"https:\/\/ent2d.ac-bordeaux.fr\/disciplines\/electrotechnique\/wp-content\/uploads\/sites\/20\/2018\/05\/CH-ARNOUX-300x262.jpg 300w, https:\/\/ent2d.ac-bordeaux.fr\/disciplines\/electrotechnique\/wp-content\/uploads\/sites\/20\/2018\/05\/CH-ARNOUX.jpg 617w\" sizes=\"auto, (max-width: 300px) 100vw, 300px\" \/><\/a><a href=\"https:\/\/ent2d.ac-bordeaux.fr\/disciplines\/electrotechnique\/wp-content\/uploads\/sites\/20\/2018\/01\/CERTIF-CHAUVIN-ARNOUX.jpg\"><img loading=\"lazy\" decoding=\"async\" class=\"aligncenter wp-image-330\" src=\"https:\/\/ent2d.ac-bordeaux.fr\/disciplines\/electrotechnique\/wp-content\/uploads\/sites\/20\/2018\/01\/CERTIF-CHAUVIN-ARNOUX-300x181.jpg\" alt=\"\" width=\"175\" height=\"106\" srcset=\"https:\/\/ent2d.ac-bordeaux.fr\/disciplines\/electrotechnique\/wp-content\/uploads\/sites\/20\/2018\/01\/CERTIF-CHAUVIN-ARNOUX-300x181.jpg 300w, https:\/\/ent2d.ac-bordeaux.fr\/disciplines\/electrotechnique\/wp-content\/uploads\/sites\/20\/2018\/01\/CERTIF-CHAUVIN-ARNOUX-768x462.jpg 768w, https:\/\/ent2d.ac-bordeaux.fr\/disciplines\/electrotechnique\/wp-content\/uploads\/sites\/20\/2018\/01\/CERTIF-CHAUVIN-ARNOUX.jpg 786w\" sizes=\"auto, (max-width: 175px) 100vw, 175px\" \/><\/a><\/strong><br \/>\n<i><\/i><b>La certification mesure<\/b><\/h4>\n<p>Les notions de s\u00e9curit\u00e9 et de constat \u00e9nerg\u00e9tique d&rsquo;installations, les pr\u00e9conisations lors de la conception, de la modification ou de la maintenance doivent \u00eatre au c\u0153ur des actions men\u00e9es. Il est n\u00e9cessaire que les apprenants ma\u00eetrisent les outils de mesure. Plaquette de pr\u00e9sentation.<br \/>\nLa soci\u00e9t\u00e9 Chauvin Arnoux propose une certification MESURE \u00e0 destination des \u00e9l\u00e8ves et des \u00e9tudiants des formations professionnelles. Cette certification est valid\u00e9e par un questionnaire en ligne, \u00e9tabli en coop\u00e9ration avec l&rsquo;Inspection G\u00e9n\u00e9rale de l&rsquo;\u00c9ducation Nationale pour garantir les objectifs de formation des dipl\u00f4mes du Bac Pro et du BTS.<br \/>\nLa th\u00e9matique retenue est l&rsquo;efficacit\u00e9 \u00e9nerg\u00e9tique et la r\u00e8glementation thermique.<i><\/i><\/p>\n","protected":false},"excerpt":{"rendered":"<p>http:\/\/certification-mesure.chauvin-arnoux.com\/projet-enseignement\/demo\/index_intro.html La certification mesure Les notions de s\u00e9curit\u00e9 et de constat \u00e9nerg\u00e9tique d&rsquo;installations, les pr\u00e9conisations lors de la conception, de la modification ou de la maintenance doivent \u00eatre au c\u0153ur des actions men\u00e9es. Il est n\u00e9cessaire que les apprenants ma\u00eetrisent les outils de mesure. Plaquette de pr\u00e9sentation. La soci\u00e9t\u00e9 Chauvin Arnoux propose une certification MESURE &hellip; <\/p>\n<p><a class=\"more-link block-button\" href=\"https:\/\/ent2d.ac-bordeaux.fr\/disciplines\/electrotechnique\/veille-technologique\/formations\/\">Lire la Suite &raquo;<\/a><\/p>\n","protected":false},"author":95,"featured_media":0,"parent":69,"menu_order":0,"comment_status":"closed","ping_status":"closed","template":"template-onecolumn.php","meta":{"footnotes":""},"class_list":["post-68","page","type-page","status-publish","hentry","nodate"],"_links":{"self":[{"href":"https:\/\/ent2d.ac-bordeaux.fr\/disciplines\/electrotechnique\/wp-json\/wp\/v2\/pages\/68","targetHints":{"allow":["GET"]}}],"collection":[{"href":"https:\/\/ent2d.ac-bordeaux.fr\/disciplines\/electrotechnique\/wp-json\/wp\/v2\/pages"}],"about":[{"href":"https:\/\/ent2d.ac-bordeaux.fr\/disciplines\/electrotechnique\/wp-json\/wp\/v2\/types\/page"}],"author":[{"embeddable":true,"href":"https:\/\/ent2d.ac-bordeaux.fr\/disciplines\/electrotechnique\/wp-json\/wp\/v2\/users\/95"}],"replies":[{"embeddable":true,"href":"https:\/\/ent2d.ac-bordeaux.fr\/disciplines\/electrotechnique\/wp-json\/wp\/v2\/comments?post=68"}],"version-history":[{"count":12,"href":"https:\/\/ent2d.ac-bordeaux.fr\/disciplines\/electrotechnique\/wp-json\/wp\/v2\/pages\/68\/revisions"}],"predecessor-version":[{"id":693,"href":"https:\/\/ent2d.ac-bordeaux.fr\/disciplines\/electrotechnique\/wp-json\/wp\/v2\/pages\/68\/revisions\/693"}],"up":[{"embeddable":true,"href":"https:\/\/ent2d.ac-bordeaux.fr\/disciplines\/electrotechnique\/wp-json\/wp\/v2\/pages\/69"}],"wp:attachment":[{"href":"https:\/\/ent2d.ac-bordeaux.fr\/disciplines\/electrotechnique\/wp-json\/wp\/v2\/media?parent=68"}],"curies":[{"name":"wp","href":"https:\/\/api.w.org\/{rel}","templated":true}]}}