{"id":674,"date":"2024-07-24T12:32:31","date_gmt":"2024-07-24T10:32:31","guid":{"rendered":"https:\/\/ent2d.ac-bordeaux.fr\/disciplines\/electrotechnique\/?page_id=674"},"modified":"2024-07-24T12:33:36","modified_gmt":"2024-07-24T10:33:36","slug":"concours-general-des-metiers-melec-2023","status":"publish","type":"page","link":"https:\/\/ent2d.ac-bordeaux.fr\/disciplines\/electrotechnique\/actions-et-challenges\/concours-general-des-metiers\/concours-general-des-metiers-melec-2023\/","title":{"rendered":"Concours G\u00e9n\u00e9ral des M\u00e9tiers MELEC 2023"},"content":{"rendered":"\n<p><strong>Supports d&rsquo;\u00e9tude :<\/strong><\/p>\n\n\n\n<ul class=\"wp-block-list\">\n<li>Partie \u00e9crite : Le lyc\u00e9e Louis COUFFIGNAL \u00e0 Strasbourg envisage de construire un local \u00e0 v\u00e9los nomm\u00e9 l\u2019\u00c9cobike.\n<ul class=\"wp-block-list\">\n<li>Probl\u00e9matique g\u00e9n\u00e9rale&nbsp;: Etude de l&rsquo;alimentation de l\u2019\u00c9COBIKE,&nbsp;du portail coulissant, de la&nbsp;gestion de l\u2019\u00e9clairage puis du syst\u00e8me d\u2019\u00e9clairage de secours et S.S.I. du b\u00e2timent.<\/li>\n<\/ul>\n<\/li>\n\n\n\n<li>Partie\u00a0Pratique\u00a0:\u00a0Le Resort Barri\u00e8re de Ribeauvill\u00e9 r\u00e9alise une extension de l\u2019h\u00f4tel.\n<ul class=\"wp-block-list\">\n<li>Probl\u00e9matique g\u00e9n\u00e9rale&nbsp;: En tant qu\u2019\u00e9lectricien, il vous est demand\u00e9 d\u2019effectuer la r\u00e9alisation puis la livraison de l\u2019installation d\u2019une des suites de l\u2019h\u00f4tel.<\/li>\n<\/ul>\n<\/li>\n<\/ul>\n\n\n\n<p><strong>Lien vers les sujets : <a href=\"https:\/\/eduscol.education.fr\/sti\/concours_examens\/concours-general-des-metiers-melec-2023\" target=\"_blank\" rel=\"noreferrer noopener\">https:\/\/eduscol.education.fr\/sti\/concours_examens\/concours-general-des-metiers-melec-2023<\/a><\/strong><\/p>\n","protected":false},"excerpt":{"rendered":"<p>Supports d&rsquo;\u00e9tude : Lien vers les sujets : https:\/\/eduscol.education.fr\/sti\/concours_examens\/concours-general-des-metiers-melec-2023<\/p>\n","protected":false},"author":95,"featured_media":0,"parent":145,"menu_order":0,"comment_status":"closed","ping_status":"closed","template":"","meta":{"footnotes":""},"class_list":["post-674","page","type-page","status-publish","hentry","nodate"],"_links":{"self":[{"href":"https:\/\/ent2d.ac-bordeaux.fr\/disciplines\/electrotechnique\/wp-json\/wp\/v2\/pages\/674","targetHints":{"allow":["GET"]}}],"collection":[{"href":"https:\/\/ent2d.ac-bordeaux.fr\/disciplines\/electrotechnique\/wp-json\/wp\/v2\/pages"}],"about":[{"href":"https:\/\/ent2d.ac-bordeaux.fr\/disciplines\/electrotechnique\/wp-json\/wp\/v2\/types\/page"}],"author":[{"embeddable":true,"href":"https:\/\/ent2d.ac-bordeaux.fr\/disciplines\/electrotechnique\/wp-json\/wp\/v2\/users\/95"}],"replies":[{"embeddable":true,"href":"https:\/\/ent2d.ac-bordeaux.fr\/disciplines\/electrotechnique\/wp-json\/wp\/v2\/comments?post=674"}],"version-history":[{"count":1,"href":"https:\/\/ent2d.ac-bordeaux.fr\/disciplines\/electrotechnique\/wp-json\/wp\/v2\/pages\/674\/revisions"}],"predecessor-version":[{"id":675,"href":"https:\/\/ent2d.ac-bordeaux.fr\/disciplines\/electrotechnique\/wp-json\/wp\/v2\/pages\/674\/revisions\/675"}],"up":[{"embeddable":true,"href":"https:\/\/ent2d.ac-bordeaux.fr\/disciplines\/electrotechnique\/wp-json\/wp\/v2\/pages\/145"}],"wp:attachment":[{"href":"https:\/\/ent2d.ac-bordeaux.fr\/disciplines\/electrotechnique\/wp-json\/wp\/v2\/media?parent=674"}],"curies":[{"name":"wp","href":"https:\/\/api.w.org\/{rel}","templated":true}]}}