{"id":63,"date":"2017-07-10T14:53:59","date_gmt":"2017-07-10T12:53:59","guid":{"rendered":"https:\/\/ent2d.ac-bordeaux.fr\/disciplines\/electrotechnique\/?page_id=63"},"modified":"2020-12-10T18:08:31","modified_gmt":"2020-12-10T17:08:31","slug":"presentation-de-la-filiere","status":"publish","type":"page","link":"https:\/\/ent2d.ac-bordeaux.fr\/disciplines\/electrotechnique\/presentation-de-la-filiere\/","title":{"rendered":"Pr\u00e9sentation de la formation en LP"},"content":{"rendered":"<h1><a href=\"http:\/\/eduscol.education.fr\/cid47723\/presentation-formation.html\"><strong><span class=\"contenu_titre_non_image\">Pr\u00e9sentation de la formation en lyc\u00e9e professionnel<\/span><\/strong><\/a><strong><a href=\"https:\/\/ent2d.ac-bordeaux.fr\/disciplines\/electrotechnique\/presentation-de-la-filiere\/eduscol\/\" rel=\"attachment wp-att-173\"><img loading=\"lazy\" decoding=\"async\" class=\" wp-image-173 alignleft\" src=\"https:\/\/ent2d.ac-bordeaux.fr\/disciplines\/electrotechnique\/wp-content\/uploads\/sites\/20\/2018\/01\/eduscol-300x62.jpg\" alt=\"\" width=\"247\" height=\"51\" srcset=\"https:\/\/ent2d.ac-bordeaux.fr\/disciplines\/electrotechnique\/wp-content\/uploads\/sites\/20\/2018\/01\/eduscol-300x62.jpg 300w, https:\/\/ent2d.ac-bordeaux.fr\/disciplines\/electrotechnique\/wp-content\/uploads\/sites\/20\/2018\/01\/eduscol.jpg 466w\" sizes=\"auto, (max-width: 247px) 100vw, 247px\" \/><\/a><\/strong><\/h1>\n<h4><\/h4>\n<ul>\n<li id=\"yui_3_17_2_1_1516297641694_950\">\n<h4><a href=\"https:\/\/youtu.be\/XdXz0undHYE\"><strong><span id=\"yui_3_17_2_1_1516297641694_952\" class=\"\">VIDEO de pr\u00e9sentation du BAC PRO MELEC disponible sur le site ONISEPTV<\/span><\/strong><\/a><\/h4>\n<\/li>\n<\/ul>\n<p id=\"yui_3_17_2_1_1516297641694_955\">\n","protected":false},"excerpt":{"rendered":"<p>Pr\u00e9sentation de la formation en lyc\u00e9e professionnel VIDEO de pr\u00e9sentation du BAC PRO MELEC disponible sur le site ONISEPTV<\/p>\n","protected":false},"author":95,"featured_media":0,"parent":0,"menu_order":1,"comment_status":"closed","ping_status":"closed","template":"template-onecolumn.php","meta":{"footnotes":""},"class_list":["post-63","page","type-page","status-publish","hentry","nodate"],"_links":{"self":[{"href":"https:\/\/ent2d.ac-bordeaux.fr\/disciplines\/electrotechnique\/wp-json\/wp\/v2\/pages\/63","targetHints":{"allow":["GET"]}}],"collection":[{"href":"https:\/\/ent2d.ac-bordeaux.fr\/disciplines\/electrotechnique\/wp-json\/wp\/v2\/pages"}],"about":[{"href":"https:\/\/ent2d.ac-bordeaux.fr\/disciplines\/electrotechnique\/wp-json\/wp\/v2\/types\/page"}],"author":[{"embeddable":true,"href":"https:\/\/ent2d.ac-bordeaux.fr\/disciplines\/electrotechnique\/wp-json\/wp\/v2\/users\/95"}],"replies":[{"embeddable":true,"href":"https:\/\/ent2d.ac-bordeaux.fr\/disciplines\/electrotechnique\/wp-json\/wp\/v2\/comments?post=63"}],"version-history":[{"count":7,"href":"https:\/\/ent2d.ac-bordeaux.fr\/disciplines\/electrotechnique\/wp-json\/wp\/v2\/pages\/63\/revisions"}],"predecessor-version":[{"id":448,"href":"https:\/\/ent2d.ac-bordeaux.fr\/disciplines\/electrotechnique\/wp-json\/wp\/v2\/pages\/63\/revisions\/448"}],"wp:attachment":[{"href":"https:\/\/ent2d.ac-bordeaux.fr\/disciplines\/electrotechnique\/wp-json\/wp\/v2\/media?parent=63"}],"curies":[{"name":"wp","href":"https:\/\/api.w.org\/{rel}","templated":true}]}}