{"id":582,"date":"2024-07-24T09:43:42","date_gmt":"2024-07-24T07:43:42","guid":{"rendered":"https:\/\/ent2d.ac-bordeaux.fr\/disciplines\/electrotechnique\/?page_id=582"},"modified":"2024-07-24T11:58:40","modified_gmt":"2024-07-24T09:58:40","slug":"certificat-de-specialisation-technicien-en-reseaux-electriques-anciennement-mention-complementaire","status":"publish","type":"page","link":"https:\/\/ent2d.ac-bordeaux.fr\/disciplines\/electrotechnique\/certificat-de-specialisation-technicien-en-reseaux-electriques-anciennement-mention-complementaire\/","title":{"rendered":"Certificat de sp\u00e9cialisation technicien en r\u00e9seaux \u00e9lectriques (anciennement mention compl\u00e9mentaire)"},"content":{"rendered":"\n<p>R\u00e9f\u00e9rentiel de la formation<\/p>\n\n\n\n<figure class=\"wp-block-image size-full\"><a href=\"https:\/\/eduscol.education.fr\/sti\/formations\/mention-complementaire\/mention-complementaire-technicien-en-reseau-electrique-tre\" target=\"_blank\" rel=\"noreferrer noopener\"><img loading=\"lazy\" decoding=\"async\" width=\"666\" height=\"445\" src=\"https:\/\/ent2d.ac-bordeaux.fr\/disciplines\/electrotechnique\/wp-content\/uploads\/sites\/20\/2024\/07\/image.png\" alt=\"\" class=\"wp-image-655\" srcset=\"https:\/\/ent2d.ac-bordeaux.fr\/disciplines\/electrotechnique\/wp-content\/uploads\/sites\/20\/2024\/07\/image.png 666w, https:\/\/ent2d.ac-bordeaux.fr\/disciplines\/electrotechnique\/wp-content\/uploads\/sites\/20\/2024\/07\/image-300x200.png 300w\" sizes=\"auto, (max-width: 666px) 100vw, 666px\" \/><\/a><\/figure>\n","protected":false},"excerpt":{"rendered":"<p>R\u00e9f\u00e9rentiel de la formation<\/p>\n","protected":false},"author":95,"featured_media":0,"parent":0,"menu_order":0,"comment_status":"closed","ping_status":"closed","template":"","meta":{"footnotes":""},"class_list":["post-582","page","type-page","status-publish","hentry","nodate"],"_links":{"self":[{"href":"https:\/\/ent2d.ac-bordeaux.fr\/disciplines\/electrotechnique\/wp-json\/wp\/v2\/pages\/582","targetHints":{"allow":["GET"]}}],"collection":[{"href":"https:\/\/ent2d.ac-bordeaux.fr\/disciplines\/electrotechnique\/wp-json\/wp\/v2\/pages"}],"about":[{"href":"https:\/\/ent2d.ac-bordeaux.fr\/disciplines\/electrotechnique\/wp-json\/wp\/v2\/types\/page"}],"author":[{"embeddable":true,"href":"https:\/\/ent2d.ac-bordeaux.fr\/disciplines\/electrotechnique\/wp-json\/wp\/v2\/users\/95"}],"replies":[{"embeddable":true,"href":"https:\/\/ent2d.ac-bordeaux.fr\/disciplines\/electrotechnique\/wp-json\/wp\/v2\/comments?post=582"}],"version-history":[{"count":2,"href":"https:\/\/ent2d.ac-bordeaux.fr\/disciplines\/electrotechnique\/wp-json\/wp\/v2\/pages\/582\/revisions"}],"predecessor-version":[{"id":656,"href":"https:\/\/ent2d.ac-bordeaux.fr\/disciplines\/electrotechnique\/wp-json\/wp\/v2\/pages\/582\/revisions\/656"}],"wp:attachment":[{"href":"https:\/\/ent2d.ac-bordeaux.fr\/disciplines\/electrotechnique\/wp-json\/wp\/v2\/media?parent=582"}],"curies":[{"name":"wp","href":"https:\/\/api.w.org\/{rel}","templated":true}]}}