{"id":576,"date":"2024-07-24T09:37:02","date_gmt":"2024-07-24T07:37:02","guid":{"rendered":"https:\/\/ent2d.ac-bordeaux.fr\/disciplines\/electrotechnique\/?page_id=576"},"modified":"2024-07-24T12:17:16","modified_gmt":"2024-07-24T10:17:16","slug":"poursuites-detudes","status":"publish","type":"page","link":"https:\/\/ent2d.ac-bordeaux.fr\/disciplines\/electrotechnique\/poursuites-detudes\/","title":{"rendered":"Poursuites d&rsquo;\u00e9tudes"},"content":{"rendered":"\n<p><strong>Poursuites d&rsquo;\u00e9tudes<\/strong><\/p>\n\n\n\n<p>Le bac pro a pour premier objectif l&rsquo;insertion professionnelle mais, avec un tr\u00e8s bon dossier ou une mention \u00e0 l&rsquo;examen, une poursuite d&rsquo;\u00e9tudes est envisageable en BTS. Une sp\u00e9cialisation est possible en CS ou FCIL.<\/p>\n\n\n\n<p><strong>Exemple(s) de formation(s) post BAC PRO MELEC :<\/strong><\/p>\n\n\n\n<ul class=\"wp-block-list\">\n<li><a href=\"https:\/\/www.onisep.fr\/ressources\/univers-formation\/formations\/post-bac\/mc-futur-cs-technicien-ne-ascensoriste-service-et-modernisation\">MC (futur CS) technicien(ne) ascensoriste (service et modernisation)<\/a><\/li>\n\n\n\n<li><a href=\"https:\/\/www.onisep.fr\/ressources\/univers-formation\/formations\/post-bac\/mc-futur-cs-technicien-ne-en-reseaux-electriques\">MC (futur CS) technicien(ne) en r\u00e9seaux \u00e9lectriques<\/a><\/li>\n\n\n\n<li><a href=\"https:\/\/www.onisep.fr\/ressources\/univers-formation\/formations\/post-bac\/mc-futur-cs-technicien-en-energies-renouvelables-option-a-energie-electrique\">MC (futur CS) technicien en \u00e9nergies renouvelables option A \u00e9nergie \u00e9lectrique<\/a><\/li>\n\n\n\n<li><a href=\"https:\/\/www.onisep.fr\/ressources\/univers-formation\/formations\/post-bac\/bts-assistance-technique-d-ingenieur\">BTS assistance technique d&rsquo;ing\u00e9nieur<\/a><\/li>\n\n\n\n<li><a href=\"https:\/\/www.onisep.fr\/ressources\/univers-formation\/formations\/post-bac\/bts-conception-et-realisation-de-systemes-automatiques\">BTS conception et r\u00e9alisation de syst\u00e8mes automatiques<\/a><\/li>\n\n\n\n<li><a href=\"https:\/\/www.onisep.fr\/ressources\/univers-formation\/formations\/post-bac\/bts-controle-industriel-et-regulation-automatique\">BTS contr\u00f4le industriel et r\u00e9gulation automatique<\/a><\/li>\n\n\n\n<li><a href=\"https:\/\/www.onisep.fr\/ressources\/univers-formation\/formations\/post-bac\/bts-electrotechnique\">BTS \u00e9lectrotechnique<\/a><\/li>\n\n\n\n<li><a href=\"https:\/\/www.onisep.fr\/ressources\/univers-formation\/formations\/post-bac\/bts-fluides-energies-domotique-option-a-genie-climatique-et-fluidique\">BTS fluides, \u00e9nergies, domotique option A g\u00e9nie climatique et fluidique<\/a><\/li>\n\n\n\n<li><a href=\"https:\/\/www.onisep.fr\/ressources\/univers-formation\/formations\/post-bac\/bts-fluides-energies-domotique-option-b-froid-et-conditionnement-d-air\">BTS fluides, \u00e9nergies, domotique option B froid et conditionnement d&rsquo;air<\/a><\/li>\n\n\n\n<li><a href=\"https:\/\/www.onisep.fr\/ressources\/univers-formation\/formations\/post-bac\/bts-fluides-energies-domotique-option-c-domotique-et-batiments-communicants\">BTS fluides, \u00e9nergies, domotique option C domotique et b\u00e2timents communicants<\/a><\/li>\n\n\n\n<li><a href=\"https:\/\/www.onisep.fr\/ressources\/univers-formation\/formations\/post-bac\/bts-maintenance-des-systemes-option-a-systemes-de-production\">BTS maintenance des syst\u00e8mes option A syst\u00e8mes de production<\/a><\/li>\n\n\n\n<li><a href=\"https:\/\/www.onisep.fr\/ressources\/univers-formation\/formations\/post-bac\/bts-maintenance-des-systemes-option-c-systemes-eoliens\">BTS maintenance des syst\u00e8mes option C syst\u00e8mes \u00e9oliens<\/a><\/li>\n<\/ul>\n","protected":false},"excerpt":{"rendered":"<p>Poursuites d&rsquo;\u00e9tudes Le bac pro a pour premier objectif l&rsquo;insertion professionnelle mais, avec un tr\u00e8s bon dossier ou une mention \u00e0 l&rsquo;examen, une poursuite d&rsquo;\u00e9tudes est envisageable en BTS. Une sp\u00e9cialisation est possible en CS ou FCIL. Exemple(s) de formation(s) post BAC PRO MELEC :<\/p>\n","protected":false},"author":95,"featured_media":0,"parent":0,"menu_order":0,"comment_status":"closed","ping_status":"closed","template":"","meta":{"footnotes":""},"class_list":["post-576","page","type-page","status-publish","hentry","nodate"],"_links":{"self":[{"href":"https:\/\/ent2d.ac-bordeaux.fr\/disciplines\/electrotechnique\/wp-json\/wp\/v2\/pages\/576","targetHints":{"allow":["GET"]}}],"collection":[{"href":"https:\/\/ent2d.ac-bordeaux.fr\/disciplines\/electrotechnique\/wp-json\/wp\/v2\/pages"}],"about":[{"href":"https:\/\/ent2d.ac-bordeaux.fr\/disciplines\/electrotechnique\/wp-json\/wp\/v2\/types\/page"}],"author":[{"embeddable":true,"href":"https:\/\/ent2d.ac-bordeaux.fr\/disciplines\/electrotechnique\/wp-json\/wp\/v2\/users\/95"}],"replies":[{"embeddable":true,"href":"https:\/\/ent2d.ac-bordeaux.fr\/disciplines\/electrotechnique\/wp-json\/wp\/v2\/comments?post=576"}],"version-history":[{"count":2,"href":"https:\/\/ent2d.ac-bordeaux.fr\/disciplines\/electrotechnique\/wp-json\/wp\/v2\/pages\/576\/revisions"}],"predecessor-version":[{"id":665,"href":"https:\/\/ent2d.ac-bordeaux.fr\/disciplines\/electrotechnique\/wp-json\/wp\/v2\/pages\/576\/revisions\/665"}],"wp:attachment":[{"href":"https:\/\/ent2d.ac-bordeaux.fr\/disciplines\/electrotechnique\/wp-json\/wp\/v2\/media?parent=576"}],"curies":[{"name":"wp","href":"https:\/\/api.w.org\/{rel}","templated":true}]}}