{"id":573,"date":"2024-07-24T09:34:40","date_gmt":"2024-07-24T07:34:40","guid":{"rendered":"https:\/\/ent2d.ac-bordeaux.fr\/disciplines\/electrotechnique\/?page_id=573"},"modified":"2024-07-24T12:12:45","modified_gmt":"2024-07-24T10:12:45","slug":"la-seconde-bac-pro-famille-des-metiers","status":"publish","type":"page","link":"https:\/\/ent2d.ac-bordeaux.fr\/disciplines\/electrotechnique\/la-seconde-bac-pro-famille-des-metiers\/","title":{"rendered":"La seconde bac pro famille des m\u00e9tiers"},"content":{"rendered":"\n<h2 class=\"wp-block-heading\" id=\"edugouv-summary-item-0\">La 2de organis\u00e9e par famille de m\u00e9tiers<\/h2>\n\n\n\n<figure class=\"wp-block-image size-full\"><img loading=\"lazy\" decoding=\"async\" width=\"657\" height=\"205\" src=\"https:\/\/ent2d.ac-bordeaux.fr\/disciplines\/electrotechnique\/wp-content\/uploads\/sites\/20\/2024\/07\/image-1.png\" alt=\"\" class=\"wp-image-661\" srcset=\"https:\/\/ent2d.ac-bordeaux.fr\/disciplines\/electrotechnique\/wp-content\/uploads\/sites\/20\/2024\/07\/image-1.png 657w, https:\/\/ent2d.ac-bordeaux.fr\/disciplines\/electrotechnique\/wp-content\/uploads\/sites\/20\/2024\/07\/image-1-300x94.png 300w\" sizes=\"auto, (max-width: 657px) 100vw, 657px\" \/><\/figure>\n\n\n\n<p>\u00c0 la fin du coll\u00e8ge, vous ne savez pas toujours ce que vous voulez faire comme m\u00e9tier. Le fait d\u2019organiser la classe de 2de en famille de m\u00e9tiers vous permet de choisir progressivement le m\u00e9tier qui vous pla\u00eet puisque vous choisissez d\u2019abord la famille de m\u00e9tiers puis la sp\u00e9cialit\u00e9.<\/p>\n\n\n\n<p>Une famille de m\u00e9tiers peut regrouper entre 2 et 10 sp\u00e9cialit\u00e9s de bac professionnel.<\/p>\n\n\n\n<p>En tout, il y a 14 familles de m\u00e9tiers mais certains bacs professionnels ne sont pas regroup\u00e9s en familles.<\/p>\n\n\n\n<h3 class=\"wp-block-heading\" id=\"edugouv-summary-item-11\">M\u00e9tiers du num\u00e9rique et des transitions \u00e9nerg\u00e9tiques<\/h3>\n\n\n\n<ul class=\"wp-block-list\">\n<li>Installateur en chauffage climatisation et \u00e9nergies renouvelables ;<\/li>\n\n\n\n<li>Maintenance et efficacit\u00e9 \u00e9nerg\u00e9tique ;<\/li>\n\n\n\n<li>M\u00e9tiers du froid et des \u00e9nergies renouvelables ;<\/li>\n\n\n\n<li>M\u00e9tiers de l\u2019\u00e9lectricit\u00e9 et de ses environnement connect\u00e9s ;<\/li>\n\n\n\n<li>Cybers\u00e9curit\u00e9, informatique et r\u00e9seaux, \u00e9lectronique.<\/li>\n<\/ul>\n\n\n\n<h2 class=\"wp-block-heading\" id=\"edugouv-summary-item-15\">Pourquoi rassembler les sp\u00e9cialit\u00e9s en famille de m\u00e9tiers ?<\/h2>\n\n\n\n<p>En g\u00e9n\u00e9ral, un \u00e9l\u00e8ve de 3e qui veut continuer en bac professionnel doit savoir pr\u00e9cis\u00e9ment ce qu\u2019il veut faire pour choisir sa sp\u00e9cialit\u00e9 avant de rentrer au lyc\u00e9e.<\/p>\n\n\n\n<p>En choisissant plut\u00f4t une famille de m\u00e9tiers, les \u00e9l\u00e8ves choisissent un domaine qui leur pla\u00eet et choisiront leur sp\u00e9cialit\u00e9 \u00e0 la fin de l\u2019ann\u00e9e de 2de.<\/p>\n\n\n\n<p>Pendant l\u2019ann\u00e9e de 2de, les \u00e9l\u00e8ves d\u2019une famille de m\u00e9tiers apprennent des savoir-faire communs \u00e0 toutes les sp\u00e9cialit\u00e9s.<\/p>\n\n\n\n<p>Par exemple, en 2de \u00ab\u00a0M\u00e9tiers de la construction durable, du b\u00e2timent et des travaux publics\u00a0\u00bb, les \u00e9l\u00e8ves apprennent \u00e0 organiser le chantier, respecter les r\u00e8gles de s\u00e9curit\u00e9 ou encore mettre en place un \u00e9chafaudage, des comp\u00e9tences aussi utiles en menuiserie qu\u2019en charpente.<\/p>\n\n\n\n<p>Pour des questions d\u2019orientation ou de contenus sur les formations, rendez-vous sur l\u2019espace <a href=\"https:\/\/www.nouvelle-voiepro.fr\/\" target=\"_blank\" rel=\"noreferrer noopener\">Nouvelle voie pro<\/a>&nbsp;de l\u2019Onisep, qui vous sera tr\u00e8s utile !<\/p>\n\n\n\n<p>Lien :  <a href=\"https:\/\/eduscol.education.fr\/sti\/formations\/bac-pro\/seconde-professionnelle-metiers-des-transitions-numerique-et-energetique-tne#presentation\" target=\"_blank\" rel=\"noreferrer noopener\">https:\/\/eduscol.education.fr\/sti\/formations\/bac-pro\/seconde-professionnelle-metiers-des-transitions-numerique-et-energetique-tne#presentation<\/a><\/p>\n\n\n\n<p><\/p>\n","protected":false},"excerpt":{"rendered":"<p>La 2de organis\u00e9e par famille de m\u00e9tiers \u00c0 la fin du coll\u00e8ge, vous ne savez pas toujours ce que vous voulez faire comme m\u00e9tier. Le fait d\u2019organiser la classe de 2de en famille de m\u00e9tiers vous permet de choisir progressivement le m\u00e9tier qui vous pla\u00eet puisque vous choisissez d\u2019abord la famille de m\u00e9tiers puis la &hellip; <\/p>\n<p><a class=\"more-link block-button\" href=\"https:\/\/ent2d.ac-bordeaux.fr\/disciplines\/electrotechnique\/la-seconde-bac-pro-famille-des-metiers\/\">Lire la Suite &raquo;<\/a><\/p>\n","protected":false},"author":95,"featured_media":0,"parent":0,"menu_order":0,"comment_status":"closed","ping_status":"closed","template":"","meta":{"footnotes":""},"class_list":["post-573","page","type-page","status-publish","hentry","nodate"],"_links":{"self":[{"href":"https:\/\/ent2d.ac-bordeaux.fr\/disciplines\/electrotechnique\/wp-json\/wp\/v2\/pages\/573","targetHints":{"allow":["GET"]}}],"collection":[{"href":"https:\/\/ent2d.ac-bordeaux.fr\/disciplines\/electrotechnique\/wp-json\/wp\/v2\/pages"}],"about":[{"href":"https:\/\/ent2d.ac-bordeaux.fr\/disciplines\/electrotechnique\/wp-json\/wp\/v2\/types\/page"}],"author":[{"embeddable":true,"href":"https:\/\/ent2d.ac-bordeaux.fr\/disciplines\/electrotechnique\/wp-json\/wp\/v2\/users\/95"}],"replies":[{"embeddable":true,"href":"https:\/\/ent2d.ac-bordeaux.fr\/disciplines\/electrotechnique\/wp-json\/wp\/v2\/comments?post=573"}],"version-history":[{"count":5,"href":"https:\/\/ent2d.ac-bordeaux.fr\/disciplines\/electrotechnique\/wp-json\/wp\/v2\/pages\/573\/revisions"}],"predecessor-version":[{"id":663,"href":"https:\/\/ent2d.ac-bordeaux.fr\/disciplines\/electrotechnique\/wp-json\/wp\/v2\/pages\/573\/revisions\/663"}],"wp:attachment":[{"href":"https:\/\/ent2d.ac-bordeaux.fr\/disciplines\/electrotechnique\/wp-json\/wp\/v2\/media?parent=573"}],"curies":[{"name":"wp","href":"https:\/\/api.w.org\/{rel}","templated":true}]}}