{"id":554,"date":"2022-07-26T13:19:09","date_gmt":"2022-07-26T11:19:09","guid":{"rendered":"https:\/\/ent2d.ac-bordeaux.fr\/disciplines\/electrotechnique\/?page_id=554"},"modified":"2025-09-24T14:52:04","modified_gmt":"2025-09-24T12:52:04","slug":"challenge-region-academique-melec-top-12-nouvelle-aquitaine","status":"publish","type":"page","link":"https:\/\/ent2d.ac-bordeaux.fr\/disciplines\/electrotechnique\/actions-et-challenges\/challenge-melec-top12-nouvelle-aquitaine\/challenge-region-academique-melec-top-12-nouvelle-aquitaine\/","title":{"rendered":"Challenge MELEC TOP12 Nouvelle-Aquitaine &#8211; 2\u00e8me \u00e9dition &#8211; 2023-2024"},"content":{"rendered":"\n<h3 class=\"wp-block-heading\" id=\"yui_3_17_2_1_1721805529392_42\"><strong><a href=\"https:\/\/www.youtube.com\/embed\/shEjduA7o-I?controls=0&amp;modestbranding=1&amp;rel=0&amp;showinfo=0&amp;loop=0&amp;fs=0&amp;hl=fr&amp;enablejsapi=1&amp;origin=https%3A%2F%2Fmagistere.education.fr&amp;widgetid=1\">Retrouvez la vid\u00e9o de la finale 2024<\/a><\/strong><a href=\"https:\/\/magistere.education.fr\/ac-bordeaux\/pluginfile.php\/1554974\/course\/section\/213798\/Capture%20d%E2%80%99%C3%A9cran%202023-09-21%20090919.png?time=1695284919425\"><strong> : <\/strong><\/a><\/h3>\n\n\n\n<p><\/p>\n\n\n\n<p>Avec la collaboration et la participation des soci\u00e9t\u00e9s LEGRAND, CHAUVIN ARNOUX et SONEPAR, la r\u00e9gion acad\u00e9mique Nouvelle-Aquitaine a organis\u00e9e la deuxi\u00e8me \u00e9dition du challenge MELEC TOP12 Nouvelle-Aquitaine 2024. Ce challenge reposait d\u2019abord sur une pr\u00e9paration qui se d\u00e9clinait d\u2019une r\u00e9ponse technique et d\u2019une vid\u00e9o de pr\u00e9sentation \u00e0 destination du client (phase de pr\u00e9s\u00e9lection) puis d\u2019une r\u00e9alisation (phase finale) d\u2019un chantier \u00e9lectrique sur une maquette 3D enti\u00e8rement financ\u00e9e par les partenaires. L&rsquo;ensemble a \u00e9t\u00e9 ex\u00e9cut\u00e9 par des bin\u00f4mes d&rsquo;\u00e9l\u00e8ves en classe de premi\u00e8re bac pro MELEC ou d\u2019un CFA public d&rsquo;un m\u00eame \u00e9tablissement des trois acad\u00e9mies. La r\u00e9alisation \u00e9lectrique d\u2019appareils connect\u00e9s de derni\u00e8re technologie Legrand permettait de commander les installations \u00e9lectriques de la maison \u00e0 distance (gestion de volets roulants, des \u00e9clairages, de cam\u00e9ra de surveillance, de la gestion des consommations d\u2019\u00e9nergie, d\u2019un point de charge pour v\u00e9hicule \u00e9lectrique).<\/p>\n\n\n\n<p>La phase de pr\u00e9s\u00e9lection, qui s&rsquo;est tenue du 10 au 12 avril 2024 par un jury compos\u00e9 de professionnels, d\u2019enseignants et d\u2019inspecteurs de l\u2019\u00e9ducation nationale des trois acad\u00e9mies, a permis de d\u00e9terminer les 12 meilleures pr\u00e9parations sur les 55 projets.<\/p>\n\n\n\n<p>Les jeunes en comp\u00e9tition se sont retrouv\u00e9s pour la finale, du 21 au 23 mai 2024 au lyc\u00e9e Maryse BASTIE \u00e0 Limoges dont la qualit\u00e9 de l&rsquo;accueil et la disponibilit\u00e9 des personnels sont \u00e0 souligner.<\/p>\n\n\n\n<h5 class=\"wp-block-heading\"><strong>Classement de la deuxi\u00e8me \u00e9dition&nbsp;:<\/strong><\/h5>\n\n\n\n<figure class=\"wp-block-table\"><table><tbody><tr><td>1<sup>er<\/sup><\/td><td>Joris JAULIAC Al-Mouhaimine MOUSSA<\/td><td>Apprentis en premi\u00e8re BAC PRO MELEC au lyc\u00e9e CABANIS &#8211; BRIVE<\/td><td>Acad\u00e9mie de Limoges<\/td><\/tr><tr><td>2<sup>\u00e8me<\/sup><\/td><td>Adam Ramiz Maxance Mazire<br><br><\/td><td>\u00c9l\u00e8ves en premi\u00e8re BAC PRO MELEC au lyc\u00e9e Condorcet &#8211; Arcachon<\/td><td>Acad\u00e9mie de Bordeaux<\/td><\/tr><tr><td>3<sup>\u00e8me<\/sup><\/td><td>Yade DUMAZEAU Tigran ISPIRYAN<br><br><\/td><td>\u00c9l\u00e8ves en premi\u00e8re BAC PRO MELEC au LP L\u00e9onard de VINCI &#8211; P\u00e9rigueux<\/td><td>Acad\u00e9mie de Bordeaux<br><br><\/td><\/tr><\/tbody><\/table><\/figure>\n\n\n\n<h5 class=\"wp-block-heading\"><strong>Liste des autres finalistes : <\/strong>LP G. CRAMPE &#8211; AIRE SUR L&rsquo;ADOUR ; LP CHARLES PEGUY &#8211; EYSINES ; LP J. MONNET &#8211; LIBOURNE ; LP PAUL GUERIN &#8211; NIORT ; LP MARYSE BASTIE &#8211; LIMOGES ; LP ROUSSILAT &#8211; St VAURY ; LP RAOUL MORTIER \u2013 MONTMORILLON&nbsp;; LP LEONARD DE VINCI (\u00e9quipe 2)&nbsp;; LP CABANIS (\u00e9quipe 2).<\/h5>\n\n\n\n<h5 class=\"wp-block-heading\">Toutes les \u00e9quipes ont \u00e9t\u00e9 r\u00e9compens\u00e9es par nos partenaires, le rectorat de l\u2019acad\u00e9mie de Limoges et elles sont reparties avec leur maquette pour \u00eatre revaloris\u00e9e p\u00e9dagogiquement dans chaque \u00e9tablissement.<\/h5>\n\n\n\n<h5 class=\"wp-block-heading\"><strong>Nous vous donnons rendez-vous pour la 3<sup>\u00e8me<\/sup> \u00e9dition du challenge MELEC TOP12 Nouvelle-Aquitaine 2025, au LP CHARLES PEGUY \u00e0 EYSINES<\/strong><\/h5>\n","protected":false},"excerpt":{"rendered":"<p>Retrouvez la vid\u00e9o de la finale 2024 : Avec la collaboration et la participation des soci\u00e9t\u00e9s LEGRAND, CHAUVIN ARNOUX et SONEPAR, la r\u00e9gion acad\u00e9mique Nouvelle-Aquitaine a organis\u00e9e la deuxi\u00e8me \u00e9dition du challenge MELEC TOP12 Nouvelle-Aquitaine 2024. Ce challenge reposait d\u2019abord sur une pr\u00e9paration qui se d\u00e9clinait d\u2019une r\u00e9ponse technique et d\u2019une vid\u00e9o de pr\u00e9sentation \u00e0 &hellip; <\/p>\n<p><a class=\"more-link block-button\" href=\"https:\/\/ent2d.ac-bordeaux.fr\/disciplines\/electrotechnique\/actions-et-challenges\/challenge-melec-top12-nouvelle-aquitaine\/challenge-region-academique-melec-top-12-nouvelle-aquitaine\/\">Lire la Suite &raquo;<\/a><\/p>\n","protected":false},"author":95,"featured_media":0,"parent":832,"menu_order":0,"comment_status":"closed","ping_status":"closed","template":"","meta":{"footnotes":""},"class_list":["post-554","page","type-page","status-publish","hentry","nodate"],"_links":{"self":[{"href":"https:\/\/ent2d.ac-bordeaux.fr\/disciplines\/electrotechnique\/wp-json\/wp\/v2\/pages\/554","targetHints":{"allow":["GET"]}}],"collection":[{"href":"https:\/\/ent2d.ac-bordeaux.fr\/disciplines\/electrotechnique\/wp-json\/wp\/v2\/pages"}],"about":[{"href":"https:\/\/ent2d.ac-bordeaux.fr\/disciplines\/electrotechnique\/wp-json\/wp\/v2\/types\/page"}],"author":[{"embeddable":true,"href":"https:\/\/ent2d.ac-bordeaux.fr\/disciplines\/electrotechnique\/wp-json\/wp\/v2\/users\/95"}],"replies":[{"embeddable":true,"href":"https:\/\/ent2d.ac-bordeaux.fr\/disciplines\/electrotechnique\/wp-json\/wp\/v2\/comments?post=554"}],"version-history":[{"count":11,"href":"https:\/\/ent2d.ac-bordeaux.fr\/disciplines\/electrotechnique\/wp-json\/wp\/v2\/pages\/554\/revisions"}],"predecessor-version":[{"id":885,"href":"https:\/\/ent2d.ac-bordeaux.fr\/disciplines\/electrotechnique\/wp-json\/wp\/v2\/pages\/554\/revisions\/885"}],"up":[{"embeddable":true,"href":"https:\/\/ent2d.ac-bordeaux.fr\/disciplines\/electrotechnique\/wp-json\/wp\/v2\/pages\/832"}],"wp:attachment":[{"href":"https:\/\/ent2d.ac-bordeaux.fr\/disciplines\/electrotechnique\/wp-json\/wp\/v2\/media?parent=554"}],"curies":[{"name":"wp","href":"https:\/\/api.w.org\/{rel}","templated":true}]}}