{"id":552,"date":"2022-07-26T13:07:14","date_gmt":"2022-07-26T11:07:14","guid":{"rendered":"https:\/\/ent2d.ac-bordeaux.fr\/disciplines\/electrotechnique\/?page_id=552"},"modified":"2024-07-24T12:29:25","modified_gmt":"2024-07-24T10:29:25","slug":"concours-general-des-metiers-melec-2022","status":"publish","type":"page","link":"https:\/\/ent2d.ac-bordeaux.fr\/disciplines\/electrotechnique\/actions-et-challenges\/concours-general-des-metiers\/concours-general-des-metiers-melec-2022\/","title":{"rendered":"Concours g\u00e9n\u00e9ral des m\u00e9tiers MELEC 2022"},"content":{"rendered":"\n<p><strong>Supports d&rsquo;\u00e9tude :<\/strong><\/p>\n\n\n\n<ul class=\"wp-block-list\">\n<li>Partie \u00e9crite : Llyc\u00e9e Le Corbusier \u00e0 Illkirch-Graffenstaden (Bas-Rhin)\n<ul class=\"wp-block-list\">\n<li>Probl\u00e9matique g\u00e9n\u00e9rale&nbsp;: Travaux \u00e9lectriques de r\u00e9novation.<\/li>\n<\/ul>\n<\/li>\n\n\n\n<li>Parties Pratiques :\n<ul class=\"wp-block-list\">\n<li>Sujet 1 : Villa Gundershoffen, Projet NETATMO : installation partielle de la maison connect\u00e9e de Mme et M. PIERREL, en utilisant la technologie intelligente NETATMO de chez LEGRAND.<\/li>\n\n\n\n<li>Sujet 2 : Villa Gundershoffen, Projet NETATMO : installation partielle de la maison connect\u00e9e de Mme et M. PIERREL, en utilisant la technologie intelligente MYHOME de chez LEGRAND.<\/li>\n<\/ul>\n<\/li>\n<\/ul>\n\n\n\n<p><strong>Lien vers les sujets : <a href=\"https:\/\/eduscol.education.fr\/sti\/concours_examens\/concours-general-des-metiers-melec-2022\" target=\"_blank\" rel=\"noreferrer noopener\">https:\/\/eduscol.education.fr\/sti\/concours_examens\/concours-general-des-metiers-melec-2022<\/a><\/strong><\/p>\n\n\n\n<p><\/p>\n","protected":false},"excerpt":{"rendered":"<p>Supports d&rsquo;\u00e9tude : Lien vers les sujets : https:\/\/eduscol.education.fr\/sti\/concours_examens\/concours-general-des-metiers-melec-2022<\/p>\n","protected":false},"author":95,"featured_media":0,"parent":145,"menu_order":0,"comment_status":"closed","ping_status":"closed","template":"","meta":{"footnotes":""},"class_list":["post-552","page","type-page","status-publish","hentry","nodate"],"_links":{"self":[{"href":"https:\/\/ent2d.ac-bordeaux.fr\/disciplines\/electrotechnique\/wp-json\/wp\/v2\/pages\/552","targetHints":{"allow":["GET"]}}],"collection":[{"href":"https:\/\/ent2d.ac-bordeaux.fr\/disciplines\/electrotechnique\/wp-json\/wp\/v2\/pages"}],"about":[{"href":"https:\/\/ent2d.ac-bordeaux.fr\/disciplines\/electrotechnique\/wp-json\/wp\/v2\/types\/page"}],"author":[{"embeddable":true,"href":"https:\/\/ent2d.ac-bordeaux.fr\/disciplines\/electrotechnique\/wp-json\/wp\/v2\/users\/95"}],"replies":[{"embeddable":true,"href":"https:\/\/ent2d.ac-bordeaux.fr\/disciplines\/electrotechnique\/wp-json\/wp\/v2\/comments?post=552"}],"version-history":[{"count":2,"href":"https:\/\/ent2d.ac-bordeaux.fr\/disciplines\/electrotechnique\/wp-json\/wp\/v2\/pages\/552\/revisions"}],"predecessor-version":[{"id":673,"href":"https:\/\/ent2d.ac-bordeaux.fr\/disciplines\/electrotechnique\/wp-json\/wp\/v2\/pages\/552\/revisions\/673"}],"up":[{"embeddable":true,"href":"https:\/\/ent2d.ac-bordeaux.fr\/disciplines\/electrotechnique\/wp-json\/wp\/v2\/pages\/145"}],"wp:attachment":[{"href":"https:\/\/ent2d.ac-bordeaux.fr\/disciplines\/electrotechnique\/wp-json\/wp\/v2\/media?parent=552"}],"curies":[{"name":"wp","href":"https:\/\/api.w.org\/{rel}","templated":true}]}}