{"id":540,"date":"2022-07-26T12:55:43","date_gmt":"2022-07-26T10:55:43","guid":{"rendered":"https:\/\/ent2d.ac-bordeaux.fr\/disciplines\/electrotechnique\/?page_id=540"},"modified":"2024-07-24T12:28:54","modified_gmt":"2024-07-24T10:28:54","slug":"concours-general-des-metiers-2019","status":"publish","type":"page","link":"https:\/\/ent2d.ac-bordeaux.fr\/disciplines\/electrotechnique\/actions-et-challenges\/concours-general-des-metiers\/concours-general-des-metiers-2019\/","title":{"rendered":"Concours g\u00e9n\u00e9ral des m\u00e9tiers MELEC 2021"},"content":{"rendered":"\n<p><\/p>\n\n\n\n<p><strong>Supports d&rsquo;\u00e9tude :<\/strong><\/p>\n\n\n\n<ul class=\"wp-block-list\">\n<li>Partie \u00e9crite : Lyc\u00e9e Mireille Grenet de Compi\u00e8gne (Oise)\n<ul class=\"wp-block-list\">\n<li>Probl\u00e9matique g\u00e9n\u00e9rale&nbsp;: L\u2019ancienne salle des professeurs devient, en 2019, un espace d\u2019innovation partag\u00e9 (EIP). Il est n\u00e9cessaire d&rsquo;y revoir les installations \u00e9lectriques et informatiques.<\/li>\n<\/ul>\n<\/li>\n\n\n\n<li>Parties Pratiques :\n<ul class=\"wp-block-list\">\n<li>Sujets 1 et 2 : Syst\u00e8me de gestion d\u2019\u00e9clairage du parking\/trottoir de l\u2019h\u00f4pital de Montdidier\/Roye\n<ul class=\"wp-block-list\">\n<li>Travail demand\u00e9 : R\u00e9aliser le c\u00e2blage de l&rsquo;armoire, passer les c\u00e2bles dans les gaines de trottoir et faire le raccordement en pied de poteau.<\/li>\n<\/ul>\n<\/li>\n\n\n\n<li>Sujets 3 et 4 : Ville de Montdidier : Installation de bornes de recharges pour v\u00e9hicules \u00e9lectriques (Voitures, v\u00e9los, etc\u2026),\n<ul class=\"wp-block-list\">\n<li>Travail demand\u00e9 : R\u00e9aliser l\u2019installation d\u2019une borne de recharge \u00e9lectrique<\/li>\n<\/ul>\n<\/li>\n\n\n\n<li>Sujets 5 et 6 : Ville de Montdidier : Installer un carport solaire afin d\u2019abriter ses v\u00e9hicules tout en contribuant \u00e0 produire une \u00e9lectricit\u00e9 \u00ab\u00a0verte\u00a0\u00bb.\n<ul class=\"wp-block-list\">\n<li>Travail demand\u00e9 : R\u00e9aliser l\u2019installation du carport solaire<\/li>\n<\/ul>\n<\/li>\n\n\n\n<li>Sujets 7 et 8 : Ville de Montdidier : deux studios connect\u00e9s \u00e9quipant la maison de retraite de l\u2019h\u00f4pital de Montdidier\n<ul class=\"wp-block-list\">\n<li>Travail demand\u00e9 : R\u00e9aliser l&rsquo;installation de l&rsquo;un des studios<\/li>\n<\/ul>\n<\/li>\n<\/ul>\n<\/li>\n<\/ul>\n\n\n\n<p><strong>Lien vers les sujets : <a href=\"https:\/\/eduscol.education.fr\/sti\/concours_examens\/concours-general-des-metiers-melec-2021\" target=\"_blank\" rel=\"noreferrer noopener\">https:\/\/eduscol.education.fr\/sti\/concours_examens\/concours-general-des-metiers-melec-2021<\/a><\/strong><\/p>\n\n\n\n<p><\/p>\n","protected":false},"excerpt":{"rendered":"<p>Supports d&rsquo;\u00e9tude : Lien vers les sujets : https:\/\/eduscol.education.fr\/sti\/concours_examens\/concours-general-des-metiers-melec-2021<\/p>\n","protected":false},"author":95,"featured_media":0,"parent":145,"menu_order":0,"comment_status":"closed","ping_status":"closed","template":"","meta":{"footnotes":""},"class_list":["post-540","page","type-page","status-publish","hentry","nodate"],"_links":{"self":[{"href":"https:\/\/ent2d.ac-bordeaux.fr\/disciplines\/electrotechnique\/wp-json\/wp\/v2\/pages\/540","targetHints":{"allow":["GET"]}}],"collection":[{"href":"https:\/\/ent2d.ac-bordeaux.fr\/disciplines\/electrotechnique\/wp-json\/wp\/v2\/pages"}],"about":[{"href":"https:\/\/ent2d.ac-bordeaux.fr\/disciplines\/electrotechnique\/wp-json\/wp\/v2\/types\/page"}],"author":[{"embeddable":true,"href":"https:\/\/ent2d.ac-bordeaux.fr\/disciplines\/electrotechnique\/wp-json\/wp\/v2\/users\/95"}],"replies":[{"embeddable":true,"href":"https:\/\/ent2d.ac-bordeaux.fr\/disciplines\/electrotechnique\/wp-json\/wp\/v2\/comments?post=540"}],"version-history":[{"count":7,"href":"https:\/\/ent2d.ac-bordeaux.fr\/disciplines\/electrotechnique\/wp-json\/wp\/v2\/pages\/540\/revisions"}],"predecessor-version":[{"id":672,"href":"https:\/\/ent2d.ac-bordeaux.fr\/disciplines\/electrotechnique\/wp-json\/wp\/v2\/pages\/540\/revisions\/672"}],"up":[{"embeddable":true,"href":"https:\/\/ent2d.ac-bordeaux.fr\/disciplines\/electrotechnique\/wp-json\/wp\/v2\/pages\/145"}],"wp:attachment":[{"href":"https:\/\/ent2d.ac-bordeaux.fr\/disciplines\/electrotechnique\/wp-json\/wp\/v2\/media?parent=540"}],"curies":[{"name":"wp","href":"https:\/\/api.w.org\/{rel}","templated":true}]}}