{"id":412,"date":"2018-10-01T08:34:13","date_gmt":"2018-10-01T06:34:13","guid":{"rendered":"https:\/\/ent2d.ac-bordeaux.fr\/disciplines\/electrotechnique\/?page_id=412"},"modified":"2024-07-24T12:23:15","modified_gmt":"2024-07-24T10:23:15","slug":"consultation-du-concours-general-des-metiers-melec-2017","status":"publish","type":"page","link":"https:\/\/ent2d.ac-bordeaux.fr\/disciplines\/electrotechnique\/actions-et-challenges\/concours-general-des-metiers\/consultation-du-concours-general-des-metiers-melec-2017\/","title":{"rendered":"Concours g\u00e9n\u00e9ral des m\u00e9tiers MELEC 2017"},"content":{"rendered":"<h3><a href=\"_wp_link_placeholder\" data-wplink-edit=\"true\"><strong>Lien vers la page<\/strong><\/a><\/h3>\n<p><u><strong>Supports d&rsquo;\u00e9tude :<\/strong><\/u><\/p>\n<ul>\n<li>Partie \u00e9crite : La Philarmonie de Paris : Ma\u00eetrise des consommations d&rsquo;\u00e9nergie \u00e9lectrique et mise en place de bornes de recharge pour v\u00e9hicule \u00e9lectrique.<\/li>\n<li>Partie Pratique : Trois Chantiers \u00e9taient propos\u00e9s aux candidats\n<ul>\n<li>Chantier 1 &#8211; Chantier gestion \u00e9clairage atelier<\/li>\n<li>Chantier 2 &#8211; Chantier r\u00e9sidentiel &#8211; Maison connect\u00e9e<\/li>\n<li>Chantier 3 &#8211; Chantier bornes de recharge v\u00e9hicule \u00e9lectrique<\/li>\n<\/ul>\n<\/li>\n<\/ul>\n<div class=\"ds-header\">\n<div class=\"field field-name-title field-type-ds field-label-hidden\">\n<div class=\"field-items\">\n<div class=\"field-item even\"><\/div>\n<\/div>\n<\/div>\n<\/div>\n<div class=\"ds-left\">\n<div class=\"field field-name-field-image field-type-image field-label-hidden\">\n<div class=\"field-items\">\n<div class=\"field-item even\"><a href=\"http:\/\/eduscol.education.fr\/sti\/concours_examens\/epreuve-ecrite-concours-general-des-metiers-bac-pro-melec-2017\"><img loading=\"lazy\" decoding=\"async\" title=\"La Philarmonie de Paris\" src=\"http:\/\/eduscol.education.fr\/sti\/system\/files\/styles\/mini-vignette-copy\/private\/images\/concours-examens\/8493\/8493-la-philarmonie-de-paris.png?itok=E56cMTA9\" alt=\"La Philarmonie de Paris\" width=\"80\" height=\"80\" \/><\/a><\/div>\n<\/div>\n<\/div>\n<\/div>\n<div class=\"ds-right\">\n<div class=\"field field-name-body field-type-text-with-summary field-label-hidden\">\n<div class=\"field-items\">\n<div class=\"field-item even\">La Philharmonie de Paris participe \u00e0 une op\u00e9ration exp\u00e9rimentale pour \u00e9laborer de nouvelles normes Haute Qualit\u00e9 Environnementale (HQE),notamment sur l&rsquo;\u00e9nergie.<\/div>\n<div><\/div>\n<div>\n<div class=\"ds-header\">\n<div class=\"field field-name-title field-type-ds field-label-hidden\">\n<div class=\"field-items\">\n<div class=\"field-item even\">\n<div class=\"non-souligne\"><\/div>\n<\/div>\n<\/div>\n<\/div>\n<\/div>\n<div class=\"ds-left\">\n<div class=\"field field-name-field-image field-type-image field-label-hidden\">\n<div class=\"field-items\">\n<div class=\"field-item even\"><a href=\"http:\/\/eduscol.education.fr\/sti\/concours_examens\/epreuve-pratique-concours-general-bac-pro-melec-2017\"><img loading=\"lazy\" decoding=\"async\" title=\"Logo\" src=\"http:\/\/eduscol.education.fr\/sti\/system\/files\/styles\/mini-vignette-copy\/private\/images\/concours-examens\/8808\/8808-paste-1498467447.png?itok=fHovgcS1\" alt=\"Logo\" width=\"80\" height=\"80\" \/><\/a><\/div>\n<\/div>\n<\/div>\n<\/div>\n<div class=\"ds-right\">\n<div class=\"field field-name-body field-type-text-with-summary field-label-hidden\">\n<div class=\"field-items\">\n<div class=\"field-item even\">Les 3 chantiers propos\u00e9s : Gestion d&rsquo;\u00e9clairage d&rsquo;un atelier, Maison connect\u00e9e, et borne de recharge pour v\u00e9hicule \u00e9lectrique.<\/div>\n<\/div>\n<\/div>\n<\/div>\n<\/div>\n<\/div>\n<\/div>\n<\/div>\n","protected":false},"excerpt":{"rendered":"<p>Lien vers la page Supports d&rsquo;\u00e9tude : Partie \u00e9crite : La Philarmonie de Paris : Ma\u00eetrise des consommations d&rsquo;\u00e9nergie \u00e9lectrique et mise en place de bornes de recharge pour v\u00e9hicule \u00e9lectrique. Partie Pratique : Trois Chantiers \u00e9taient propos\u00e9s aux candidats Chantier 1 &#8211; Chantier gestion \u00e9clairage atelier Chantier 2 &#8211; Chantier r\u00e9sidentiel &#8211; Maison connect\u00e9e &hellip; <\/p>\n<p><a class=\"more-link block-button\" href=\"https:\/\/ent2d.ac-bordeaux.fr\/disciplines\/electrotechnique\/actions-et-challenges\/concours-general-des-metiers\/consultation-du-concours-general-des-metiers-melec-2017\/\">Lire la Suite &raquo;<\/a><\/p>\n","protected":false},"author":95,"featured_media":0,"parent":145,"menu_order":0,"comment_status":"closed","ping_status":"closed","template":"","meta":{"footnotes":""},"class_list":["post-412","page","type-page","status-publish","hentry","nodate"],"_links":{"self":[{"href":"https:\/\/ent2d.ac-bordeaux.fr\/disciplines\/electrotechnique\/wp-json\/wp\/v2\/pages\/412","targetHints":{"allow":["GET"]}}],"collection":[{"href":"https:\/\/ent2d.ac-bordeaux.fr\/disciplines\/electrotechnique\/wp-json\/wp\/v2\/pages"}],"about":[{"href":"https:\/\/ent2d.ac-bordeaux.fr\/disciplines\/electrotechnique\/wp-json\/wp\/v2\/types\/page"}],"author":[{"embeddable":true,"href":"https:\/\/ent2d.ac-bordeaux.fr\/disciplines\/electrotechnique\/wp-json\/wp\/v2\/users\/95"}],"replies":[{"embeddable":true,"href":"https:\/\/ent2d.ac-bordeaux.fr\/disciplines\/electrotechnique\/wp-json\/wp\/v2\/comments?post=412"}],"version-history":[{"count":4,"href":"https:\/\/ent2d.ac-bordeaux.fr\/disciplines\/electrotechnique\/wp-json\/wp\/v2\/pages\/412\/revisions"}],"predecessor-version":[{"id":667,"href":"https:\/\/ent2d.ac-bordeaux.fr\/disciplines\/electrotechnique\/wp-json\/wp\/v2\/pages\/412\/revisions\/667"}],"up":[{"embeddable":true,"href":"https:\/\/ent2d.ac-bordeaux.fr\/disciplines\/electrotechnique\/wp-json\/wp\/v2\/pages\/145"}],"wp:attachment":[{"href":"https:\/\/ent2d.ac-bordeaux.fr\/disciplines\/electrotechnique\/wp-json\/wp\/v2\/media?parent=412"}],"curies":[{"name":"wp","href":"https:\/\/api.w.org\/{rel}","templated":true}]}}