{"id":321,"date":"2018-01-21T17:34:36","date_gmt":"2018-01-21T16:34:36","guid":{"rendered":"https:\/\/ent2d.ac-bordeaux.fr\/disciplines\/electrotechnique\/?page_id=321"},"modified":"2018-01-21T17:34:37","modified_gmt":"2018-01-21T16:34:37","slug":"textes-sur-les-travaux-reglementes","status":"publish","type":"page","link":"https:\/\/ent2d.ac-bordeaux.fr\/disciplines\/electrotechnique\/prevention-securite\/textes-sur-les-travaux-reglementes\/","title":{"rendered":"Textes sur les travaux r\u00e9glement\u00e9s"},"content":{"rendered":"<h4><a href=\"https:\/\/ent2d.ac-bordeaux.fr\/disciplines\/electrotechnique\/?attachment_id=320\" rel=\"attachment wp-att-320\">Instruction minist\u00e9rielle d\u00e9rogation travaux interdits moins de 15 et 18 ans<\/a><\/h4>\n<h4><a href=\"https:\/\/ent2d.ac-bordeaux.fr\/disciplines\/electrotechnique\/?attachment_id=318\" rel=\"attachment wp-att-318\">Annexe 1 : d\u00e9rogation jeunes<\/a><\/h4>\n<h4><a href=\"https:\/\/ent2d.ac-bordeaux.fr\/disciplines\/electrotechnique\/?attachment_id=319\" rel=\"attachment wp-att-319\">Annexe 2 : tableau des interdictions et d\u00e9rogations<\/a><\/h4>\n<h4><\/h4>\n","protected":false},"excerpt":{"rendered":"<p>Instruction minist\u00e9rielle d\u00e9rogation travaux interdits moins de 15 et 18 ans Annexe 1 : d\u00e9rogation jeunes Annexe 2 : tableau des interdictions et d\u00e9rogations<\/p>\n","protected":false},"author":95,"featured_media":0,"parent":70,"menu_order":0,"comment_status":"closed","ping_status":"closed","template":"template-onecolumn.php","meta":{"footnotes":""},"class_list":["post-321","page","type-page","status-publish","hentry","nodate"],"_links":{"self":[{"href":"https:\/\/ent2d.ac-bordeaux.fr\/disciplines\/electrotechnique\/wp-json\/wp\/v2\/pages\/321","targetHints":{"allow":["GET"]}}],"collection":[{"href":"https:\/\/ent2d.ac-bordeaux.fr\/disciplines\/electrotechnique\/wp-json\/wp\/v2\/pages"}],"about":[{"href":"https:\/\/ent2d.ac-bordeaux.fr\/disciplines\/electrotechnique\/wp-json\/wp\/v2\/types\/page"}],"author":[{"embeddable":true,"href":"https:\/\/ent2d.ac-bordeaux.fr\/disciplines\/electrotechnique\/wp-json\/wp\/v2\/users\/95"}],"replies":[{"embeddable":true,"href":"https:\/\/ent2d.ac-bordeaux.fr\/disciplines\/electrotechnique\/wp-json\/wp\/v2\/comments?post=321"}],"version-history":[{"count":1,"href":"https:\/\/ent2d.ac-bordeaux.fr\/disciplines\/electrotechnique\/wp-json\/wp\/v2\/pages\/321\/revisions"}],"predecessor-version":[{"id":322,"href":"https:\/\/ent2d.ac-bordeaux.fr\/disciplines\/electrotechnique\/wp-json\/wp\/v2\/pages\/321\/revisions\/322"}],"up":[{"embeddable":true,"href":"https:\/\/ent2d.ac-bordeaux.fr\/disciplines\/electrotechnique\/wp-json\/wp\/v2\/pages\/70"}],"wp:attachment":[{"href":"https:\/\/ent2d.ac-bordeaux.fr\/disciplines\/electrotechnique\/wp-json\/wp\/v2\/media?parent=321"}],"curies":[{"name":"wp","href":"https:\/\/api.w.org\/{rel}","templated":true}]}}