{"id":286,"date":"2018-01-21T16:39:42","date_gmt":"2018-01-21T15:39:42","guid":{"rendered":"https:\/\/ent2d.ac-bordeaux.fr\/disciplines\/electrotechnique\/?page_id=286"},"modified":"2018-01-21T16:51:12","modified_gmt":"2018-01-21T15:51:12","slug":"risques-electriques","status":"publish","type":"page","link":"https:\/\/ent2d.ac-bordeaux.fr\/disciplines\/electrotechnique\/prevention-securite\/risques-electriques\/","title":{"rendered":"Risques \u00e9lectriques"},"content":{"rendered":"<ul>\n<li><a class=\"lien\" href=\"http:\/\/www.inrs.fr\/risques\/electriques\/ce-qu-il-faut-retenir.html\">Ce qu\u2019il faut retenir<\/a><\/li>\n<li><a class=\"lien\" href=\"http:\/\/www.inrs.fr\/risques\/electriques\/principes-generaux-electricite.html\">Principes g\u00e9n\u00e9raux sur l\u2019\u00e9lectricit\u00e9 \u00e0 conna\u00eetre<\/a><\/li>\n<li><a class=\"lien\" href=\"http:\/\/www.inrs.fr\/risques\/electriques\/risques-electricite.html\">Risques li\u00e9s \u00e0 l\u2019\u00e9lectricit\u00e9<\/a><\/li>\n<li><a class=\"lien\" href=\"http:\/\/www.inrs.fr\/risques\/electriques\/accidents-origine-electrique.html\">Accidents d\u2019origine \u00e9lectrique<\/a><\/li>\n<li><a class=\"lien\" href=\"http:\/\/www.inrs.fr\/risques\/electriques\/prevention-risque-electrique.html\">Pr\u00e9vention du risque \u00e9lectrique<\/a><\/li>\n<li><span class=\"selectionne\"><a href=\"http:\/\/www.inrs.fr\/risques\/electriques\/habilitation-intervenants-electricite.html\"> Habilitation des intervenants en \u00e9lectricit\u00e9<\/a> <\/span><\/li>\n<li><a class=\"lien\" href=\"http:\/\/www.inrs.fr\/risques\/electriques\/prevention-risque-electricite-statique.html\">Pr\u00e9vention du risque li\u00e9 \u00e0 l\u2019\u00e9lectricit\u00e9 statique<\/a><\/li>\n<li><a class=\"lien\" href=\"http:\/\/www.inrs.fr\/risques\/electriques\/reglementation-prevention-risque-electrique.html\">R\u00e9glementation et pr\u00e9vention du risque \u00e9lectrique<\/a><\/li>\n<li><a class=\"lien\" href=\"http:\/\/www.inrs.fr\/risques\/electriques\/publications-liens-utiles.html\">Publications, outils, liens utiles<\/a><\/li>\n<li><a class=\"lien\" href=\"http:\/\/www.inrs.fr\/risques\/electriques\/glossaire.html\">Glossaire<\/a><\/li>\n<li><a class=\"boutonImportant orange\" href=\"http:\/\/www.inrs.fr\/dms\/inrs\/GenerationPDF\/accueil\/risques\/electriques\/Risques%20%C3%A9lectriques.pdf\" target=\"_blank\" rel=\"noopener\">Dossier complet (PDF\u00a01,4\u00a0Mo)<\/a><\/li>\n<\/ul>\n<p><a href=\"http:\/\/inrs-elec.inrs.fr\/\" rel=\"attachment wp-att-287\"><img loading=\"lazy\" decoding=\"async\" class=\"aligncenter size-medium wp-image-287\" src=\"https:\/\/ent2d.ac-bordeaux.fr\/disciplines\/electrotechnique\/wp-content\/uploads\/sites\/20\/2018\/01\/Dossier-risques-\u00e9lectriques-300x46.jpg\" alt=\"\" width=\"300\" height=\"46\" srcset=\"https:\/\/ent2d.ac-bordeaux.fr\/disciplines\/electrotechnique\/wp-content\/uploads\/sites\/20\/2018\/01\/Dossier-risques-\u00e9lectriques-300x46.jpg 300w, https:\/\/ent2d.ac-bordeaux.fr\/disciplines\/electrotechnique\/wp-content\/uploads\/sites\/20\/2018\/01\/Dossier-risques-\u00e9lectriques-768x119.jpg 768w, https:\/\/ent2d.ac-bordeaux.fr\/disciplines\/electrotechnique\/wp-content\/uploads\/sites\/20\/2018\/01\/Dossier-risques-\u00e9lectriques.jpg 946w\" sizes=\"auto, (max-width: 300px) 100vw, 300px\" \/><\/a><\/p>\n","protected":false},"excerpt":{"rendered":"<p>Ce qu\u2019il faut retenir Principes g\u00e9n\u00e9raux sur l\u2019\u00e9lectricit\u00e9 \u00e0 conna\u00eetre Risques li\u00e9s \u00e0 l\u2019\u00e9lectricit\u00e9 Accidents d\u2019origine \u00e9lectrique Pr\u00e9vention du risque \u00e9lectrique Habilitation des intervenants en \u00e9lectricit\u00e9 Pr\u00e9vention du risque li\u00e9 \u00e0 l\u2019\u00e9lectricit\u00e9 statique R\u00e9glementation et pr\u00e9vention du risque \u00e9lectrique Publications, outils, liens utiles Glossaire Dossier complet (PDF\u00a01,4\u00a0Mo)<\/p>\n","protected":false},"author":95,"featured_media":0,"parent":70,"menu_order":0,"comment_status":"closed","ping_status":"closed","template":"template-onecolumn.php","meta":{"footnotes":""},"class_list":["post-286","page","type-page","status-publish","hentry","nodate"],"_links":{"self":[{"href":"https:\/\/ent2d.ac-bordeaux.fr\/disciplines\/electrotechnique\/wp-json\/wp\/v2\/pages\/286","targetHints":{"allow":["GET"]}}],"collection":[{"href":"https:\/\/ent2d.ac-bordeaux.fr\/disciplines\/electrotechnique\/wp-json\/wp\/v2\/pages"}],"about":[{"href":"https:\/\/ent2d.ac-bordeaux.fr\/disciplines\/electrotechnique\/wp-json\/wp\/v2\/types\/page"}],"author":[{"embeddable":true,"href":"https:\/\/ent2d.ac-bordeaux.fr\/disciplines\/electrotechnique\/wp-json\/wp\/v2\/users\/95"}],"replies":[{"embeddable":true,"href":"https:\/\/ent2d.ac-bordeaux.fr\/disciplines\/electrotechnique\/wp-json\/wp\/v2\/comments?post=286"}],"version-history":[{"count":1,"href":"https:\/\/ent2d.ac-bordeaux.fr\/disciplines\/electrotechnique\/wp-json\/wp\/v2\/pages\/286\/revisions"}],"predecessor-version":[{"id":288,"href":"https:\/\/ent2d.ac-bordeaux.fr\/disciplines\/electrotechnique\/wp-json\/wp\/v2\/pages\/286\/revisions\/288"}],"up":[{"embeddable":true,"href":"https:\/\/ent2d.ac-bordeaux.fr\/disciplines\/electrotechnique\/wp-json\/wp\/v2\/pages\/70"}],"wp:attachment":[{"href":"https:\/\/ent2d.ac-bordeaux.fr\/disciplines\/electrotechnique\/wp-json\/wp\/v2\/media?parent=286"}],"curies":[{"name":"wp","href":"https:\/\/api.w.org\/{rel}","templated":true}]}}