{"id":281,"date":"2018-01-21T16:41:18","date_gmt":"2018-01-21T15:41:18","guid":{"rendered":"https:\/\/ent2d.ac-bordeaux.fr\/disciplines\/electrotechnique\/?page_id=281"},"modified":"2018-01-21T16:48:50","modified_gmt":"2018-01-21T15:48:50","slug":"ogeli","status":"publish","type":"page","link":"https:\/\/ent2d.ac-bordeaux.fr\/disciplines\/electrotechnique\/prevention-securite\/ogeli\/","title":{"rendered":"OGELI"},"content":{"rendered":"<div class=\"entry-content clearfix\">\n<h5><strong><a href=\"http:\/\/www.esst-inrs.fr\/gestion\/\">L\u2019outil de gestion OGELI <\/a><\/strong>vous permet le suivi de la validation des acquis et l\u2019impression des attestations, pour les modules de formations Sant\u00e9 et S\u00e9curit\u00e9 au Travail suivants : SST, PRAP, PRE, Travail en hauteur, CACES.<\/h5>\n<h5>La tra\u00e7abilit\u00e9 et l\u2019\u00e9dition d\u2019attestations de formations est d\u00e9sormais grandement facilit\u00e9 par cet outil national\u00a0 issu d\u2019un partenariat INRS \/ Education nationale. Il permet un suivi\u00a0 des formations tout au long du cursus de formation de l\u2019apprenant et bient\u00f4t lors de sa vie professionnelle.<\/h5>\n<p><a href=\"http:\/\/www.esst-inrs.fr\/gestion\/\" rel=\"attachment wp-att-282\"><img loading=\"lazy\" decoding=\"async\" class=\"aligncenter size-medium wp-image-282\" src=\"https:\/\/ent2d.ac-bordeaux.fr\/disciplines\/electrotechnique\/wp-content\/uploads\/sites\/20\/2018\/01\/OGELI-300x200.jpg\" alt=\"\" width=\"300\" height=\"200\" srcset=\"https:\/\/ent2d.ac-bordeaux.fr\/disciplines\/electrotechnique\/wp-content\/uploads\/sites\/20\/2018\/01\/OGELI-300x200.jpg 300w, https:\/\/ent2d.ac-bordeaux.fr\/disciplines\/electrotechnique\/wp-content\/uploads\/sites\/20\/2018\/01\/OGELI.jpg 690w\" sizes=\"auto, (max-width: 300px) 100vw, 300px\" \/><\/a><\/p>\n<\/div>\n","protected":false},"excerpt":{"rendered":"<p>L\u2019outil de gestion OGELI vous permet le suivi de la validation des acquis et l\u2019impression des attestations, pour les modules de formations Sant\u00e9 et S\u00e9curit\u00e9 au Travail suivants : SST, PRAP, PRE, Travail en hauteur, CACES. La tra\u00e7abilit\u00e9 et l\u2019\u00e9dition d\u2019attestations de formations est d\u00e9sormais grandement facilit\u00e9 par cet outil national\u00a0 issu d\u2019un partenariat INRS &hellip; <\/p>\n<p><a class=\"more-link block-button\" href=\"https:\/\/ent2d.ac-bordeaux.fr\/disciplines\/electrotechnique\/prevention-securite\/ogeli\/\">Lire la Suite &raquo;<\/a><\/p>\n","protected":false},"author":95,"featured_media":0,"parent":70,"menu_order":0,"comment_status":"closed","ping_status":"closed","template":"template-onecolumn.php","meta":{"footnotes":""},"class_list":["post-281","page","type-page","status-publish","hentry","nodate"],"_links":{"self":[{"href":"https:\/\/ent2d.ac-bordeaux.fr\/disciplines\/electrotechnique\/wp-json\/wp\/v2\/pages\/281","targetHints":{"allow":["GET"]}}],"collection":[{"href":"https:\/\/ent2d.ac-bordeaux.fr\/disciplines\/electrotechnique\/wp-json\/wp\/v2\/pages"}],"about":[{"href":"https:\/\/ent2d.ac-bordeaux.fr\/disciplines\/electrotechnique\/wp-json\/wp\/v2\/types\/page"}],"author":[{"embeddable":true,"href":"https:\/\/ent2d.ac-bordeaux.fr\/disciplines\/electrotechnique\/wp-json\/wp\/v2\/users\/95"}],"replies":[{"embeddable":true,"href":"https:\/\/ent2d.ac-bordeaux.fr\/disciplines\/electrotechnique\/wp-json\/wp\/v2\/comments?post=281"}],"version-history":[{"count":1,"href":"https:\/\/ent2d.ac-bordeaux.fr\/disciplines\/electrotechnique\/wp-json\/wp\/v2\/pages\/281\/revisions"}],"predecessor-version":[{"id":283,"href":"https:\/\/ent2d.ac-bordeaux.fr\/disciplines\/electrotechnique\/wp-json\/wp\/v2\/pages\/281\/revisions\/283"}],"up":[{"embeddable":true,"href":"https:\/\/ent2d.ac-bordeaux.fr\/disciplines\/electrotechnique\/wp-json\/wp\/v2\/pages\/70"}],"wp:attachment":[{"href":"https:\/\/ent2d.ac-bordeaux.fr\/disciplines\/electrotechnique\/wp-json\/wp\/v2\/media?parent=281"}],"curies":[{"name":"wp","href":"https:\/\/api.w.org\/{rel}","templated":true}]}}