{"id":279,"date":"2018-01-21T16:44:34","date_gmt":"2018-01-21T15:44:34","guid":{"rendered":"https:\/\/ent2d.ac-bordeaux.fr\/disciplines\/electrotechnique\/?page_id=279"},"modified":"2018-01-21T17:06:25","modified_gmt":"2018-01-21T16:06:25","slug":"les-travaux-en-hauteur","status":"publish","type":"page","link":"https:\/\/ent2d.ac-bordeaux.fr\/disciplines\/electrotechnique\/prevention-securite\/les-travaux-en-hauteur\/","title":{"rendered":"Les travaux en hauteur"},"content":{"rendered":"<div class=\"entry-content clearfix\">\n<h4>Nos \u00e9l\u00e8ves dans leurs activit\u00e9s peuvent \u00eatre amen\u00e9s \u00e0 effectuer des action relier \u00e0 cette habilitation. Cette habilitation n\u2019est pas une obligation d\u00e9finie par le r\u00e9f\u00e9rentiel de Bac pro MEI.<\/h4>\n<h4><span id=\"ctl00_cphContentLeft_ViewRubrique1_lblRubriqueContent\">Un centre est actuellement en capacit\u00e9 \u00e0 effectuer cette formation :<br \/>\n\u2013 <a href=\"http:\/\/webetab.ac-bordeaux.fr\/Etablissement\/LpChardeuilCoulaures\/#\">Lyc\u00e9e des m\u00e9tiers du b\u00e2timent Chardeuil \u2013 Coulaures<br \/>\n<\/a><br \/>\nLa recommandation propos\u00e9e par la CNAM est la suivante :<br \/>\n<a href=\"https:\/\/ent2d.ac-bordeaux.fr\/disciplines\/electrotechnique\/wp-content\/uploads\/sites\/20\/2018\/01\/r\u00e9glementation.zip\">\u2013 Recommandation R408 \u2013 Echaffaudage<\/a><\/span><\/h4>\n<\/div>\n","protected":false},"excerpt":{"rendered":"<p>Nos \u00e9l\u00e8ves dans leurs activit\u00e9s peuvent \u00eatre amen\u00e9s \u00e0 effectuer des action relier \u00e0 cette habilitation. Cette habilitation n\u2019est pas une obligation d\u00e9finie par le r\u00e9f\u00e9rentiel de Bac pro MEI. Un centre est actuellement en capacit\u00e9 \u00e0 effectuer cette formation : \u2013 Lyc\u00e9e des m\u00e9tiers du b\u00e2timent Chardeuil \u2013 Coulaures La recommandation propos\u00e9e par la &hellip; <\/p>\n<p><a class=\"more-link block-button\" href=\"https:\/\/ent2d.ac-bordeaux.fr\/disciplines\/electrotechnique\/prevention-securite\/les-travaux-en-hauteur\/\">Lire la Suite &raquo;<\/a><\/p>\n","protected":false},"author":95,"featured_media":0,"parent":70,"menu_order":0,"comment_status":"closed","ping_status":"closed","template":"template-onecolumn.php","meta":{"footnotes":""},"class_list":["post-279","page","type-page","status-publish","hentry","nodate"],"_links":{"self":[{"href":"https:\/\/ent2d.ac-bordeaux.fr\/disciplines\/electrotechnique\/wp-json\/wp\/v2\/pages\/279","targetHints":{"allow":["GET"]}}],"collection":[{"href":"https:\/\/ent2d.ac-bordeaux.fr\/disciplines\/electrotechnique\/wp-json\/wp\/v2\/pages"}],"about":[{"href":"https:\/\/ent2d.ac-bordeaux.fr\/disciplines\/electrotechnique\/wp-json\/wp\/v2\/types\/page"}],"author":[{"embeddable":true,"href":"https:\/\/ent2d.ac-bordeaux.fr\/disciplines\/electrotechnique\/wp-json\/wp\/v2\/users\/95"}],"replies":[{"embeddable":true,"href":"https:\/\/ent2d.ac-bordeaux.fr\/disciplines\/electrotechnique\/wp-json\/wp\/v2\/comments?post=279"}],"version-history":[{"count":3,"href":"https:\/\/ent2d.ac-bordeaux.fr\/disciplines\/electrotechnique\/wp-json\/wp\/v2\/pages\/279\/revisions"}],"predecessor-version":[{"id":302,"href":"https:\/\/ent2d.ac-bordeaux.fr\/disciplines\/electrotechnique\/wp-json\/wp\/v2\/pages\/279\/revisions\/302"}],"up":[{"embeddable":true,"href":"https:\/\/ent2d.ac-bordeaux.fr\/disciplines\/electrotechnique\/wp-json\/wp\/v2\/pages\/70"}],"wp:attachment":[{"href":"https:\/\/ent2d.ac-bordeaux.fr\/disciplines\/electrotechnique\/wp-json\/wp\/v2\/media?parent=279"}],"curies":[{"name":"wp","href":"https:\/\/api.w.org\/{rel}","templated":true}]}}